{"id":7114,"date":"2024-05-05T14:06:52","date_gmt":"2024-05-05T12:06:52","guid":{"rendered":"https:\/\/www.ofmer.com\/macchine-rebar\/"},"modified":"2024-07-24T16:01:07","modified_gmt":"2024-07-24T14:01:07","slug":"maquinas-rebar","status":"publish","type":"page","link":"https:\/\/www.ofmer.com\/es\/maquinas-rebar\/","title":{"rendered":"Empresa"},"content":{"rendered":"<section class=\"wpb-content-wrapper\"><p>[vc_row disable_background_image=\u00bb1024&#8243; enable_background_svg=\u00bbyes\u00bb animated_text_position=\u00bbright\u00bb disable_animated_text=\u00bb\u00bb animated_text=\u00bbracing\u00bb animated_text_color=\u00bb#101010&#8243; simple_background_color=\u00bb#000000&#8243; el_class=\u00bbmkdf-row-margin-top\u00bb css=\u00bb.vc_custom_1714982762415{padding-top: 100px !important;padding-bottom: 100px !important;}\u00bb][vc_column css=\u00bb.vc_custom_1716472692920{margin-bottom: -150px !important;border-bottom-width: -70px !important;padding-top: 0px !important;padding-bottom: 0px !important;}\u00bb][vc_row_inner row_content_width=\u00bbgrid\u00bb][vc_column_inner css=\u00bb.vc_custom_1567499344778{padding-top: 0px !important;padding-bottom: 0px !important;}\u00bb]<div class=\"mkdf-elements-holder   mkdf-two-columns  mkdf-responsive-mode-768 \" ><div class=\"mkdf-eh-item    \"  data-item-class=\"mkdf-eh-custom-7712\">\n\t<div class=\"mkdf-eh-item-inner\">\n\t\t<div class=\"mkdf-eh-item-content mkdf-eh-custom-7712\" >\n\t\t\t<div class=\"mkdf-section-title-holder    mkdf-has-appear-animation\" style=\"text-align: center\">\n\t<div class=\"mkdf-st-inner\">\n\t\t\t\t\t\t<h2 class=\"mkdf-st-title\" style=\"color: #ffffff\">\n\t\t\t\t\t\t\t\t\tMisi\u00f3n\t\t\t\t\t\t\t<\/h2>\n\t\t\t\t\t\t\t<\/div>\n<\/div>[vc_column_text]<\/p>\n<p style=\"text-align: center;\">Nuestra misi\u00f3n es dise\u00f1ar y fabricar m\u00e1quinas de rebar made in Italy con materiales y tecnolog\u00edas de vanguardia, adem\u00e1s de consolidar nuestra relaci\u00f3n comercial, de formaci\u00f3n y asistencia con m\u00e1s de 400 clientes en todo el mundo.<\/p>\n<p>[\/vc_column_text][vc_empty_space height=\u00bb50px\u00bb]\t\t<\/div>\n\t<\/div>\n<\/div><\/div>[\/vc_column_inner][\/vc_row_inner][vc_row_inner row_content_width=\u00bbgrid\u00bb][vc_column_inner css=\u00bb.vc_custom_1567499344778{padding-top: 0px !important;padding-bottom: 0px !important;}\u00bb]<div class=\"mkdf-elements-holder   mkdf-two-columns  mkdf-responsive-mode-768 \" ><div class=\"mkdf-eh-item    \"  data-item-class=\"mkdf-eh-custom-8126\">\n\t<div class=\"mkdf-eh-item-inner\">\n\t\t<div class=\"mkdf-eh-item-content mkdf-eh-custom-8126\" >\n\t\t\t<div class=\"mkdf-section-title-holder    mkdf-has-appear-animation\" style=\"text-align: center\">\n\t<div class=\"mkdf-st-inner\">\n\t\t\t\t\t\t<h2 class=\"mkdf-st-title\" style=\"color: #ffffff\">\n\t\t\t\t\t\t\t\t\tVisi\u00f3n\t\t\t\t\t\t\t<\/h2>\n\t\t\t\t\t\t\t<\/div>\n<\/div>[vc_column_text]<\/p>\n<p style=\"text-align: center;\">Nuestro objetivo a largo plazo es convertirnos en una referencia global en el sector de las m\u00e1quinas para cortar y doblar rebar, ofreciendo soluciones innovadoras y de alta calidad 100% made in Italy. A trav\u00e9s de la b\u00fasqueda continua de la excelencia, queremos transformar los desaf\u00edos en oportunidades y consolidar nuestra posici\u00f3n como l\u00edderes en el mercado, manteniendo siempre nuestros valores de fiabilidad, innovaci\u00f3n y atenci\u00f3n al cliente.<\/p>\n<p>[\/vc_column_text][vc_empty_space height=\u00bb50px\u00bb]\t\t<\/div>\n\t<\/div>\n<\/div><\/div>[\/vc_column_inner][\/vc_row_inner][vc_row_inner row_content_width=\u00bbgrid\u00bb][vc_column_inner css=\u00bb.vc_custom_1567499344778{padding-top: 0px !important;padding-bottom: 0px !important;}\u00bb]<div class=\"mkdf-elements-holder   mkdf-two-columns  mkdf-responsive-mode-768 \" ><div class=\"mkdf-eh-item    \"  data-item-class=\"mkdf-eh-custom-1814\">\n\t<div class=\"mkdf-eh-item-inner\">\n\t\t<div class=\"mkdf-eh-item-content mkdf-eh-custom-1814\" >\n\t\t\t<div class=\"mkdf-section-title-holder    mkdf-has-appear-animation\" style=\"text-align: center\">\n\t<div class=\"mkdf-st-inner\">\n\t\t\t\t\t\t<h2 class=\"mkdf-st-title\" style=\"color: #ffffff\">\n\t\t\t\t\t\t\t\t\tNuestra Filosof\u00eda\t\t\t\t\t\t\t<\/h2>\n\t\t\t\t\t\t\t<\/div>\n<\/div>[vc_column_text]<\/p>\n<p style=\"text-align: center;\">Somos conscientes de la importancia de mantener un flujo de trabajo constante en una obra, especialmente cuando est\u00e1n en juego los plazos establecidos por el cliente. Por eso, seleccionamos cuidadosamente a nuestros proveedores y colaboradores y realizamos una rigurosa evaluaci\u00f3n directa de cada componente y de todo el proceso de producci\u00f3n, desde la materia prima hasta el producto terminado, para garantizar un producto de alto rendimiento y eficiencia.<\/p>\n<p style=\"text-align: center;\">Esta atenci\u00f3n al detalle y nuestra constante b\u00fasqueda de soluciones innovadoras nos han permitido establecernos como l\u00edderes del sector a nivel internacional.<\/p>\n<p>[\/vc_column_text]\t\t<\/div>\n\t<\/div>\n<\/div><\/div>[\/vc_column_inner][\/vc_row_inner][\/vc_column][\/vc_row][vc_row disable_background_image=\u00bb1024&#8243; enable_background_svg=\u00bbyes\u00bb animated_text_position=\u00bbright\u00bb disable_animated_text=\u00bb\u00bb animated_text=\u00bbracing\u00bb animated_text_color=\u00bb#101010&#8243; simple_background_color=\u00bb#000000&#8243; el_class=\u00bbmkdf-row-margin-top\u00bb animated_text_overlay_image=\u00bb2357&#8243; background_svg=\u00bbJTNDZGl2JTIwY2xhc3MlM0QlMjJta2RmLWFuaW1hdGVkLWJhY2tncm91bmQtc3ZnJTIyJTNFJTNDc3ZnJTIweG1sbnMlM0QlMjJodHRwJTNBJTJGJTJGd3d3LnczLm9yZyUyRjIwMDAlMkZzdmclMjIlMjB4bWxucyUzQXhsaW5rJTNEJTIyaHR0cCUzQSUyRiUyRnd3dy53My5vcmclMkYxOTk5JTJGeGxpbmslMjIlMjB4JTNEJTIyMHB4JTIyJTIweSUzRCUyMjBweCUyMiUyMHZpZXdCb3glM0QlMjIwJTIwMCUyMDE5MjAlMjA3MDAlMjIlMjBlbmFibGUtYmFja2dyb3VuZCUzRCUyMm5ldyUyMDAlMjAwJTIwMTkyMCUyMDcwMCUyMiUyMHhtbCUzQXNwYWNlJTNEJTIycHJlc2VydmUlMjIlM0UlMEElM0NwYXRoJTIwc3R5bGUlM0QlMjJmaWxsJTNBbm9uZSUzQnN0cm9rZSUzQXJlZCUzQnN0cm9rZS1taXRlcmxpbWl0JTNBMTAlMjIlMjBkJTNEJTIyTTAlMkMyNTcuNzhjMjMuMjYlMkMwLjYzJTJDNDcuMzYlMkMyLjIzJTJDNzIuNiUyQzQuOGM0My41MSUyQzQuNDglMkM4NC4yNCUyQzExLjE2JTJDMTIxLjA3JTJDMTkuODQlMEElMDljNDEuNTYlMkM5LjglMkM3OS45MiUyQzIyLjU2JTJDMTE0LjAyJTJDMzcuOTNjMTguNCUyQzguMjQlMkMzNi4zOCUyQzE3LjUzJTJDNTQuOTklMkMyOC4zOGM2OS40NiUyQzQwLjUzJTJDMTI4LjA1JTJDOTMuMjglMkMxODQuNzElMkMxNDQuMyUwQSUwOWM0OS40NyUyQzQ0LjU0JTJDMTAwLjYzJTJDOTAuNiUyQzE1OC42NSUyQzEyOC4xMmM0My4zMyUyQzI4LjAyJTJDODUuNTIlMkM0Ni42NSUyQzEyNS40MSUyQzU1LjM5YzI0LjkxJTJDNS40NiUyQzQ5LjE5JTJDNy4xNCUyQzcyLjE3JTJDNSUwQSUwOWM4NC45LTguMDUlMkMxNTMuNjgtNjYuODIlMkMyMDguOTQtMTE0LjA1Yzc2LjcxLTY1LjM3JTJDMTUyLjg5LTEyNi42OCUyQzIyNi40LTE4Mi4yM2M0OS0zNi45OCUyQzk3LjE2LTcyLjMzJTJDMTQzLjc0LTEwNi41MmwwLjA5LTAuMDYlMEElMDljMTguNjMtMTMuNjclMkMzNy44OS0yNy44MSUyQzU2Ljg1LTQxLjc5YzE4Ljg5LTEzLjkzJTJDNDEuNS0yOS40NSUyQzY2LjA1LTM4Ljg5YzEzLTUlMkMyNS43NC03Ljk1JTJDMzcuODctOC43NyUwQSUwOWMxMy43My0wLjkzJTJDMjcuMjIlMkMwLjgzJTJDNDAuMTElMkM1LjIyYzI2LjklMkM5LjE1JTJDNDcuODMlMkMyOC4wNyUyQzYzLjk5JTJDNTcuODRjMTQuMiUyQzI2LjE2JTJDMjIuMzMlMkM1Ni4yNSUyQzI4LjgzJTJDODIuMzklMEElMDljMzAuNzUlMkMxMjQuNiUyQzc0LjUlMkMyMTcuMDQlMkMxMzcuNjclMkMyOTAuOTFjMS45MiUyQzIuMjQlMkMzLjg2JTJDNC40NyUyQzUuODQlMkM2LjY5JTIyJTJGJTNFJTBBJTNDJTJGc3ZnJTNFJTNDJTJGZGl2JTNF\u00bb][vc_column css=\u00bb.vc_custom_1719499710860{margin-top: 0px !important;margin-bottom: 0px !important;border-top-width: 0px !important;border-bottom-width: 0px !important;padding-top: 0px !important;padding-bottom: 0px !important;}\u00bb][vc_row_inner row_content_width=\u00bbgrid\u00bb][vc_column_inner css=\u00bb.vc_custom_1567499344778{padding-top: 0px !important;padding-bottom: 0px !important;}\u00bb]<div class=\"mkdf-elements-holder   mkdf-one-column  mkdf-responsive-mode-768 \" ><div class=\"mkdf-eh-item    \"  data-item-class=\"mkdf-eh-custom-3738\" data-1400-1600=\"195px 0 238px\" data-1025-1399=\"183px 0 227px\" data-769-1024=\"160px 0 150px\" data-681-768=\"144px 0 150px\" data-680=\"105px 0 150px\">\n\t<div class=\"mkdf-eh-item-inner\">\n\t\t<div class=\"mkdf-eh-item-content mkdf-eh-custom-3738\" style=\"padding: 195px 0 238px\">\n\t\t\t<div class=\"mkdf-item-showcase-specific-holder  mkdf-iss-text-left mkdf-light-skin mkdf-has-appear-animation\">\n\t<div class=\"mkdf-iss-content\">\n\t\t<div class=\"mkdf-iss-info-section\">\n\t\t\t\t\t\t\t\t\t\t<h2 class=\"mkdf-iss-title\" style=\"color: #ffffff\">\n\t\t\t\t\tNuestra Planta\t\t\t\t<\/h2>\n\t\t\t\t\t\t\t\t\t\t<p class=\"mkdf-is-text\" style=\"color: #b2b2b2\">En 2008 trasladamos nuestras operaciones a un complejo moderno ubicado en la zona industrial de Trezzo sull\u2019Adda. Nuestro departamento de producci\u00f3n se extiende sobre una superficie de 2000 metros cuadrados, donde el equipo y los materiales est\u00e1n dispuestos de manera eficiente para optimizar los tiempos de producci\u00f3n. La disposici\u00f3n \u201ccircular\u201d del equipo y los materiales crea una l\u00ednea de montaje fluida: desde el almacenamiento de la materia prima hasta el montaje, la pintura, la instalaci\u00f3n de las piezas el\u00e9ctricas, las pruebas finales y la preparaci\u00f3n para el env\u00edo. Adem\u00e1s, con m\u00e1quinas de control num\u00e9rico, producimos internamente la mayor\u00eda de los componentes y accesorios, permitiendo modificaciones a los modelos est\u00e1ndar y la creaci\u00f3n de equipos personalizados seg\u00fan las necesidades espec\u00edficas de los clientes.<\/p>\n\t\t\t\t\t\t\t\t\t\t<\/div>\n\t\t<div class=\"mkdf-iss-media-section\">\n\t\t\t<div class=\"mkdf-iss-al-and-si-holder\">\n\t\t\t\t<div class=\"mkdf-iss-additional-link-holder\">\n\t\t\t\t\t\t\t\t\t<\/div>\n\t\t\t\t<div class=\"mkdf-iss-second-image-holder\">\n\t\t\t\t\t\t\t\t\t<\/div>\n\t\t\t<\/div>\n\t\t\t<div class=\"mkdf-iss-main-image-holder\">\n\t\t\t\t<img loading=\"lazy\" decoding=\"async\" width=\"1000\" height=\"677\" src=\"https:\/\/www.ofmer.com\/wp-content\/uploads\/2024\/05\/OFMER_AZIENDA-00.png\" class=\"attachment-full size-full\" alt=\"\" style=\"transform: scale(1.4)\" srcset=\"https:\/\/www.ofmer.com\/wp-content\/uploads\/2024\/05\/OFMER_AZIENDA-00.png 1000w, https:\/\/www.ofmer.com\/wp-content\/uploads\/2024\/05\/OFMER_AZIENDA-00-300x203.png 300w, https:\/\/www.ofmer.com\/wp-content\/uploads\/2024\/05\/OFMER_AZIENDA-00-768x520.png 768w, https:\/\/www.ofmer.com\/wp-content\/uploads\/2024\/05\/OFMER_AZIENDA-00-600x406.png 600w\" sizes=\"auto, (max-width: 1000px) 100vw, 1000px\" \/>\t\t\t<\/div>\n\t\t\t<div class=\"mkdf-iss-icon-holder\">\n\t\t\t\t\t\t\t<\/div>\n\t\t<\/div>\n\t<\/div>\n<\/div>\t\t<\/div>\n\t<\/div>\n<\/div><\/div>[\/vc_column_inner][\/vc_row_inner][vc_row_inner row_content_width=\u00bbgrid\u00bb][vc_column_inner css=\u00bb.vc_custom_1716472744341{margin-top: -150px !important;margin-bottom: -50px !important;border-top-width: -50px !important;border-bottom-width: -70px !important;padding-top: 0px !important;padding-bottom: 0px !important;}\u00bb]<div class=\"mkdf-elements-holder   mkdf-one-column  mkdf-responsive-mode-768 \" ><div class=\"mkdf-eh-item   mkdf-horizontal-alignment-right \"  data-item-class=\"mkdf-eh-custom-4661\" data-1400-1600=\"195px 0 238px\" data-1025-1399=\"183px 0 227px\" data-769-1024=\"160px 0 150px\" data-681-768=\"144px 0 150px\" data-680=\"105px 0 150px\">\n\t<div class=\"mkdf-eh-item-inner\">\n\t\t<div class=\"mkdf-eh-item-content mkdf-eh-custom-4661\" style=\"padding: 195px 0 238px\">\n\t\t\t<div class=\"mkdf-item-showcase-specific-holder  mkdf-iss-text-right mkdf-light-skin mkdf-has-appear-animation\">\n\t<div class=\"mkdf-iss-content\">\n\t\t<div class=\"mkdf-iss-info-section\">\n\t\t\t\t\t\t\t\t\t\t<h2 class=\"mkdf-iss-title\" style=\"color: #ffffff\">\n\t\t\t\t\tGarant\u00eda de 24 Meses Extensible\t\t\t\t<\/h2>\n\t\t\t\t\t\t\t\t\t\t<p class=\"mkdf-is-text\" style=\"color: #b2b2b2\">Todas nuestras m\u00e1quinas vienen con una garant\u00eda est\u00e1ndar de 1 a\u00f1o, que puede extenderse por 12 meses adicionales al unirse al programa de fidelidad Ofmer Owner Club. Como nuevo miembro, tambi\u00e9n recibir\u00e1s un kit gratuito de repuestos originales Ofmer, pensado para el mantenimiento rutinario y extraordinario de tu m\u00e1quina.<\/p>\n\t\t\t\t\t\t\t\t\t\t<\/div>\n\t\t<div class=\"mkdf-iss-media-section\">\n\t\t\t<div class=\"mkdf-iss-al-and-si-holder\">\n\t\t\t\t<div class=\"mkdf-iss-additional-link-holder\">\n\t\t\t\t\t\t\t\t\t<\/div>\n\t\t\t\t<div class=\"mkdf-iss-second-image-holder\">\n\t\t\t\t\t\t\t\t\t<\/div>\n\t\t\t<\/div>\n\t\t\t<div class=\"mkdf-iss-main-image-holder\">\n\t\t\t\t<img loading=\"lazy\" decoding=\"async\" width=\"1000\" height=\"677\" src=\"https:\/\/www.ofmer.com\/wp-content\/uploads\/2024\/05\/OOC.png\" class=\"attachment-full size-full\" alt=\"\" style=\"transform: scale(1.4)\" srcset=\"https:\/\/www.ofmer.com\/wp-content\/uploads\/2024\/05\/OOC.png 1000w, https:\/\/www.ofmer.com\/wp-content\/uploads\/2024\/05\/OOC-300x203.png 300w, https:\/\/www.ofmer.com\/wp-content\/uploads\/2024\/05\/OOC-768x520.png 768w, https:\/\/www.ofmer.com\/wp-content\/uploads\/2024\/05\/OOC-600x406.png 600w\" sizes=\"auto, (max-width: 1000px) 100vw, 1000px\" \/>\t\t\t<\/div>\n\t\t\t<div class=\"mkdf-iss-icon-holder\">\n\t\t\t\t\t\t\t<\/div>\n\t\t<\/div>\n\t<\/div>\n<\/div>\t\t<\/div>\n\t<\/div>\n<\/div><\/div>[\/vc_column_inner][\/vc_row_inner][vc_row_inner row_content_width=\u00bbgrid\u00bb][vc_column_inner css=\u00bb.vc_custom_1567499344778{padding-top: 0px !important;padding-bottom: 0px !important;}\u00bb]<div class=\"mkdf-elements-holder   mkdf-two-columns  mkdf-responsive-mode-768 \" ><div class=\"mkdf-eh-item    \"  data-item-class=\"mkdf-eh-custom-9485\">\n\t<div class=\"mkdf-eh-item-inner\">\n\t\t<div class=\"mkdf-eh-item-content mkdf-eh-custom-9485\" >\n\t\t\t<div class=\"mkdf-section-title-holder    mkdf-has-appear-animation\" style=\"text-align: center\">\n\t<div class=\"mkdf-st-inner\">\n\t\t\t\t\t\t<h2 class=\"mkdf-st-title\" style=\"color: #ffffff\">\n\t\t\t\t\t\t\t\t\tCertificaciones\t\t\t\t\t\t\t<\/h2>\n\t\t\t\t\t\t\t<\/div>\n<\/div>[vc_column_text]<\/p>\n<p style=\"text-align: center;\">Durante m\u00e1s de 40 a\u00f1os, hemos llevado nuestra experiencia en la producci\u00f3n de m\u00e1quinas para cortar y doblar rebar por todo el mundo. Comprar una m\u00e1quina Ofmer significa comprar calidad, durabilidad y eficiencia. Esto se demuestra con las certificaciones internacionales de nuestras m\u00e1quinas 100% made in Italy, que garantizan su fiabilidad.<\/p>\n<p>[\/vc_column_text][vc_empty_space height=\u00bb40px\u00bb]\t\t<\/div>\n\t<\/div>\n<\/div><\/div>[\/vc_column_inner][\/vc_row_inner][\/vc_column][\/vc_row][vc_row row_content_width=\u00bbgrid\u00bb disable_background_image=\u00bb\u00bb simple_background_color=\u00bb#ed1d24&#8243; css=\u00bb.vc_custom_1719499775301{margin-top: 40px !important;}\u00bb][vc_column css=\u00bb.vc_custom_1569240665386{padding-top: 100px !important;padding-right: 0px !important;padding-bottom: 100px !important;padding-left: 0px !important;}\u00bb]<div class=\"mkdf-clients-grid-holder mkdf-grid-list mkdf-disable-bottom-space mkdf-five-columns mkdf-small-space  mkdf-cc-hover-roll-over\">\n\t<div class=\"mkdf-cg-inner mkdf-outer-space\">\n\t\t<div class=\"mkdf-cc-item mkdf-item-space mkdf-cci-has-link\">\n\t\t\t<a itemprop=\"url\" class=\"mkdf-cc-link mkdf-block-drag-link\" href=\"#\" target=\"_self\">\n\t\t\t\t\t\t<img decoding=\"async\" itemprop=\"image\" class=\"mkdf-cc-image\" src=\"https:\/\/www.ofmer.com\/wp-content\/uploads\/2024\/05\/OFMER_CERTIFICAZIONI_01-1.png\" alt=\"\" \/>\n\t\t\t\t\t\t\t<img decoding=\"async\" itemprop=\"image\" class=\"mkdf-cc-hover-image\" src=\"https:\/\/www.ofmer.com\/wp-content\/uploads\/2024\/05\/OFMER_CERTIFICAZIONI_01-1.png\" alt=\"\" \/>\n\t\t\t\t\t<\/a>\n\t<\/div><div class=\"mkdf-cc-item mkdf-item-space mkdf-cci-has-link\">\n\t\t\t<a itemprop=\"url\" class=\"mkdf-cc-link mkdf-block-drag-link\" href=\"#\" target=\"_self\">\n\t\t\t\t\t\t<img decoding=\"async\" itemprop=\"image\" class=\"mkdf-cc-image\" src=\"https:\/\/www.ofmer.com\/wp-content\/uploads\/2024\/05\/OFMER_CERTIFICAZIONI_02-1.png\" alt=\"\" \/>\n\t\t\t\t\t\t\t<img decoding=\"async\" itemprop=\"image\" class=\"mkdf-cc-hover-image\" src=\"https:\/\/www.ofmer.com\/wp-content\/uploads\/2024\/05\/OFMER_CERTIFICAZIONI_02-1.png\" alt=\"\" \/>\n\t\t\t\t\t<\/a>\n\t<\/div><div class=\"mkdf-cc-item mkdf-item-space mkdf-cci-has-link\">\n\t\t\t<a itemprop=\"url\" class=\"mkdf-cc-link mkdf-block-drag-link\" href=\"#\" target=\"_self\">\n\t\t\t\t\t\t<img decoding=\"async\" itemprop=\"image\" class=\"mkdf-cc-image\" src=\"https:\/\/www.ofmer.com\/wp-content\/uploads\/2024\/05\/OFMER_CERTIFICAZIONI_05.png\" alt=\"\" \/>\n\t\t\t\t\t\t\t<img decoding=\"async\" itemprop=\"image\" class=\"mkdf-cc-hover-image\" src=\"https:\/\/www.ofmer.com\/wp-content\/uploads\/2024\/05\/OFMER_CERTIFICAZIONI_05.png\" alt=\"\" \/>\n\t\t\t\t\t<\/a>\n\t<\/div><div class=\"mkdf-cc-item mkdf-item-space mkdf-cci-has-link\">\n\t\t\t<a itemprop=\"url\" class=\"mkdf-cc-link mkdf-block-drag-link\" href=\"#\" target=\"_self\">\n\t\t\t\t\t\t<img decoding=\"async\" itemprop=\"image\" class=\"mkdf-cc-image\" src=\"https:\/\/www.ofmer.com\/wp-content\/uploads\/2024\/05\/OFMER_CERTIFICAZIONI_04-1.png\" alt=\"\" \/>\n\t\t\t\t\t\t\t<img decoding=\"async\" itemprop=\"image\" class=\"mkdf-cc-hover-image\" src=\"https:\/\/www.ofmer.com\/wp-content\/uploads\/2024\/05\/OFMER_CERTIFICAZIONI_04-1.png\" alt=\"\" \/>\n\t\t\t\t\t<\/a>\n\t<\/div><div class=\"mkdf-cc-item mkdf-item-space mkdf-cci-has-link\">\n\t\t\t<a itemprop=\"url\" class=\"mkdf-cc-link mkdf-block-drag-link\" href=\"#\" target=\"_self\">\n\t\t\t\t\t\t<img decoding=\"async\" itemprop=\"image\" class=\"mkdf-cc-image\" src=\"https:\/\/www.ofmer.com\/wp-content\/uploads\/2024\/05\/OFMER_CERTIFICAZIONI_03-1.png\" alt=\"\" \/>\n\t\t\t\t\t\t\t<img decoding=\"async\" itemprop=\"image\" class=\"mkdf-cc-hover-image\" src=\"https:\/\/www.ofmer.com\/wp-content\/uploads\/2024\/05\/OFMER_CERTIFICAZIONI_03-1.png\" alt=\"\" \/>\n\t\t\t\t\t<\/a>\n\t<\/div><div class=\"mkdf-cc-item mkdf-item-space mkdf-cci-has-link\">\n\t\t\t<a itemprop=\"url\" class=\"mkdf-cc-link mkdf-block-drag-link\" href=\"#\" target=\"_self\">\n\t\t\t\t\t\t<img decoding=\"async\" itemprop=\"image\" class=\"mkdf-cc-image\" src=\"https:\/\/www.ofmer.com\/wp-content\/uploads\/2024\/05\/OFMER_CERTIFICAZIONI_07-1.png\" alt=\"\" \/>\n\t\t\t\t\t\t\t<img decoding=\"async\" itemprop=\"image\" class=\"mkdf-cc-hover-image\" src=\"https:\/\/www.ofmer.com\/wp-content\/uploads\/2024\/05\/OFMER_CERTIFICAZIONI_07-1.png\" alt=\"\" \/>\n\t\t\t\t\t<\/a>\n\t<\/div><div class=\"mkdf-cc-item mkdf-item-space mkdf-cci-has-link\">\n\t\t\t<a itemprop=\"url\" class=\"mkdf-cc-link mkdf-block-drag-link\" href=\"#\" target=\"_self\">\n\t\t\t\t\t\t<img decoding=\"async\" itemprop=\"image\" class=\"mkdf-cc-image\" src=\"https:\/\/www.ofmer.com\/wp-content\/uploads\/2024\/05\/OFMER_CERTIFICAZIONI_06-1.png\" alt=\"\" \/>\n\t\t\t\t\t\t\t<img decoding=\"async\" itemprop=\"image\" class=\"mkdf-cc-hover-image\" src=\"https:\/\/www.ofmer.com\/wp-content\/uploads\/2024\/05\/OFMER_CERTIFICAZIONI_06-1.png\" alt=\"\" \/>\n\t\t\t\t\t<\/a>\n\t<\/div>\t<\/div>\n<\/div>[\/vc_column][\/vc_row][vc_row disable_background_image=\u00bb1024&#8243; enable_background_svg=\u00bbyes\u00bb animated_text_position=\u00bbright\u00bb disable_animated_text=\u00bb\u00bb animated_text=\u00bbracing\u00bb animated_text_color=\u00bb#101010&#8243; simple_background_color=\u00bb#000000&#8243; el_class=\u00bbmkdf-row-margin-top\u00bb css=\u00bb.vc_custom_1714982762415{padding-top: 100px !important;padding-bottom: 100px !important;}\u00bb][vc_column css=\u00bb.vc_custom_1568717806229{padding-top: 0px !important;padding-bottom: 0px !important;}\u00bb][vc_row_inner row_content_width=\u00bbgrid\u00bb][vc_column_inner css=\u00bb.vc_custom_1567499344778{padding-top: 0px !important;padding-bottom: 0px !important;}\u00bb]<div class=\"mkdf-elements-holder   mkdf-two-columns  mkdf-responsive-mode-768 \" ><div class=\"mkdf-eh-item    \"  data-item-class=\"mkdf-eh-custom-8651\">\n\t<div class=\"mkdf-eh-item-inner\">\n\t\t<div class=\"mkdf-eh-item-content mkdf-eh-custom-8651\" style=\"padding: 30px\">\n\t\t\t[vc_gmaps link=\u00bb#E-8_aHR0cHMlM0ElMkYlMkZ3d3cuZ29vZ2xlLmNvbSUyRm1hcHMlM0ZsbCUzRDQ1LjU5MzA3NSUyQzkuNTEyMzg2JTI2eiUzRDE1JTI2dCUzRG0lMjZobCUzRGl0LUlUJTI2Z2wlM0RVUyUyNm1hcGNsaWVudCUzRGVtYmVkJTI2Y2lkJTNENzQ5MTQ0NTcwOTIzMjM4NTI3OQ==\u00bb size=\u00bb600px\u00bb][vc_empty_space css=\u00bb.vc_custom_1717060418594{margin-right: 30px !important;}\u00bb]\t\t<\/div>\n\t<\/div>\n<\/div><div class=\"mkdf-eh-item    \"  data-item-class=\"mkdf-eh-custom-7000\">\n\t<div class=\"mkdf-eh-item-inner\">\n\t\t<div class=\"mkdf-eh-item-content mkdf-eh-custom-7000\" >\n\t\t\t<div class=\"mkdf-section-title-holder    mkdf-has-appear-animation\" style=\"text-align: left\">\n\t<div class=\"mkdf-st-inner\">\n\t\t\t\t\t\t<h2 class=\"mkdf-st-title\" style=\"color: #ffffff\">\n\t\t\t\t\t\t\t\t\tVis\u00edtenos\t\t\t\t\t\t\t<\/h2>\n\t\t\t\t\t\t\t<\/div>\n<\/div>[vc_column_text]Estamos orgullosos de nuestras instalaciones de producci\u00f3n y le invitamos a que nos visite y descubra la calidad y fiabilidad de nuestras m\u00e1quinas. Nuestro personal estar\u00e1 encantado de recibirle y mostrarle nuestra empresa y nuestros productos.[\/vc_column_text]\t\t<\/div>\n\t<\/div>\n<\/div><\/div>[\/vc_column_inner][\/vc_row_inner][\/vc_column][\/vc_row][vc_row content_placement=\u00bbmiddle\u00bb disable_background_image=\u00bb\u00bb][vc_column][vc_empty_space height=\u00bb70px\u00bb][\/vc_column][\/vc_row]<\/p>\n<\/section>","protected":false},"excerpt":{"rendered":"<p>[vc_row disable_background_image=\u00bb1024&#8243; enable_background_svg=\u00bbyes\u00bb animated_text_position=\u00bbright\u00bb disable_animated_text=\u00bb\u00bb animated_text=\u00bbracing\u00bb animated_text_color=\u00bb#101010&#8243; simple_background_color=\u00bb#000000&#8243; el_class=\u00bbmkdf-row-margin-top\u00bb css=\u00bb.vc_custom_1714982762415{padding-top: 100px !important;padding-bottom: 100px !important;}\u00bb][vc_column css=\u00bb.vc_custom_1716472692920{margin-bottom: -150px !important;border-bottom-width: -70px !important;padding-top: 0px !important;padding-bottom: 0px !important;}\u00bb][vc_row_inner row_content_width=\u00bbgrid\u00bb][vc_column_inner css=\u00bb.vc_custom_1567499344778{padding-top: 0px !important;padding-bottom: 0px !important;}\u00bb][\/vc_column_inner][\/vc_row_inner][vc_row_inner row_content_width=\u00bbgrid\u00bb][vc_column_inner css=\u00bb.vc_custom_1567499344778{padding-top: 0px !important;padding-bottom: 0px !important;}\u00bb][\/vc_column_inner][\/vc_row_inner][vc_row_inner row_content_width=\u00bbgrid\u00bb][vc_column_inner css=\u00bb.vc_custom_1567499344778{padding-top: 0px !important;padding-bottom: 0px !important;}\u00bb][\/vc_column_inner][\/vc_row_inner][\/vc_column][\/vc_row][vc_row disable_background_image=\u00bb1024&#8243; enable_background_svg=\u00bbyes\u00bb animated_text_position=\u00bbright\u00bb disable_animated_text=\u00bb\u00bb animated_text=\u00bbracing\u00bb animated_text_color=\u00bb#101010&#8243; simple_background_color=\u00bb#000000&#8243; el_class=\u00bbmkdf-row-margin-top\u00bb animated_text_overlay_image=\u00bb2357&#8243; background_svg=\u00bbJTNDZGl2JTIwY2xhc3MlM0QlMjJta2RmLWFuaW1hdGVkLWJhY2tncm91bmQtc3ZnJTIyJTNFJTNDc3ZnJTIweG1sbnMlM0QlMjJodHRwJTNBJTJGJTJGd3d3LnczLm9yZyUyRjIwMDAlMkZzdmclMjIlMjB4bWxucyUzQXhsaW5rJTNEJTIyaHR0cCUzQSUyRiUyRnd3dy53My5vcmclMkYxOTk5JTJGeGxpbmslMjIlMjB4JTNEJTIyMHB4JTIyJTIweSUzRCUyMjBweCUyMiUyMHZpZXdCb3glM0QlMjIwJTIwMCUyMDE5MjAlMjA3MDAlMjIlMjBlbmFibGUtYmFja2dyb3VuZCUzRCUyMm5ldyUyMDAlMjAwJTIwMTkyMCUyMDcwMCUyMiUyMHhtbCUzQXNwYWNlJTNEJTIycHJlc2VydmUlMjIlM0UlMEElM0NwYXRoJTIwc3R5bGUlM0QlMjJmaWxsJTNBbm9uZSUzQnN0cm9rZSUzQXJlZCUzQnN0cm9rZS1taXRlcmxpbWl0JTNBMTAlMjIlMjBkJTNEJTIyTTAlMkMyNTcuNzhjMjMuMjYlMkMwLjYzJTJDNDcuMzYlMkMyLjIzJTJDNzIuNiUyQzQuOGM0My41MSUyQzQuNDglMkM4NC4yNCUyQzExLjE2JTJDMTIxLjA3JTJDMTkuODQlMEElMDljNDEuNTYlMkM5LjglMkM3OS45MiUyQzIyLjU2JTJDMTE0LjAyJTJDMzcuOTNjMTguNCUyQzguMjQlMkMzNi4zOCUyQzE3LjUzJTJDNTQuOTklMkMyOC4zOGM2OS40NiUyQzQwLjUzJTJDMTI4LjA1JTJDOTMuMjglMkMxODQuNzElMkMxNDQuMyUwQSUwOWM0OS40NyUyQzQ0LjU0JTJDMTAwLjYzJTJDOTAuNiUyQzE1OC42NSUyQzEyOC4xMmM0My4zMyUyQzI4LjAyJTJDODUuNTIlMkM0Ni42NSUyQzEyNS40MSUyQzU1LjM5YzI0LjkxJTJDNS40NiUyQzQ5LjE5JTJDNy4xNCUyQzcyLjE3JTJDNSUwQSUwOWM4NC45LTguMDUlMkMxNTMuNjgtNjYuODIlMkMyMDguOTQtMTE0LjA1Yzc2LjcxLTY1LjM3JTJDMTUyLjg5LTEyNi42OCUyQzIyNi40LTE4Mi4yM2M0OS0zNi45OCUyQzk3LjE2LTcyLjMzJTJDMTQzLjc0LTEwNi41MmwwLjA5LTAuMDYlMEElMDljMTguNjMtMTMuNjclMkMzNy44OS0yNy44MSUyQzU2Ljg1LTQxLjc5YzE4Ljg5LTEzLjkzJTJDNDEuNS0yOS40NSUyQzY2LjA1LTM4Ljg5YzEzLTUlMkMyNS43NC03Ljk1JTJDMzcuODctOC43NyUwQSUwOWMxMy43My0wLjkzJTJDMjcuMjIlMkMwLjgzJTJDNDAuMTElMkM1LjIyYzI2LjklMkM5LjE1JTJDNDcuODMlMkMyOC4wNyUyQzYzLjk5JTJDNTcuODRjMTQuMiUyQzI2LjE2JTJDMjIuMzMlMkM1Ni4yNSUyQzI4LjgzJTJDODIuMzklMEElMDljMzAuNzUlMkMxMjQuNiUyQzc0LjUlMkMyMTcuMDQlMkMxMzcuNjclMkMyOTAuOTFjMS45MiUyQzIuMjQlMkMzLjg2JTJDNC40NyUyQzUuODQlMkM2LjY5JTIyJTJGJTNFJTBBJTNDJTJGc3ZnJTNFJTNDJTJGZGl2JTNF\u00bb][vc_column [&hellip;]<\/p>\n","protected":false},"author":4,"featured_media":0,"parent":0,"menu_order":0,"comment_status":"closed","ping_status":"closed","template":"full-width.php","meta":{"om_disable_all_campaigns":false,"_monsterinsights_skip_tracking":false,"_monsterinsights_sitenote_active":false,"_monsterinsights_sitenote_note":"","_monsterinsights_sitenote_category":0,"_uf_show_specific_survey":0,"_uf_disable_surveys":false,"footnotes":""},"class_list":["post-7114","page","type-page","status-publish","hentry"],"aioseo_notices":[],"_links":{"self":[{"href":"https:\/\/www.ofmer.com\/es\/wp-json\/wp\/v2\/pages\/7114","targetHints":{"allow":["GET"]}}],"collection":[{"href":"https:\/\/www.ofmer.com\/es\/wp-json\/wp\/v2\/pages"}],"about":[{"href":"https:\/\/www.ofmer.com\/es\/wp-json\/wp\/v2\/types\/page"}],"author":[{"embeddable":true,"href":"https:\/\/www.ofmer.com\/es\/wp-json\/wp\/v2\/users\/4"}],"replies":[{"embeddable":true,"href":"https:\/\/www.ofmer.com\/es\/wp-json\/wp\/v2\/comments?post=7114"}],"version-history":[{"count":5,"href":"https:\/\/www.ofmer.com\/es\/wp-json\/wp\/v2\/pages\/7114\/revisions"}],"predecessor-version":[{"id":7590,"href":"https:\/\/www.ofmer.com\/es\/wp-json\/wp\/v2\/pages\/7114\/revisions\/7590"}],"wp:attachment":[{"href":"https:\/\/www.ofmer.com\/es\/wp-json\/wp\/v2\/media?parent=7114"}],"curies":[{"name":"wp","href":"https:\/\/api.w.org\/{rel}","templated":true}]}}