{"id":7138,"date":"2024-05-05T15:24:00","date_gmt":"2024-05-05T13:24:00","guid":{"rendered":"https:\/\/www.ofmer.com\/macchine-per-taglio-e-piega-del-tondino\/"},"modified":"2024-07-24T17:11:28","modified_gmt":"2024-07-24T15:11:28","slug":"maquinas-de-corte-y-doblado","status":"publish","type":"page","link":"https:\/\/www.ofmer.com\/es\/maquinas-de-corte-y-doblado\/","title":{"rendered":"Historia"},"content":{"rendered":"<section class=\"wpb-content-wrapper\"><p>[vc_row disable_background_image=\u00bb1024&#8243; enable_background_svg=\u00bbyes\u00bb animated_text_position=\u00bbright\u00bb disable_animated_text=\u00bb\u00bb animated_text=\u00bbracing\u00bb animated_text_color=\u00bb#101010&#8243; simple_background_color=\u00bb#000000&#8243; el_class=\u00bbmkdf-row-margin-top\u00bb css=\u00bb.vc_custom_1714982762415{padding-top: 100px !important;padding-bottom: 100px !important;}\u00bb][vc_column css=\u00bb.vc_custom_1568717806229{padding-top: 0px !important;padding-bottom: 0px !important;}\u00bb][vc_row_inner row_content_width=\u00bbgrid\u00bb][vc_column_inner css=\u00bb.vc_custom_1567499344778{padding-top: 0px !important;padding-bottom: 0px !important;}\u00bb]<div class=\"mkdf-elements-holder   mkdf-one-column  mkdf-responsive-mode-768 \" ><div class=\"mkdf-eh-item   mkdf-horizontal-alignment-center \"  data-item-class=\"mkdf-eh-custom-7556\">\n\t<div class=\"mkdf-eh-item-inner\">\n\t\t<div class=\"mkdf-eh-item-content mkdf-eh-custom-7556\" >\n\t\t\t<div class=\"mkdf-section-title-holder    mkdf-has-appear-animation\" style=\"text-align: center\">\n\t<div class=\"mkdf-st-inner\">\n\t\t\t\t\t\t<h3 class=\"mkdf-st-title\" style=\"color: #ffffff\">\n\t\t\t\t\t\t\t\t\tEmpresa\t\t\t\t\t\t\t<\/h3>\n\t\t\t\t\t\t\t<\/div>\n<\/div>[vc_column_text]Fundada en 1984 en Trezzo sull\u2019Adda (MI), Ofmer se ha consolidado como un punto de referencia en el sector de m\u00e1quinas para el corte y doblado de barras de refuerzo.<\/p>\n<p>Nacida del compromiso, la pasi\u00f3n y la determinaci\u00f3n de nuestros fundadores, hoy contin\u00faa persiguiendo el objetivo de ofrecer a los profesionales una gama completa de productos de alto rendimiento, duraderos y resistentes, ideales para cualquier proyecto de construcci\u00f3n.<\/p>\n<p>En m\u00e1s de 40 a\u00f1os de actividad, hemos consolidado nuestra posici\u00f3n de l\u00edderes en Italia y hemos ampliado nuestra presencia internacional. Actualmente, nuestra actividad de distribuci\u00f3n ha alcanzado m\u00e1s de 90 mercados en todo el mundo.[\/vc_column_text]\t\t<\/div>\n\t<\/div>\n<\/div><div class=\"mkdf-eh-item  mkdf-vertical-alignment-bottom mkdf-horizontal-alignment-center \"  data-item-class=\"mkdf-eh-custom-9468\">\n\t<div class=\"mkdf-eh-item-inner\">\n\t\t<div class=\"mkdf-eh-item-content mkdf-eh-custom-9468\" >\n\t\t\t<div class=\"mkdf-section-title-holder    mkdf-has-appear-animation\" style=\"text-align: center\">\n\t<div class=\"mkdf-st-inner\">\n\t\t\t\t\t\t<h3 class=\"mkdf-st-title\" style=\"color: #ffffff\">\n\t\t\t\t\t\t\t\t\tValores\t\t\t\t\t\t\t<\/h3>\n\t\t\t\t\t\t\t<\/div>\n<\/div>[vc_column_text]Nuestros valores se reflejan en cada aspecto de las operaciones de la empresa, tal como fueron transmitidos por los fundadores de la empresa, los hermanos Luigi y Paolo Camurati.<\/p>\n<p>La cultura empresarial, caracterizada por un compromiso constante con la formaci\u00f3n y la actualizaci\u00f3n continua, junto con una atenci\u00f3n meticulosa a cada detalle, nos ha permitido progresar en el perfeccionamiento de nuestros productos. La confianza de los clientes es fundamental para nosotros y se basa en la construcci\u00f3n de una relaci\u00f3n de respeto mutuo y comprensi\u00f3n profesional.<\/p>\n<p>La continuidad de nuestro compromiso con los proyectos y objetivos iniciales est\u00e1 garantizada por las nuevas generaciones representadas por Sibilla y Sveva Camurati.[\/vc_column_text]\t\t<\/div>\n\t<\/div>\n<\/div><\/div>[\/vc_column_inner][\/vc_row_inner][\/vc_column][\/vc_row][vc_row disable_background_image=\u00bb\u00bb][vc_column][vc_single_image image=\u00bb7617&#8243; img_size=\u00bb1350&#215;500&#8243; alignment=\u00bbcenter\u00bb onclick=\u00bblink_image\u00bb][\/vc_column][\/vc_row]<\/p>\n<\/section>","protected":false},"excerpt":{"rendered":"<p>[vc_row disable_background_image=\u00bb1024&#8243; enable_background_svg=\u00bbyes\u00bb animated_text_position=\u00bbright\u00bb disable_animated_text=\u00bb\u00bb animated_text=\u00bbracing\u00bb animated_text_color=\u00bb#101010&#8243; simple_background_color=\u00bb#000000&#8243; el_class=\u00bbmkdf-row-margin-top\u00bb css=\u00bb.vc_custom_1714982762415{padding-top: 100px !important;padding-bottom: 100px !important;}\u00bb][vc_column css=\u00bb.vc_custom_1568717806229{padding-top: 0px !important;padding-bottom: 0px !important;}\u00bb][vc_row_inner row_content_width=\u00bbgrid\u00bb][vc_column_inner css=\u00bb.vc_custom_1567499344778{padding-top: 0px !important;padding-bottom: 0px !important;}\u00bb][\/vc_column_inner][\/vc_row_inner][\/vc_column][\/vc_row][vc_row disable_background_image=\u00bb\u00bb][vc_column][vc_single_image image=\u00bb7617&#8243; img_size=\u00bb1350&#215;500&#8243; alignment=\u00bbcenter\u00bb onclick=\u00bblink_image\u00bb][\/vc_column][\/vc_row]<\/p>\n","protected":false},"author":4,"featured_media":0,"parent":0,"menu_order":0,"comment_status":"closed","ping_status":"closed","template":"full-width.php","meta":{"om_disable_all_campaigns":false,"_monsterinsights_skip_tracking":false,"_monsterinsights_sitenote_active":false,"_monsterinsights_sitenote_note":"","_monsterinsights_sitenote_category":0,"_uf_show_specific_survey":0,"_uf_disable_surveys":false,"footnotes":""},"class_list":["post-7138","page","type-page","status-publish","hentry"],"aioseo_notices":[],"_links":{"self":[{"href":"https:\/\/www.ofmer.com\/es\/wp-json\/wp\/v2\/pages\/7138","targetHints":{"allow":["GET"]}}],"collection":[{"href":"https:\/\/www.ofmer.com\/es\/wp-json\/wp\/v2\/pages"}],"about":[{"href":"https:\/\/www.ofmer.com\/es\/wp-json\/wp\/v2\/types\/page"}],"author":[{"embeddable":true,"href":"https:\/\/www.ofmer.com\/es\/wp-json\/wp\/v2\/users\/4"}],"replies":[{"embeddable":true,"href":"https:\/\/www.ofmer.com\/es\/wp-json\/wp\/v2\/comments?post=7138"}],"version-history":[{"count":3,"href":"https:\/\/www.ofmer.com\/es\/wp-json\/wp\/v2\/pages\/7138\/revisions"}],"predecessor-version":[{"id":7639,"href":"https:\/\/www.ofmer.com\/es\/wp-json\/wp\/v2\/pages\/7138\/revisions\/7639"}],"wp:attachment":[{"href":"https:\/\/www.ofmer.com\/es\/wp-json\/wp\/v2\/media?parent=7138"}],"curies":[{"name":"wp","href":"https:\/\/api.w.org\/{rel}","templated":true}]}}