{"id":7173,"date":"2024-05-06T21:16:51","date_gmt":"2024-05-06T19:16:51","guid":{"rendered":"https:\/\/www.ofmer.com\/assistenza-e-after-sales\/"},"modified":"2024-07-25T10:35:36","modified_gmt":"2024-07-25T08:35:36","slug":"servicio-postventa-y-soporte-tecnico","status":"publish","type":"page","link":"https:\/\/www.ofmer.com\/es\/servicio-postventa-y-soporte-tecnico\/","title":{"rendered":"Servicio Postventa y Soporte T\u00e9cnico"},"content":{"rendered":"<section class=\"wpb-content-wrapper\"><p>[vc_row disable_background_image=\u00bb1024&#8243; enable_background_svg=\u00bbyes\u00bb animated_text_position=\u00bbright\u00bb disable_animated_text=\u00bb\u00bb animated_text=\u00bbracing\u00bb animated_text_color=\u00bb#101010&#8243; simple_background_color=\u00bb#000000&#8243; el_class=\u00bbmkdf-row-margin-top\u00bb css=\u00bb.vc_custom_1714982762415{padding-top: 100px !important;padding-bottom: 100px !important;}\u00bb][vc_column css=\u00bb.vc_custom_1568717806229{padding-top: 0px !important;padding-bottom: 0px !important;}\u00bb][vc_row_inner row_content_width=\u00bbgrid\u00bb][vc_column_inner css=\u00bb.vc_custom_1567499344778{padding-top: 0px !important;padding-bottom: 0px !important;}\u00bb]<div class=\"mkdf-elements-holder   mkdf-one-column  mkdf-responsive-mode-768 \" ><div class=\"mkdf-eh-item   mkdf-horizontal-alignment-center \"  data-item-class=\"mkdf-eh-custom-4709\">\n\t<div class=\"mkdf-eh-item-inner\">\n\t\t<div class=\"mkdf-eh-item-content mkdf-eh-custom-4709\" >\n\t\t\t[vc_column_text]<\/p>\n<h4><span style=\"color: #ffffff;\"><strong>Contar con una s\u00f3lida asistencia y un eficaz servicio postventa es esencial.<\/strong><\/span><\/h4>\n<h4><span style=\"color: #ffffff;\"><strong>En Ofmer, comprendemos la importancia de garantizar la m\u00e1xima operatividad de nuestras m\u00e1quinas incluso despu\u00e9s de la compra. Nuestro compromiso con los clientes no termina con la venta, sino que contin\u00faa con un soporte postventa fiable y asistencia continua.<\/strong><\/span><\/h4>\n<p>[\/vc_column_text][vc_empty_space height=\u00bb100px\u00bb]\t\t<\/div>\n\t<\/div>\n<\/div><\/div>[\/vc_column_inner][\/vc_row_inner][vc_row_inner row_content_width=\u00bbgrid\u00bb][vc_column_inner css=\u00bb.vc_custom_1567499344778{padding-top: 0px !important;padding-bottom: 0px !important;}\u00bb]<div class=\"mkdf-elements-holder   mkdf-one-column  mkdf-responsive-mode-768 \" ><div class=\"mkdf-eh-item   mkdf-horizontal-alignment-center \"  data-item-class=\"mkdf-eh-custom-9261\">\n\t<div class=\"mkdf-eh-item-inner\">\n\t\t<div class=\"mkdf-eh-item-content mkdf-eh-custom-9261\" >\n\t\t\t<div class=\"mkdf-section-title-holder    mkdf-has-appear-animation\" style=\"text-align: center\">\n\t<div class=\"mkdf-st-inner\">\n\t\t\t\t\t\t<h3 class=\"mkdf-st-title\" style=\"color: #ffffff\">\n\t\t\t\t\t\t\t\t\tReemplazo R\u00e1pido de Piezas\t\t\t\t\t\t\t<\/h3>\n\t\t\t\t\t\t\t<\/div>\n<\/div>[vc_column_text]En caso de que sea necesario reemplazar un componente, estamos listos para intervenir de manera r\u00e1pida. Ofmer est\u00e1 presente en m\u00e1s de 90 pa\u00edses, donde puedes comprar c\u00f3modamente cualquier pieza de repuesto necesaria. Los clientes pueden contar con una asistencia confiable y un soporte postventa completo para garantizar la continuidad operativa y la m\u00e1xima eficiencia en el sitio de trabajo.[\/vc_column_text][vc_empty_space height=\u00bb100px\u00bb]\t\t<\/div>\n\t<\/div>\n<\/div><\/div>[\/vc_column_inner][\/vc_row_inner][vc_row_inner row_content_width=\u00bbgrid\u00bb][vc_column_inner css=\u00bb.vc_custom_1567499344778{padding-top: 0px !important;padding-bottom: 0px !important;}\u00bb]<div class=\"mkdf-elements-holder   mkdf-one-column  mkdf-responsive-mode-768 \" ><div class=\"mkdf-eh-item   mkdf-horizontal-alignment-center \"  data-item-class=\"mkdf-eh-custom-7640\">\n\t<div class=\"mkdf-eh-item-inner\">\n\t\t<div class=\"mkdf-eh-item-content mkdf-eh-custom-7640\" >\n\t\t\t<div class=\"mkdf-section-title-holder    mkdf-has-appear-animation\" style=\"text-align: center\">\n\t<div class=\"mkdf-st-inner\">\n\t\t\t\t\t\t<h3 class=\"mkdf-st-title\" style=\"color: #ffffff\">\n\t\t\t\t\t\t\t\t\tAsistencia T\u00e9cnica Multiling\u00fce\t\t\t\t\t\t\t<\/h3>\n\t\t\t\t\t\t\t<\/div>\n<\/div>[vc_column_text]Para cualquier necesidad, nuestro equipo t\u00e9cnico especializado est\u00e1 disponible para proporcionar asistencia telef\u00f3nica multiling\u00fce, responder preguntas y resolver cualquier problema de manera r\u00e1pida y eficiente.[\/vc_column_text]\t\t<\/div>\n\t<\/div>\n<\/div><\/div>[\/vc_column_inner][\/vc_row_inner][\/vc_column][\/vc_row][vc_row disable_background_image=\u00bb\u00bb][vc_column]<div class=\"mkdf-elements-holder   mkdf-one-column  mkdf-responsive-mode-768 \" ><div class=\"mkdf-eh-item   mkdf-horizontal-alignment-center \"  data-item-class=\"mkdf-eh-custom-8796\">\n\t<div class=\"mkdf-eh-item-inner\">\n\t\t<div class=\"mkdf-eh-item-content mkdf-eh-custom-8796\" >\n\t\t\t<a itemprop=\"url\" href=\"mailto:customerservice@ofmer.it\" target=\"_self\"  class=\"mkdf-btn mkdf-btn-medium mkdf-btn-predefined\"  >\n            <span class=\"mkdf-btn-predefined-line-holder\">\n            <span class=\"mkdf-btn-line-hidden\"><\/span>\n            <span class=\"mkdf-btn-text\">Cont\u00e1ctenos ahora<\/span>\n\t        <span class=\"mkdf-btn-line\"><\/span>\n            <i class=\"mkdf-btn-predefined-icon mkdf-icon-ion-icon ion-ios-play \"><\/i>\n        <\/span>\n    <\/a>[vc_empty_space]\t\t<\/div>\n\t<\/div>\n<\/div><\/div>[\/vc_column][\/vc_row]<\/p>\n<\/section>","protected":false},"excerpt":{"rendered":"<p>[vc_row disable_background_image=\u00bb1024&#8243; enable_background_svg=\u00bbyes\u00bb animated_text_position=\u00bbright\u00bb disable_animated_text=\u00bb\u00bb animated_text=\u00bbracing\u00bb animated_text_color=\u00bb#101010&#8243; simple_background_color=\u00bb#000000&#8243; el_class=\u00bbmkdf-row-margin-top\u00bb css=\u00bb.vc_custom_1714982762415{padding-top: 100px !important;padding-bottom: 100px !important;}\u00bb][vc_column css=\u00bb.vc_custom_1568717806229{padding-top: 0px !important;padding-bottom: 0px !important;}\u00bb][vc_row_inner row_content_width=\u00bbgrid\u00bb][vc_column_inner css=\u00bb.vc_custom_1567499344778{padding-top: 0px !important;padding-bottom: 0px !important;}\u00bb][\/vc_column_inner][\/vc_row_inner][vc_row_inner row_content_width=\u00bbgrid\u00bb][vc_column_inner css=\u00bb.vc_custom_1567499344778{padding-top: 0px !important;padding-bottom: 0px !important;}\u00bb][\/vc_column_inner][\/vc_row_inner][vc_row_inner row_content_width=\u00bbgrid\u00bb][vc_column_inner css=\u00bb.vc_custom_1567499344778{padding-top: 0px !important;padding-bottom: 0px !important;}\u00bb][\/vc_column_inner][\/vc_row_inner][\/vc_column][\/vc_row][vc_row disable_background_image=\u00bb\u00bb][vc_column][\/vc_column][\/vc_row]<\/p>\n","protected":false},"author":4,"featured_media":0,"parent":0,"menu_order":0,"comment_status":"closed","ping_status":"closed","template":"full-width.php","meta":{"om_disable_all_campaigns":false,"_monsterinsights_skip_tracking":false,"_monsterinsights_sitenote_active":false,"_monsterinsights_sitenote_note":"","_monsterinsights_sitenote_category":0,"_uf_show_specific_survey":0,"_uf_disable_surveys":false,"footnotes":""},"class_list":["post-7173","page","type-page","status-publish","hentry"],"aioseo_notices":[],"_links":{"self":[{"href":"https:\/\/www.ofmer.com\/es\/wp-json\/wp\/v2\/pages\/7173","targetHints":{"allow":["GET"]}}],"collection":[{"href":"https:\/\/www.ofmer.com\/es\/wp-json\/wp\/v2\/pages"}],"about":[{"href":"https:\/\/www.ofmer.com\/es\/wp-json\/wp\/v2\/types\/page"}],"author":[{"embeddable":true,"href":"https:\/\/www.ofmer.com\/es\/wp-json\/wp\/v2\/users\/4"}],"replies":[{"embeddable":true,"href":"https:\/\/www.ofmer.com\/es\/wp-json\/wp\/v2\/comments?post=7173"}],"version-history":[{"count":6,"href":"https:\/\/www.ofmer.com\/es\/wp-json\/wp\/v2\/pages\/7173\/revisions"}],"predecessor-version":[{"id":7652,"href":"https:\/\/www.ofmer.com\/es\/wp-json\/wp\/v2\/pages\/7173\/revisions\/7652"}],"wp:attachment":[{"href":"https:\/\/www.ofmer.com\/es\/wp-json\/wp\/v2\/media?parent=7173"}],"curies":[{"name":"wp","href":"https:\/\/api.w.org\/{rel}","templated":true}]}}