{"id":7193,"date":"2024-05-06T21:20:49","date_gmt":"2024-05-06T19:20:49","guid":{"rendered":"https:\/\/www.ofmer.com\/tutorial-per-utilizzo-macchine\/"},"modified":"2024-07-18T12:55:21","modified_gmt":"2024-07-18T10:55:21","slug":"tutoriales-en-video","status":"publish","type":"page","link":"https:\/\/www.ofmer.com\/es\/tutoriales-en-video\/","title":{"rendered":"Formaci\u00f3n"},"content":{"rendered":"<section class=\"wpb-content-wrapper\"><p>[vc_row disable_background_image=\u00bb1024&#8243; enable_background_svg=\u00bbyes\u00bb animated_text_position=\u00bbright\u00bb disable_animated_text=\u00bb\u00bb animated_text=\u00bbracing\u00bb animated_text_color=\u00bb#101010&#8243; simple_background_color=\u00bb#000000&#8243; el_class=\u00bbmkdf-row-margin-top\u00bb css=\u00bb.vc_custom_1714982762415{padding-top: 100px !important;padding-bottom: 100px !important;}\u00bb][vc_column css=\u00bb.vc_custom_1568717806229{padding-top: 0px !important;padding-bottom: 0px !important;}\u00bb][vc_row_inner row_content_width=\u00bbgrid\u00bb][vc_column_inner css=\u00bb.vc_custom_1567499344778{padding-top: 0px !important;padding-bottom: 0px !important;}\u00bb]<div class=\"mkdf-elements-holder   mkdf-one-column  mkdf-responsive-mode-768 \" ><div class=\"mkdf-eh-item   mkdf-horizontal-alignment-center \"  data-item-class=\"mkdf-eh-custom-5245\">\n\t<div class=\"mkdf-eh-item-inner\">\n\t\t<div class=\"mkdf-eh-item-content mkdf-eh-custom-5245\" >\n\t\t\t<div class=\"mkdf-section-title-holder    mkdf-has-appear-animation\" style=\"text-align: center\">\n\t<div class=\"mkdf-st-inner\">\n\t\t\t\t\t\t<h3 class=\"mkdf-st-title\" style=\"color: #ffffff\">\n\t\t\t\t\t\t\t\t\t\u00a1BIENVENIDO A LA SECCI\u00d3N DE FORMACI\u00d3N!\t\t\t\t\t\t\t<\/h3>\n\t\t\t\t\t\t\t<\/div>\n<\/div>[vc_column_text]Aqu\u00ed encontrar\u00e1s una amplia selecci\u00f3n de tutoriales en video para aprender los pasos necesarios para el uso y el correcto mantenimiento rutinario de nuestras m\u00e1quinas.<\/p>\n<p>Los videos cubren una amplia gama de temas, proporcionando instrucciones detalladas y consejos pr\u00e1cticos para aprovechar al m\u00e1ximo el potencial de nuestras m\u00e1quinas.[\/vc_column_text]\t\t<\/div>\n\t<\/div>\n<\/div><\/div>[\/vc_column_inner][\/vc_row_inner][\/vc_column][\/vc_row][vc_row disable_background_image=\u00bb\u00bb][vc_column]\n\t\t\t<!-- START landinginner1 ES REVOLUTION SLIDER 6.6.14 --><p class=\"rs-p-wp-fix\"><\/p>\n\t\t\t<rs-module-wrap id=\"rev_slider_15_1_wrapper\" data-source=\"gallery\" style=\"visibility:hidden;background:transparent;padding:0;margin:0px auto;margin-top:0;margin-bottom:0;background-image:url(https:\/\/www.ofmer.com\/wp-content\/uploads\/2019\/10\/landing-rev-bck-bottom.jpg);background-repeat:no-repeat;background-size:cover;background-position:center center;\">\n\t\t\t\t<rs-module id=\"rev_slider_15_1\" style=\"\" data-version=\"6.6.14\">\n\t\t\t\t\t<rs-slides style=\"overflow: hidden; position: absolute;\">\n\t\t\t\t\t\t<rs-slide style=\"position: absolute;\" data-key=\"rs-34\" data-title=\"Slide\" data-in=\"o:0;\" data-out=\"a:false;\">\n\t\t\t\t\t\t\t<img decoding=\"async\" src=\"\/\/www.ofmer.com\/wp-content\/plugins\/revslider\/public\/assets\/assets\/dummy.png\" alt=\"Slide\" title=\"Formaci\u00f3n\" class=\"rev-slidebg tp-rs-img rs-lazyload\" data-lazyload=\"\/\/www.ofmer.com\/wp-content\/plugins\/revslider\/public\/assets\/assets\/transparent.png\" data-no-retina>\n<!--\n\t\t\t\t\t\t\t--><rs-layer\n\t\t\t\t\t\t\t\tid=\"slider-15-slide-34-layer-0\" \n\t\t\t\t\t\t\t\tdata-type=\"text\"\n\t\t\t\t\t\t\t\tdata-xy=\"x:c;y:m;yo:112px,87px,70px,89px;\"\n\t\t\t\t\t\t\t\tdata-text=\"w:normal;s:20,20,20,14;l:25,25,25,14;a:center;\"\n\t\t\t\t\t\t\t\tdata-dim=\"w:301px;h:auto,auto,auto,77px;\"\n\t\t\t\t\t\t\t\tdata-rsp_o=\"off\"\n\t\t\t\t\t\t\t\tdata-rsp_bd=\"off\"\n\t\t\t\t\t\t\t\tdata-frame_0=\"sX:0.9;sY:0.9;\"\n\t\t\t\t\t\t\t\tdata-frame_1=\"st:830;sp:800;sR:830;\"\n\t\t\t\t\t\t\t\tdata-frame_999=\"o:0;st:w;sR:7370;\"\n\t\t\t\t\t\t\t\tstyle=\"z-index:14;font-family:'Roboto';\"\n\t\t\t\t\t\t\t><a itemprop=\"url\" href=\"https:\/\/www.youtube.com\/@ofmersrl\" target=\"_self\"  class=\"mkdf-btn mkdf-btn-medium mkdf-btn-predefined\"  >\n            <span class=\"mkdf-btn-predefined-line-holder\">\n            <span class=\"mkdf-btn-line-hidden\"><\/span>\n            <span class=\"mkdf-btn-text\">mira ahora<\/span>\n\t        <span class=\"mkdf-btn-line\"><\/span>\n            <i class=\"mkdf-btn-predefined-icon mkdf-icon-ion-icon ion-ios-play \"><\/i>\n        <\/span>\n    <\/a> \n\t\t\t\t\t\t\t<\/rs-layer><!--\n\n\t\t\t\t\t\t\t--><rs-layer\n\t\t\t\t\t\t\t\tid=\"slider-15-slide-34-layer-2\" \n\t\t\t\t\t\t\t\tdata-type=\"text\"\n\t\t\t\t\t\t\t\tdata-color=\"#ed1d24\"\n\t\t\t\t\t\t\t\tdata-xy=\"x:c;xo:3px,0,0,3px;y:m;yo:-126px,-76px,-93px,-123px;\"\n\t\t\t\t\t\t\t\tdata-text=\"w:normal;s:14;l:14;ls:11px;fw:500;\"\n\t\t\t\t\t\t\t\tdata-rsp_o=\"off\"\n\t\t\t\t\t\t\t\tdata-rsp_bd=\"off\"\n\t\t\t\t\t\t\t\tdata-frame_0=\"y:50;\"\n\t\t\t\t\t\t\t\tdata-frame_1=\"st:500;sp:800;sR:500;\"\n\t\t\t\t\t\t\t\tdata-frame_999=\"o:0;st:w;sR:7700;\"\n\t\t\t\t\t\t\t\tstyle=\"z-index:13;font-family:'Heebo';text-transform:uppercase;\"\n\t\t\t\t\t\t\t>EMPIEZA AHORA \n\t\t\t\t\t\t\t<\/rs-layer><!--\n\n\t\t\t\t\t\t\t--><rs-layer\n\t\t\t\t\t\t\t\tid=\"slider-15-slide-34-layer-3\" \n\t\t\t\t\t\t\t\tdata-type=\"text\"\n\t\t\t\t\t\t\t\tdata-color=\"#000000\"\n\t\t\t\t\t\t\t\tdata-xy=\"x:c;xo:5px,0,0,0;y:m;yo:-17px,-23px,-39px,-27px;\"\n\t\t\t\t\t\t\t\tdata-text=\"w:normal;s:70,70,70,50;l:65,65,65,45;fw:700;a:center;\"\n\t\t\t\t\t\t\t\tdata-dim=\"w:538px,538px,538px,342px;\"\n\t\t\t\t\t\t\t\tdata-rsp_o=\"off\"\n\t\t\t\t\t\t\t\tdata-rsp_bd=\"off\"\n\t\t\t\t\t\t\t\tdata-frame_0=\"y:50;\"\n\t\t\t\t\t\t\t\tdata-frame_1=\"st:660;sp:800;sR:660;\"\n\t\t\t\t\t\t\t\tdata-frame_999=\"o:0;st:w;sR:7540;\"\n\t\t\t\t\t\t\t\tstyle=\"z-index:12;font-family:'Rajdhani';text-transform:uppercase;\"\n\t\t\t\t\t\t\t>\u00a1EXPLORA NUESTROS TUTORIALES!<br \/>\n \n\t\t\t\t\t\t\t<\/rs-layer><!--\n\n\t\t\t\t\t\t\t--><rs-layer\n\t\t\t\t\t\t\t\tid=\"slider-15-slide-34-layer-5\" \n\t\t\t\t\t\t\t\tdata-type=\"image\"\n\t\t\t\t\t\t\t\tdata-rsp_ch=\"on\"\n\t\t\t\t\t\t\t\tdata-xy=\"x:c;xo:0,0,0,-1px;y:m;yo:0,0,0,-40px;\"\n\t\t\t\t\t\t\t\tdata-text=\"w:normal;s:20,26,9,4;l:0,32,11,6;\"\n\t\t\t\t\t\t\t\tdata-dim=\"w:2000px,1600px,985px,307px;h:1333px,650px,400px,205px;\"\n\t\t\t\t\t\t\t\tdata-vbility=\"t,t,t,f\"\n\t\t\t\t\t\t\t\tdata-frame_0=\"x:right;\"\n\t\t\t\t\t\t\t\tdata-frame_1=\"st:100;sp:900;sR:100;\"\n\t\t\t\t\t\t\t\tdata-frame_999=\"o:0;st:w;sR:8000;\"\n\t\t\t\t\t\t\t\tstyle=\"z-index:10;\"\n\t\t\t\t\t\t\t><img decoding=\"async\" src=\"\/\/www.ofmer.com\/wp-content\/plugins\/revslider\/public\/assets\/assets\/dummy.png\" alt=\"\" class=\"tp-rs-img rs-lazyload\" width=\"2000\" height=\"1333\" data-lazyload=\"\/\/www.ofmer.com\/wp-content\/uploads\/2024\/05\/OFMER_FORMAZIONE-VIDEO.png\" data-no-retina> \n\t\t\t\t\t\t\t<\/rs-layer><!--\n\n\t\t\t\t\t\t\t--><rs-layer\n\t\t\t\t\t\t\t\tid=\"slider-15-slide-34-layer-7\" \n\t\t\t\t\t\t\t\tdata-type=\"text\"\n\t\t\t\t\t\t\t\tdata-xy=\"x:c,l,l,l;y:m;yo:70px,100px,100px,100px;\"\n\t\t\t\t\t\t\t\tdata-text=\"s:20,16,8,4;l:25,21,11,6;\"\n\t\t\t\t\t\t\t\tdata-dim=\"w:1920px,1700px,1120px,1120px;\"\n\t\t\t\t\t\t\t\tdata-vbility=\"t,t,f,f\"\n\t\t\t\t\t\t\t\tdata-rsp_o=\"off\"\n\t\t\t\t\t\t\t\tdata-rsp_bd=\"off\"\n\t\t\t\t\t\t\t\tdata-frame_0=\"o:1;\"\n\t\t\t\t\t\t\t\tdata-frame_999=\"o:1;st:w;sR:8700;\"\n\t\t\t\t\t\t\t\tstyle=\"z-index:9;font-family:'Roboto';\"\n\t\t\t\t\t\t\t><div class=\"mkdf-animated-background-svg\"><svg xmlns=\"http:\/\/www.w3.org\/2000\/svg\" xmlns:xlink=\"http:\/\/www.w3.org\/1999\/xlink\" x=\"0px\" y=\"0px\" viewBox=\"0 0 1920 1100\" enable-background=\"new 0 0 1920 1100\" xml:space=\"preserve\">\n<path style=\"fill:none;stroke:currentColor;stroke-miterlimit:10\" d=\"M0,289.7c9.7-3.8,19.5-7.2,29.6-10.3c46.7-14.1,94.6-19.6,142.4-16.3c107.2,7.5,211.7,55.8,294.4,136.2\n\tc21.4,20.7,42.3,44.7,62.6,67.9c20.8,23.8,42.3,48.4,64.9,70.3c34.8,33.7,68.2,57.4,100.5,80.4c2.1,1.5,4.1,2.9,6.2,4.4\n\tc59.8,42.6,126.8,83.2,210.6,91.6c101.9,10,202.1-34.2,268.2-73.1c33.3-19.7,66.1-42.4,97.9-64.4c31.1-21.6,63.3-43.9,95.8-63.2\n\tc17.3-10.2,35.6-20,56-30.1c33.3-16.4,69.7-32,114.8-49c132.2-49.9,263-82.1,376.3-106.8\"\/>\n<\/svg><\/div> \n\t\t\t\t\t\t\t<\/rs-layer><!--\n\n\t\t\t\t\t\t\t--><rs-layer\n\t\t\t\t\t\t\t\tid=\"slider-15-slide-34-layer-9\" \n\t\t\t\t\t\t\t\tdata-type=\"image\"\n\t\t\t\t\t\t\t\tdata-xy=\"x:l,l,c,c;xo:50px,50px,0,0;y:t,t,m,m;yo:50px,50px,0,0;\"\n\t\t\t\t\t\t\t\tdata-text=\"w:normal;s:20,26,9,4;l:0,32,11,6;\"\n\t\t\t\t\t\t\t\tdata-dim=\"w:300px,300px,1920px,1920px;h:180px,180px,780px,780px;\"\n\t\t\t\t\t\t\t\tdata-vbility=\"f,f,t,t\"\n\t\t\t\t\t\t\t\tdata-rsp_o=\"off\"\n\t\t\t\t\t\t\t\tdata-rsp_bd=\"off\"\n\t\t\t\t\t\t\t\tdata-frame_999=\"o:0;st:w;sR:8700;\"\n\t\t\t\t\t\t\t\tstyle=\"z-index:8;\"\n\t\t\t\t\t\t\t><img decoding=\"async\" src=\"\/\/www.ofmer.com\/wp-content\/plugins\/revslider\/public\/assets\/assets\/dummy.png\" alt=\"v\" class=\"tp-rs-img rs-lazyload\" width=\"1920\" height=\"780\" data-lazyload=\"\/\/www.ofmer.com\/wp-content\/uploads\/2019\/09\/landing-rev-inner1-img-1.jpg\" data-no-retina> \n\t\t\t\t\t\t\t<\/rs-layer><!--\n-->\t\t\t\t\t\t<\/rs-slide>\n\t\t\t\t\t<\/rs-slides>\n\t\t\t\t<\/rs-module>\n\t\t\t\t<script>\n\t\t\t\t\tsetREVStartSize({c: 'rev_slider_15_1',rl:[1240,1024,778,480],el:[780,650,800,480],gw:[1300,1699,600,300],gh:[780,650,800,480],type:'hero',justify:'',layout:'fullwidth',mh:\"0\"});if (window.RS_MODULES!==undefined && window.RS_MODULES.modules!==undefined && window.RS_MODULES.modules[\"revslider151\"]!==undefined) {window.RS_MODULES.modules[\"revslider151\"].once = false;window.revapi15 = undefined;if (window.RS_MODULES.checkMinimal!==undefined) window.RS_MODULES.checkMinimal()}\n\t\t\t\t<\/script>\n\t\t\t<\/rs-module-wrap>\n\t\t\t<!-- END REVOLUTION SLIDER -->\n[\/vc_column][\/vc_row]<\/p>\n<\/section>","protected":false},"excerpt":{"rendered":"<p>[vc_row disable_background_image=\u00bb1024&#8243; enable_background_svg=\u00bbyes\u00bb animated_text_position=\u00bbright\u00bb disable_animated_text=\u00bb\u00bb animated_text=\u00bbracing\u00bb animated_text_color=\u00bb#101010&#8243; simple_background_color=\u00bb#000000&#8243; el_class=\u00bbmkdf-row-margin-top\u00bb css=\u00bb.vc_custom_1714982762415{padding-top: 100px !important;padding-bottom: 100px !important;}\u00bb][vc_column css=\u00bb.vc_custom_1568717806229{padding-top: 0px !important;padding-bottom: 0px !important;}\u00bb][vc_row_inner row_content_width=\u00bbgrid\u00bb][vc_column_inner css=\u00bb.vc_custom_1567499344778{padding-top: 0px !important;padding-bottom: 0px !important;}\u00bb][\/vc_column_inner][\/vc_row_inner][\/vc_column][\/vc_row][vc_row disable_background_image=\u00bb\u00bb][vc_column][\/vc_column][\/vc_row]<\/p>\n","protected":false},"author":4,"featured_media":0,"parent":0,"menu_order":0,"comment_status":"closed","ping_status":"closed","template":"full-width.php","meta":{"om_disable_all_campaigns":false,"_monsterinsights_skip_tracking":false,"_monsterinsights_sitenote_active":false,"_monsterinsights_sitenote_note":"","_monsterinsights_sitenote_category":0,"_uf_show_specific_survey":0,"_uf_disable_surveys":false,"footnotes":""},"class_list":["post-7193","page","type-page","status-publish","hentry"],"aioseo_notices":[],"_links":{"self":[{"href":"https:\/\/www.ofmer.com\/es\/wp-json\/wp\/v2\/pages\/7193","targetHints":{"allow":["GET"]}}],"collection":[{"href":"https:\/\/www.ofmer.com\/es\/wp-json\/wp\/v2\/pages"}],"about":[{"href":"https:\/\/www.ofmer.com\/es\/wp-json\/wp\/v2\/types\/page"}],"author":[{"embeddable":true,"href":"https:\/\/www.ofmer.com\/es\/wp-json\/wp\/v2\/users\/4"}],"replies":[{"embeddable":true,"href":"https:\/\/www.ofmer.com\/es\/wp-json\/wp\/v2\/comments?post=7193"}],"version-history":[{"count":3,"href":"https:\/\/www.ofmer.com\/es\/wp-json\/wp\/v2\/pages\/7193\/revisions"}],"predecessor-version":[{"id":7284,"href":"https:\/\/www.ofmer.com\/es\/wp-json\/wp\/v2\/pages\/7193\/revisions\/7284"}],"wp:attachment":[{"href":"https:\/\/www.ofmer.com\/es\/wp-json\/wp\/v2\/media?parent=7193"}],"curies":[{"name":"wp","href":"https:\/\/api.w.org\/{rel}","templated":true}]}}