{"id":6894,"date":"2024-05-08T11:13:54","date_gmt":"2024-05-08T09:13:54","guid":{"rendered":"https:\/\/www.ofmer.com\/accessori\/"},"modified":"2024-07-09T12:46:49","modified_gmt":"2024-07-09T10:46:49","slug":"accessoires-de-coupe","status":"publish","type":"page","link":"https:\/\/www.ofmer.com\/fr\/accessoires-de-coupe\/","title":{"rendered":"Accessoires de Coupe"},"content":{"rendered":"<section class=\"wpb-content-wrapper\"><p>[vc_row row_content_width=\u00a0\u00bbgrid\u00a0\u00bb disable_background_image=\u00a0\u00bb\u00a0\u00bb vertical_lines=\u00a0\u00bbyes\u00a0\u00bb css=\u00a0\u00bb.vc_custom_1568273586269{padding-top: 117px !important;padding-bottom: 130px !important;}\u00a0\u00bb][vc_column]<div class=\"mkdf-portfolio-list-holder mkdf-grid-list mkdf-pl-gallery mkdf-three-columns mkdf-normal-space mkdf-disable-bottom-space mkdf-pl-standard-move    mkdf-pl-pag-no-pagination     \"  data-type=gallery data-number-of-columns=three data-space-between-items=normal data-number-of-items=-1 data-image-proportions=landscape data-enable-fixed-proportions=no data-enable-image-shadow=no data-category=accessori data-selected-projects=6857,6887,6943,6863,6878,6868 data-orderby=date data-order=ASC data-item-style=standard-move data-enable-title=yes data-title-tag=h4 data-enable-category=no data-enable-count-images=no data-enable-excerpt=yes data-excerpt-length=500000 data-pagination-type=no-pagination data-filter=no data-filter-order-by=name data-enable-article-animation=no data-portfolio-slider-on=no data-enable-loop=yes data-enable-autoplay=yes data-slider-speed=5000 data-slider-speed-animation=600 data-enable-navigation=yes data-enable-pagination=yes data-max-num-pages=0 data-next-page=2>\n\t\t<div class=\"mkdf-pl-inner mkdf-outer-space  clearfix\">\n\t\t<article class=\"mkdf-pl-item mkdf-item-space  post-6858 portfolio-item type-portfolio-item status-publish has-post-thumbnail hentry portfolio-category-accessori-fr\">\n\t<div class=\"mkdf-pl-item-inner\">\n\t\t<div class=\"mkdf-pli-image\">\n\t<img loading=\"lazy\" decoding=\"async\" width=\"836\" height=\"650\" src=\"https:\/\/www.ofmer.com\/wp-content\/uploads\/2024\/05\/OFMER__ACCESSORI_BASAMENTO-836x650.png\" class=\"attachment-grandprix_mikado_image_landscape size-grandprix_mikado_image_landscape wp-post-image\" alt=\"\" \/><\/div>\n<div class=\"mkdf-pli-text-holder\" >\n\t<div class=\"mkdf-pli-text-wrapper\">\n\t\t<div class=\"mkdf-pli-text\">\n\t\t\t<span class=\"mkdf-pli-date\">8 mai 2024 <\/span>\n\t\t\t\n\t\t\t\t<h4 itemprop=\"name\" class=\"mkdf-pli-title entry-title\" >\n\t\tBase\t<\/h4>\n\n\t\t\t\n\t\t\t\n\t\t\t\t<p itemprop=\"description\" class=\"mkdf-pli-excerpt\">Convient aux mod\u00e8les de Cisailles 34-38-44-56.<\/p>\n\t\t<\/div>\n\t<\/div>\n<\/div>\n\t\t<a itemprop=\"url\" class=\"mkdf-pli-link mkdf-block-drag-link\" href=\"https:\/\/www.ofmer.com\/fr\/catalogo\/base\/\" target=\"_self\"><\/a>\n\t<\/div>\n<\/article><article class=\"mkdf-pl-item mkdf-item-space  post-6887 portfolio-item type-portfolio-item status-publish has-post-thumbnail hentry portfolio-category-accessori-fr\">\n\t<div class=\"mkdf-pl-item-inner\">\n\t\t<div class=\"mkdf-pli-image\">\n\t<img loading=\"lazy\" decoding=\"async\" width=\"836\" height=\"650\" src=\"https:\/\/www.ofmer.com\/wp-content\/uploads\/2024\/06\/OFMER_ACCESSORI_CONVOGLITORE-DI-BARRE-836x650.png\" class=\"attachment-grandprix_mikado_image_landscape size-grandprix_mikado_image_landscape wp-post-image\" alt=\"\" \/><\/div>\n<div class=\"mkdf-pli-text-holder\" >\n\t<div class=\"mkdf-pli-text-wrapper\">\n\t\t<div class=\"mkdf-pli-text\">\n\t\t\t<span class=\"mkdf-pli-date\">8 juillet 2024 <\/span>\n\t\t\t\n\t\t\t\t<h4 itemprop=\"name\" class=\"mkdf-pli-title entry-title\" >\n\t\tConvoyeur de Barres\t<\/h4>\n\n\t\t\t\n\t\t\t\n\t\t\t\t<p itemprop=\"description\" class=\"mkdf-pli-excerpt\">Convient \u00e0 toutes les Cisailles.<\/p>\n\t\t<\/div>\n\t<\/div>\n<\/div>\n\t\t<a itemprop=\"url\" class=\"mkdf-pli-link mkdf-block-drag-link\" href=\"https:\/\/www.ofmer.com\/fr\/catalogo\/convoyeur-de-barres\/\" target=\"_self\"><\/a>\n\t<\/div>\n<\/article><article class=\"mkdf-pl-item mkdf-item-space  post-6943 portfolio-item type-portfolio-item status-publish has-post-thumbnail hentry portfolio-category-accessori-fr\">\n\t<div class=\"mkdf-pl-item-inner\">\n\t\t<div class=\"mkdf-pli-image\">\n\t<img loading=\"lazy\" decoding=\"async\" width=\"836\" height=\"650\" src=\"https:\/\/www.ofmer.com\/wp-content\/uploads\/2024\/07\/OFMER_ACCESSORI_RELE-PHASE-836x650.png\" class=\"attachment-grandprix_mikado_image_landscape size-grandprix_mikado_image_landscape wp-post-image\" alt=\"\" \/><\/div>\n<div class=\"mkdf-pli-text-holder\" >\n\t<div class=\"mkdf-pli-text-wrapper\">\n\t\t<div class=\"mkdf-pli-text\">\n\t\t\t<span class=\"mkdf-pli-date\">9 juillet 2024 <\/span>\n\t\t\t\n\t\t\t\t<h4 itemprop=\"name\" class=\"mkdf-pli-title entry-title\" >\n\t\tRelais de Contr\u00f4le et de S\u00e9quence de Phase\t<\/h4>\n\n\t\t\t\n\t\t\t\n\t\t\t\t<p itemprop=\"description\" class=\"mkdf-pli-excerpt\">Convient \u00e0 tous les mod\u00e8les de machines.<\/p>\n\t\t<\/div>\n\t<\/div>\n<\/div>\n\t\t<a itemprop=\"url\" class=\"mkdf-pli-link mkdf-block-drag-link\" href=\"https:\/\/www.ofmer.com\/fr\/catalogo\/relais-de-controle-et-de-sequence-de-phase\/\" target=\"_self\"><\/a>\n\t<\/div>\n<\/article><article class=\"mkdf-pl-item mkdf-item-space  post-6863 portfolio-item type-portfolio-item status-publish has-post-thumbnail hentry portfolio-category-accessori-fr\">\n\t<div class=\"mkdf-pl-item-inner\">\n\t\t<div class=\"mkdf-pli-image\">\n\t<img loading=\"lazy\" decoding=\"async\" width=\"836\" height=\"650\" src=\"https:\/\/www.ofmer.com\/wp-content\/uploads\/2024\/05\/OFMER__ACCESSORI_BANCO-DA-LAVORO-CON-RULLI-836x650.png\" class=\"attachment-grandprix_mikado_image_landscape size-grandprix_mikado_image_landscape wp-post-image\" alt=\"\" \/><\/div>\n<div class=\"mkdf-pli-text-holder\" >\n\t<div class=\"mkdf-pli-text-wrapper\">\n\t\t<div class=\"mkdf-pli-text\">\n\t\t\t<span class=\"mkdf-pli-date\">8 mai 2024 <\/span>\n\t\t\t\n\t\t\t\t<h4 itemprop=\"name\" class=\"mkdf-pli-title entry-title\" >\n\t\tTable de Travail Modulaire avec Rouleaux\t<\/h4>\n\n\t\t\t\n\t\t\t\n\t\t\t\t<p itemprop=\"description\" class=\"mkdf-pli-excerpt\">Convient \u00e0 tous les mod\u00e8les de  de Plieuses de fer, de Combin\u00e9e, de Machines \u00e0 Spirales et de Lierreuses.<\/p>\n\t\t<\/div>\n\t<\/div>\n<\/div>\n\t\t<a itemprop=\"url\" class=\"mkdf-pli-link mkdf-block-drag-link\" href=\"https:\/\/www.ofmer.com\/fr\/catalogo\/table-de-travail-modulaire-avec-rouleaux\/\" target=\"_self\"><\/a>\n\t<\/div>\n<\/article><article class=\"mkdf-pl-item mkdf-item-space  post-6878 portfolio-item type-portfolio-item status-publish has-post-thumbnail hentry portfolio-category-accessori-fr\">\n\t<div class=\"mkdf-pl-item-inner\">\n\t\t<div class=\"mkdf-pli-image\">\n\t<img loading=\"lazy\" decoding=\"async\" width=\"836\" height=\"650\" src=\"https:\/\/www.ofmer.com\/wp-content\/uploads\/2024\/07\/OFMER_ACCESSORI_PROTEZIONE-INTERRUTTORE-MAGNETOTERMICO-836x650.png\" class=\"attachment-grandprix_mikado_image_landscape size-grandprix_mikado_image_landscape wp-post-image\" alt=\"\" \/><\/div>\n<div class=\"mkdf-pli-text-holder\" >\n\t<div class=\"mkdf-pli-text-wrapper\">\n\t\t<div class=\"mkdf-pli-text\">\n\t\t\t<span class=\"mkdf-pli-date\">3 juillet 2024 <\/span>\n\t\t\t\n\t\t\t\t<h4 itemprop=\"name\" class=\"mkdf-pli-title entry-title\" >\n\t\tProtection de l\u2019Interrupteur Magn\u00e9tothermique\t<\/h4>\n\n\t\t\t\n\t\t\t\n\t\t\t\t<p itemprop=\"description\" class=\"mkdf-pli-excerpt\">Convient \u00e0 toutes les Cisailles.<\/p>\n\t\t<\/div>\n\t<\/div>\n<\/div>\n\t\t<a itemprop=\"url\" class=\"mkdf-pli-link mkdf-block-drag-link\" href=\"https:\/\/www.ofmer.com\/fr\/catalogo\/protection-de-linterrupteur-magnetothermique\/\" target=\"_self\"><\/a>\n\t<\/div>\n<\/article><article class=\"mkdf-pl-item mkdf-item-space  post-6868 portfolio-item type-portfolio-item status-publish has-post-thumbnail hentry portfolio-category-accessori-fr\">\n\t<div class=\"mkdf-pl-item-inner\">\n\t\t<div class=\"mkdf-pli-image\">\n\t<img loading=\"lazy\" decoding=\"async\" width=\"836\" height=\"650\" src=\"https:\/\/www.ofmer.com\/wp-content\/uploads\/2024\/06\/OFMER_ACCESSORI_TELO-COPRIMACCHINA-836x650.png\" class=\"attachment-grandprix_mikado_image_landscape size-grandprix_mikado_image_landscape wp-post-image\" alt=\"\" \/><\/div>\n<div class=\"mkdf-pli-text-holder\" >\n\t<div class=\"mkdf-pli-text-wrapper\">\n\t\t<div class=\"mkdf-pli-text\">\n\t\t\t<span class=\"mkdf-pli-date\">25 juin 2024 <\/span>\n\t\t\t\n\t\t\t\t<h4 itemprop=\"name\" class=\"mkdf-pli-title entry-title\" >\n\t\tHousse pour Machines\t<\/h4>\n\n\t\t\t\n\t\t\t\n\t\t\t\t<p itemprop=\"description\" class=\"mkdf-pli-excerpt\">Convient \u00e0 tous les mod\u00e8les de machines.<\/p>\n\t\t<\/div>\n\t<\/div>\n<\/div>\n\t\t<a itemprop=\"url\" class=\"mkdf-pli-link mkdf-block-drag-link\" href=\"https:\/\/www.ofmer.com\/fr\/catalogo\/housse-pour-machines\/\" target=\"_self\"><\/a>\n\t<\/div>\n<\/article>\t<\/div>\n\t\n\t<\/div>[\/vc_column][\/vc_row]<\/p>\n<\/section>","protected":false},"excerpt":{"rendered":"<p>[vc_row row_content_width=\u00a0\u00bbgrid\u00a0\u00bb disable_background_image=\u00a0\u00bb\u00a0\u00bb vertical_lines=\u00a0\u00bbyes\u00a0\u00bb css=\u00a0\u00bb.vc_custom_1568273586269{padding-top: 117px !important;padding-bottom: 130px !important;}\u00a0\u00bb][vc_column][\/vc_column][\/vc_row]<\/p>\n","protected":false},"author":1,"featured_media":0,"parent":0,"menu_order":0,"comment_status":"closed","ping_status":"closed","template":"full-width.php","meta":{"om_disable_all_campaigns":false,"_monsterinsights_skip_tracking":false,"_monsterinsights_sitenote_active":false,"_monsterinsights_sitenote_note":"","_monsterinsights_sitenote_category":0,"_uf_show_specific_survey":0,"_uf_disable_surveys":false,"footnotes":""},"class_list":["post-6894","page","type-page","status-publish","hentry"],"aioseo_notices":[],"_links":{"self":[{"href":"https:\/\/www.ofmer.com\/fr\/wp-json\/wp\/v2\/pages\/6894","targetHints":{"allow":["GET"]}}],"collection":[{"href":"https:\/\/www.ofmer.com\/fr\/wp-json\/wp\/v2\/pages"}],"about":[{"href":"https:\/\/www.ofmer.com\/fr\/wp-json\/wp\/v2\/types\/page"}],"author":[{"embeddable":true,"href":"https:\/\/www.ofmer.com\/fr\/wp-json\/wp\/v2\/users\/1"}],"replies":[{"embeddable":true,"href":"https:\/\/www.ofmer.com\/fr\/wp-json\/wp\/v2\/comments?post=6894"}],"version-history":[{"count":3,"href":"https:\/\/www.ofmer.com\/fr\/wp-json\/wp\/v2\/pages\/6894\/revisions"}],"predecessor-version":[{"id":6957,"href":"https:\/\/www.ofmer.com\/fr\/wp-json\/wp\/v2\/pages\/6894\/revisions\/6957"}],"wp:attachment":[{"href":"https:\/\/www.ofmer.com\/fr\/wp-json\/wp\/v2\/media?parent=6894"}],"curies":[{"name":"wp","href":"https:\/\/api.w.org\/{rel}","templated":true}]}}