{"id":7111,"date":"2024-05-05T14:06:52","date_gmt":"2024-05-05T12:06:52","guid":{"rendered":"https:\/\/www.ofmer.com\/macchine-rebar\/"},"modified":"2024-07-24T16:00:03","modified_gmt":"2024-07-24T14:00:03","slug":"machines-a-barres-darmature","status":"publish","type":"page","link":"https:\/\/www.ofmer.com\/fr\/machines-a-barres-darmature\/","title":{"rendered":"Enterprise"},"content":{"rendered":"<section class=\"wpb-content-wrapper\"><p>[vc_row disable_background_image=\u00a0\u00bb1024&Prime; enable_background_svg=\u00a0\u00bbyes\u00a0\u00bb animated_text_position=\u00a0\u00bbright\u00a0\u00bb disable_animated_text=\u00a0\u00bb\u00a0\u00bb animated_text=\u00a0\u00bbracing\u00a0\u00bb animated_text_color=\u00a0\u00bb#101010&Prime; simple_background_color=\u00a0\u00bb#000000&Prime; el_class=\u00a0\u00bbmkdf-row-margin-top\u00a0\u00bb css=\u00a0\u00bb.vc_custom_1714982762415{padding-top: 100px !important;padding-bottom: 100px !important;}\u00a0\u00bb][vc_column css=\u00a0\u00bb.vc_custom_1716472692920{margin-bottom: -150px !important;border-bottom-width: -70px !important;padding-top: 0px !important;padding-bottom: 0px !important;}\u00a0\u00bb][vc_row_inner row_content_width=\u00a0\u00bbgrid\u00a0\u00bb][vc_column_inner css=\u00a0\u00bb.vc_custom_1567499344778{padding-top: 0px !important;padding-bottom: 0px !important;}\u00a0\u00bb]<div class=\"mkdf-elements-holder   mkdf-two-columns  mkdf-responsive-mode-768 \" ><div class=\"mkdf-eh-item    \"  data-item-class=\"mkdf-eh-custom-7055\">\n\t<div class=\"mkdf-eh-item-inner\">\n\t\t<div class=\"mkdf-eh-item-content mkdf-eh-custom-7055\" >\n\t\t\t<div class=\"mkdf-section-title-holder    mkdf-has-appear-animation\" style=\"text-align: center\">\n\t<div class=\"mkdf-st-inner\">\n\t\t\t\t\t\t<h2 class=\"mkdf-st-title\" style=\"color: #ffffff\">\n\t\t\t\t\t\t\t\t\tMission\t\t\t\t\t\t\t<\/h2>\n\t\t\t\t\t\t\t<\/div>\n<\/div>[vc_column_text]<\/p>\n<p style=\"text-align: center;\">Notre mission est de concevoir et fabriquer des machines \u00e0 barres d\u2019armature fabriqu\u00e9es en Italie avec des mat\u00e9riaux et des technologies de pointe, ainsi que de consolider nos relations commerciales, de formation et d\u2019assistance avec plus de 400 clients dans le monde entier.<\/p>\n<p>[\/vc_column_text][vc_empty_space height=\u00a0\u00bb50px\u00a0\u00bb]\t\t<\/div>\n\t<\/div>\n<\/div><\/div>[\/vc_column_inner][\/vc_row_inner][vc_row_inner row_content_width=\u00a0\u00bbgrid\u00a0\u00bb][vc_column_inner css=\u00a0\u00bb.vc_custom_1567499344778{padding-top: 0px !important;padding-bottom: 0px !important;}\u00a0\u00bb]<div class=\"mkdf-elements-holder   mkdf-two-columns  mkdf-responsive-mode-768 \" ><div class=\"mkdf-eh-item    \"  data-item-class=\"mkdf-eh-custom-3203\">\n\t<div class=\"mkdf-eh-item-inner\">\n\t\t<div class=\"mkdf-eh-item-content mkdf-eh-custom-3203\" >\n\t\t\t<div class=\"mkdf-section-title-holder    mkdf-has-appear-animation\" style=\"text-align: center\">\n\t<div class=\"mkdf-st-inner\">\n\t\t\t\t\t\t<h2 class=\"mkdf-st-title\" style=\"color: #ffffff\">\n\t\t\t\t\t\t\t\t\tVision\t\t\t\t\t\t\t<\/h2>\n\t\t\t\t\t\t\t<\/div>\n<\/div>[vc_column_text]<\/p>\n<p style=\"text-align: center;\">Notre objectif \u00e0 long terme est de devenir une r\u00e9f\u00e9rence mondiale dans le secteur des machines de coupe et de pliage des barres d\u2019armature, en offrant des solutions innovantes et de haute qualit\u00e9 100% made in Italy. Gr\u00e2ce \u00e0 notre recherche continue de l\u2019excellence, nous voulons transformer les d\u00e9fis en opportunit\u00e9s et consolider notre position de leader sur le march\u00e9, en maintenant toujours nos valeurs de fiabilit\u00e9, d\u2019innovation et de soin du client.<\/p>\n<p>[\/vc_column_text][vc_empty_space height=\u00a0\u00bb50px\u00a0\u00bb]\t\t<\/div>\n\t<\/div>\n<\/div><\/div>[\/vc_column_inner][\/vc_row_inner][vc_row_inner row_content_width=\u00a0\u00bbgrid\u00a0\u00bb][vc_column_inner css=\u00a0\u00bb.vc_custom_1567499344778{padding-top: 0px !important;padding-bottom: 0px !important;}\u00a0\u00bb]<div class=\"mkdf-elements-holder   mkdf-two-columns  mkdf-responsive-mode-768 \" ><div class=\"mkdf-eh-item    \"  data-item-class=\"mkdf-eh-custom-5309\">\n\t<div class=\"mkdf-eh-item-inner\">\n\t\t<div class=\"mkdf-eh-item-content mkdf-eh-custom-5309\" >\n\t\t\t<div class=\"mkdf-section-title-holder    mkdf-has-appear-animation\" style=\"text-align: center\">\n\t<div class=\"mkdf-st-inner\">\n\t\t\t\t\t\t<h2 class=\"mkdf-st-title\" style=\"color: #ffffff\">\n\t\t\t\t\t\t\t\t\tNotre Philosophie\t\t\t\t\t\t\t<\/h2>\n\t\t\t\t\t\t\t<\/div>\n<\/div>[vc_column_text]<\/p>\n<p style=\"text-align: center;\">Nous sommes conscients de l\u2019importance de maintenir un flux de travail constant sur un chantier, surtout lorsque les d\u00e9lais fix\u00e9s par le client sont en jeu. C\u2019est pourquoi nous s\u00e9lectionnons soigneusement nos fournisseurs et collaborateurs et proc\u00e9dons \u00e0 une \u00e9valuation rigoureuse de chaque composant et de l\u2019ensemble du processus de production, de la mati\u00e8re premi\u00e8re au produit fini, afin de garantir un produit performant et efficace.<\/p>\n<p style=\"text-align: center;\">Cette attention aux d\u00e9tails et notre recherche incessante de solutions innovantes nous ont permis de nous imposer comme leaders du secteur au niveau international.<\/p>\n<p>[\/vc_column_text]\t\t<\/div>\n\t<\/div>\n<\/div><\/div>[\/vc_column_inner][\/vc_row_inner][\/vc_column][\/vc_row][vc_row disable_background_image=\u00a0\u00bb1024&Prime; enable_background_svg=\u00a0\u00bbyes\u00a0\u00bb animated_text_position=\u00a0\u00bbright\u00a0\u00bb disable_animated_text=\u00a0\u00bb\u00a0\u00bb animated_text=\u00a0\u00bbracing\u00a0\u00bb animated_text_color=\u00a0\u00bb#101010&Prime; simple_background_color=\u00a0\u00bb#000000&Prime; el_class=\u00a0\u00bbmkdf-row-margin-top\u00a0\u00bb animated_text_overlay_image=\u00a0\u00bb2357&Prime; background_svg=\u00a0\u00bbJTNDZGl2JTIwY2xhc3MlM0QlMjJta2RmLWFuaW1hdGVkLWJhY2tncm91bmQtc3ZnJTIyJTNFJTNDc3ZnJTIweG1sbnMlM0QlMjJodHRwJTNBJTJGJTJGd3d3LnczLm9yZyUyRjIwMDAlMkZzdmclMjIlMjB4bWxucyUzQXhsaW5rJTNEJTIyaHR0cCUzQSUyRiUyRnd3dy53My5vcmclMkYxOTk5JTJGeGxpbmslMjIlMjB4JTNEJTIyMHB4JTIyJTIweSUzRCUyMjBweCUyMiUyMHZpZXdCb3glM0QlMjIwJTIwMCUyMDE5MjAlMjA3MDAlMjIlMjBlbmFibGUtYmFja2dyb3VuZCUzRCUyMm5ldyUyMDAlMjAwJTIwMTkyMCUyMDcwMCUyMiUyMHhtbCUzQXNwYWNlJTNEJTIycHJlc2VydmUlMjIlM0UlMEElM0NwYXRoJTIwc3R5bGUlM0QlMjJmaWxsJTNBbm9uZSUzQnN0cm9rZSUzQXJlZCUzQnN0cm9rZS1taXRlcmxpbWl0JTNBMTAlMjIlMjBkJTNEJTIyTTAlMkMyNTcuNzhjMjMuMjYlMkMwLjYzJTJDNDcuMzYlMkMyLjIzJTJDNzIuNiUyQzQuOGM0My41MSUyQzQuNDglMkM4NC4yNCUyQzExLjE2JTJDMTIxLjA3JTJDMTkuODQlMEElMDljNDEuNTYlMkM5LjglMkM3OS45MiUyQzIyLjU2JTJDMTE0LjAyJTJDMzcuOTNjMTguNCUyQzguMjQlMkMzNi4zOCUyQzE3LjUzJTJDNTQuOTklMkMyOC4zOGM2OS40NiUyQzQwLjUzJTJDMTI4LjA1JTJDOTMuMjglMkMxODQuNzElMkMxNDQuMyUwQSUwOWM0OS40NyUyQzQ0LjU0JTJDMTAwLjYzJTJDOTAuNiUyQzE1OC42NSUyQzEyOC4xMmM0My4zMyUyQzI4LjAyJTJDODUuNTIlMkM0Ni42NSUyQzEyNS40MSUyQzU1LjM5YzI0LjkxJTJDNS40NiUyQzQ5LjE5JTJDNy4xNCUyQzcyLjE3JTJDNSUwQSUwOWM4NC45LTguMDUlMkMxNTMuNjgtNjYuODIlMkMyMDguOTQtMTE0LjA1Yzc2LjcxLTY1LjM3JTJDMTUyLjg5LTEyNi42OCUyQzIyNi40LTE4Mi4yM2M0OS0zNi45OCUyQzk3LjE2LTcyLjMzJTJDMTQzLjc0LTEwNi41MmwwLjA5LTAuMDYlMEElMDljMTguNjMtMTMuNjclMkMzNy44OS0yNy44MSUyQzU2Ljg1LTQxLjc5YzE4Ljg5LTEzLjkzJTJDNDEuNS0yOS40NSUyQzY2LjA1LTM4Ljg5YzEzLTUlMkMyNS43NC03Ljk1JTJDMzcuODctOC43NyUwQSUwOWMxMy43My0wLjkzJTJDMjcuMjIlMkMwLjgzJTJDNDAuMTElMkM1LjIyYzI2LjklMkM5LjE1JTJDNDcuODMlMkMyOC4wNyUyQzYzLjk5JTJDNTcuODRjMTQuMiUyQzI2LjE2JTJDMjIuMzMlMkM1Ni4yNSUyQzI4LjgzJTJDODIuMzklMEElMDljMzAuNzUlMkMxMjQuNiUyQzc0LjUlMkMyMTcuMDQlMkMxMzcuNjclMkMyOTAuOTFjMS45MiUyQzIuMjQlMkMzLjg2JTJDNC40NyUyQzUuODQlMkM2LjY5JTIyJTJGJTNFJTBBJTNDJTJGc3ZnJTNFJTNDJTJGZGl2JTNF\u00a0\u00bb][vc_column css=\u00a0\u00bb.vc_custom_1719499710860{margin-top: 0px !important;margin-bottom: 0px !important;border-top-width: 0px !important;border-bottom-width: 0px !important;padding-top: 0px !important;padding-bottom: 0px !important;}\u00a0\u00bb][vc_row_inner row_content_width=\u00a0\u00bbgrid\u00a0\u00bb][vc_column_inner css=\u00a0\u00bb.vc_custom_1567499344778{padding-top: 0px !important;padding-bottom: 0px !important;}\u00a0\u00bb]<div class=\"mkdf-elements-holder   mkdf-one-column  mkdf-responsive-mode-768 \" ><div class=\"mkdf-eh-item    \"  data-item-class=\"mkdf-eh-custom-1887\" data-1400-1600=\"195px 0 238px\" data-1025-1399=\"183px 0 227px\" data-769-1024=\"160px 0 150px\" data-681-768=\"144px 0 150px\" data-680=\"105px 0 150px\">\n\t<div class=\"mkdf-eh-item-inner\">\n\t\t<div class=\"mkdf-eh-item-content mkdf-eh-custom-1887\" style=\"padding: 195px 0 238px\">\n\t\t\t<div class=\"mkdf-item-showcase-specific-holder  mkdf-iss-text-left mkdf-light-skin mkdf-has-appear-animation\">\n\t<div class=\"mkdf-iss-content\">\n\t\t<div class=\"mkdf-iss-info-section\">\n\t\t\t\t\t\t\t\t\t\t<h2 class=\"mkdf-iss-title\" style=\"color: #ffffff\">\n\t\t\t\t\tNotre Usine\t\t\t\t<\/h2>\n\t\t\t\t\t\t\t\t\t\t<p class=\"mkdf-is-text\" style=\"color: #b2b2b2\">En 2008, nous avons transf\u00e9r\u00e9 nos activit\u00e9s dans un complexe moderne situ\u00e9 dans la zone industrielle de Trezzo sull\u2019Adda. Notre d\u00e9partement de production s\u2019\u00e9tend sur une surface de 2000 m\u00e8tres carr\u00e9s, o\u00f9 les \u00e9quipements et les mat\u00e9riaux sont dispos\u00e9s de mani\u00e8re efficace pour optimiser les temps de production. La disposition \u201ccirculaire\u201d des \u00e9quipements et des mat\u00e9riaux cr\u00e9e une cha\u00eene de montage fluide : du stockage des mati\u00e8res premi\u00e8res \u00e0 l\u2019assemblage, de la peinture \u00e0 l\u2019installation des pi\u00e8ces \u00e9lectriques, jusqu\u2019aux derniers tests avant la livraison et la pr\u00e9paration pour l\u2019exp\u00e9dition. De plus, gr\u00e2ce aux machines \u00e0 commande num\u00e9rique, nous produisons en interne la majorit\u00e9 des composants et des accessoires, offrant la possibilit\u00e9 d\u2019apporter des modifications aux mod\u00e8les standard et de r\u00e9aliser des \u00e9quipements personnalis\u00e9s selon les besoins sp\u00e9cifiques de nos clients.<\/p>\n\t\t\t\t\t\t\t\t\t\t<\/div>\n\t\t<div class=\"mkdf-iss-media-section\">\n\t\t\t<div class=\"mkdf-iss-al-and-si-holder\">\n\t\t\t\t<div class=\"mkdf-iss-additional-link-holder\">\n\t\t\t\t\t\t\t\t\t<\/div>\n\t\t\t\t<div class=\"mkdf-iss-second-image-holder\">\n\t\t\t\t\t\t\t\t\t<\/div>\n\t\t\t<\/div>\n\t\t\t<div class=\"mkdf-iss-main-image-holder\">\n\t\t\t\t<img loading=\"lazy\" decoding=\"async\" width=\"1000\" height=\"677\" src=\"https:\/\/www.ofmer.com\/wp-content\/uploads\/2024\/05\/OFMER_AZIENDA-00.png\" class=\"attachment-full size-full\" alt=\"\" style=\"transform: scale(1.4)\" srcset=\"https:\/\/www.ofmer.com\/wp-content\/uploads\/2024\/05\/OFMER_AZIENDA-00.png 1000w, https:\/\/www.ofmer.com\/wp-content\/uploads\/2024\/05\/OFMER_AZIENDA-00-300x203.png 300w, https:\/\/www.ofmer.com\/wp-content\/uploads\/2024\/05\/OFMER_AZIENDA-00-768x520.png 768w, https:\/\/www.ofmer.com\/wp-content\/uploads\/2024\/05\/OFMER_AZIENDA-00-600x406.png 600w\" sizes=\"auto, (max-width: 1000px) 100vw, 1000px\" \/>\t\t\t<\/div>\n\t\t\t<div class=\"mkdf-iss-icon-holder\">\n\t\t\t\t\t\t\t<\/div>\n\t\t<\/div>\n\t<\/div>\n<\/div>\t\t<\/div>\n\t<\/div>\n<\/div><\/div>[\/vc_column_inner][\/vc_row_inner][vc_row_inner row_content_width=\u00a0\u00bbgrid\u00a0\u00bb][vc_column_inner css=\u00a0\u00bb.vc_custom_1716472744341{margin-top: -150px !important;margin-bottom: -50px !important;border-top-width: -50px !important;border-bottom-width: -70px !important;padding-top: 0px !important;padding-bottom: 0px !important;}\u00a0\u00bb]<div class=\"mkdf-elements-holder   mkdf-one-column  mkdf-responsive-mode-768 \" ><div class=\"mkdf-eh-item   mkdf-horizontal-alignment-right \"  data-item-class=\"mkdf-eh-custom-8175\" data-1400-1600=\"195px 0 238px\" data-1025-1399=\"183px 0 227px\" data-769-1024=\"160px 0 150px\" data-681-768=\"144px 0 150px\" data-680=\"105px 0 150px\">\n\t<div class=\"mkdf-eh-item-inner\">\n\t\t<div class=\"mkdf-eh-item-content mkdf-eh-custom-8175\" style=\"padding: 195px 0 238px\">\n\t\t\t<div class=\"mkdf-item-showcase-specific-holder  mkdf-iss-text-right mkdf-light-skin mkdf-has-appear-animation\">\n\t<div class=\"mkdf-iss-content\">\n\t\t<div class=\"mkdf-iss-info-section\">\n\t\t\t\t\t\t\t\t\t\t<h2 class=\"mkdf-iss-title\" style=\"color: #ffffff\">\n\t\t\t\t\tGarantie de 24 Mois Prolongeable\t\t\t\t<\/h2>\n\t\t\t\t\t\t\t\t\t\t<p class=\"mkdf-is-text\" style=\"color: #b2b2b2\">Toutes nos machines sont couvertes par une garantie standard de 1 an, extensible de 12 mois suppl\u00e9mentaires en rejoignant le programme de fid\u00e9lit\u00e9 Ofmer Owner Club. De plus, en tant que nouveau membre, vous recevrez un kit de pi\u00e8ces de rechange d\u2019origine Ofmer en cadeau, con\u00e7u pour l\u2019entretien ordinaire et extraordinaire de votre machine.<\/p>\n\t\t\t\t\t\t\t\t\t\t<\/div>\n\t\t<div class=\"mkdf-iss-media-section\">\n\t\t\t<div class=\"mkdf-iss-al-and-si-holder\">\n\t\t\t\t<div class=\"mkdf-iss-additional-link-holder\">\n\t\t\t\t\t\t\t\t\t<\/div>\n\t\t\t\t<div class=\"mkdf-iss-second-image-holder\">\n\t\t\t\t\t\t\t\t\t<\/div>\n\t\t\t<\/div>\n\t\t\t<div class=\"mkdf-iss-main-image-holder\">\n\t\t\t\t<img loading=\"lazy\" decoding=\"async\" width=\"1000\" height=\"677\" src=\"https:\/\/www.ofmer.com\/wp-content\/uploads\/2024\/05\/OOC.png\" class=\"attachment-full size-full\" alt=\"\" style=\"transform: scale(1.4)\" srcset=\"https:\/\/www.ofmer.com\/wp-content\/uploads\/2024\/05\/OOC.png 1000w, https:\/\/www.ofmer.com\/wp-content\/uploads\/2024\/05\/OOC-300x203.png 300w, https:\/\/www.ofmer.com\/wp-content\/uploads\/2024\/05\/OOC-768x520.png 768w, https:\/\/www.ofmer.com\/wp-content\/uploads\/2024\/05\/OOC-600x406.png 600w\" sizes=\"auto, (max-width: 1000px) 100vw, 1000px\" \/>\t\t\t<\/div>\n\t\t\t<div class=\"mkdf-iss-icon-holder\">\n\t\t\t\t\t\t\t<\/div>\n\t\t<\/div>\n\t<\/div>\n<\/div>\t\t<\/div>\n\t<\/div>\n<\/div><\/div>[\/vc_column_inner][\/vc_row_inner][vc_row_inner row_content_width=\u00a0\u00bbgrid\u00a0\u00bb][vc_column_inner css=\u00a0\u00bb.vc_custom_1567499344778{padding-top: 0px !important;padding-bottom: 0px !important;}\u00a0\u00bb]<div class=\"mkdf-elements-holder   mkdf-two-columns  mkdf-responsive-mode-768 \" ><div class=\"mkdf-eh-item    \"  data-item-class=\"mkdf-eh-custom-6720\">\n\t<div class=\"mkdf-eh-item-inner\">\n\t\t<div class=\"mkdf-eh-item-content mkdf-eh-custom-6720\" >\n\t\t\t<div class=\"mkdf-section-title-holder    mkdf-has-appear-animation\" style=\"text-align: center\">\n\t<div class=\"mkdf-st-inner\">\n\t\t\t\t\t\t<h2 class=\"mkdf-st-title\" style=\"color: #ffffff\">\n\t\t\t\t\t\t\t\t\tCertifications\t\t\t\t\t\t\t<\/h2>\n\t\t\t\t\t\t\t<\/div>\n<\/div>[vc_column_text]<\/p>\n<p style=\"text-align: center;\">Depuis plus de 40 ans, nous apportons notre exp\u00e9rience dans le secteur de la production de machines de coupe et de pliage des barres d\u2019armature dans le monde entier. Acheter une machine Ofmer, c\u2019est acheter de la qualit\u00e9, de la durabilit\u00e9 et de l\u2019efficacit\u00e9. Cela est d\u00e9montr\u00e9 par les certifications internationales de nos machines 100% made in Italy, garantissant leur fiabilit\u00e9.<\/p>\n<p>[\/vc_column_text][vc_empty_space height=\u00a0\u00bb40px\u00a0\u00bb]\t\t<\/div>\n\t<\/div>\n<\/div><\/div>[\/vc_column_inner][\/vc_row_inner][\/vc_column][\/vc_row][vc_row row_content_width=\u00a0\u00bbgrid\u00a0\u00bb disable_background_image=\u00a0\u00bb\u00a0\u00bb simple_background_color=\u00a0\u00bb#ed1d24&Prime; css=\u00a0\u00bb.vc_custom_1719499775301{margin-top: 40px !important;}\u00a0\u00bb][vc_column css=\u00a0\u00bb.vc_custom_1569240665386{padding-top: 100px !important;padding-right: 0px !important;padding-bottom: 100px !important;padding-left: 0px !important;}\u00a0\u00bb]<div class=\"mkdf-clients-grid-holder mkdf-grid-list mkdf-disable-bottom-space mkdf-five-columns mkdf-small-space  mkdf-cc-hover-roll-over\">\n\t<div class=\"mkdf-cg-inner mkdf-outer-space\">\n\t\t<div class=\"mkdf-cc-item mkdf-item-space mkdf-cci-has-link\">\n\t\t\t<a itemprop=\"url\" class=\"mkdf-cc-link mkdf-block-drag-link\" href=\"#\" target=\"_self\">\n\t\t\t\t\t\t<img decoding=\"async\" itemprop=\"image\" class=\"mkdf-cc-image\" src=\"https:\/\/www.ofmer.com\/wp-content\/uploads\/2024\/05\/OFMER_CERTIFICAZIONI_01-1.png\" alt=\"\" \/>\n\t\t\t\t\t\t\t<img decoding=\"async\" itemprop=\"image\" class=\"mkdf-cc-hover-image\" src=\"https:\/\/www.ofmer.com\/wp-content\/uploads\/2024\/05\/OFMER_CERTIFICAZIONI_01-1.png\" alt=\"\" \/>\n\t\t\t\t\t<\/a>\n\t<\/div><div class=\"mkdf-cc-item mkdf-item-space mkdf-cci-has-link\">\n\t\t\t<a itemprop=\"url\" class=\"mkdf-cc-link mkdf-block-drag-link\" href=\"#\" target=\"_self\">\n\t\t\t\t\t\t<img decoding=\"async\" itemprop=\"image\" class=\"mkdf-cc-image\" src=\"https:\/\/www.ofmer.com\/wp-content\/uploads\/2024\/05\/OFMER_CERTIFICAZIONI_02-1.png\" alt=\"\" \/>\n\t\t\t\t\t\t\t<img decoding=\"async\" itemprop=\"image\" class=\"mkdf-cc-hover-image\" src=\"https:\/\/www.ofmer.com\/wp-content\/uploads\/2024\/05\/OFMER_CERTIFICAZIONI_02-1.png\" alt=\"\" \/>\n\t\t\t\t\t<\/a>\n\t<\/div><div class=\"mkdf-cc-item mkdf-item-space mkdf-cci-has-link\">\n\t\t\t<a itemprop=\"url\" class=\"mkdf-cc-link mkdf-block-drag-link\" href=\"#\" target=\"_self\">\n\t\t\t\t\t\t<img decoding=\"async\" itemprop=\"image\" class=\"mkdf-cc-image\" src=\"https:\/\/www.ofmer.com\/wp-content\/uploads\/2024\/05\/OFMER_CERTIFICAZIONI_05.png\" alt=\"\" \/>\n\t\t\t\t\t\t\t<img decoding=\"async\" itemprop=\"image\" class=\"mkdf-cc-hover-image\" src=\"https:\/\/www.ofmer.com\/wp-content\/uploads\/2024\/05\/OFMER_CERTIFICAZIONI_05.png\" alt=\"\" \/>\n\t\t\t\t\t<\/a>\n\t<\/div><div class=\"mkdf-cc-item mkdf-item-space mkdf-cci-has-link\">\n\t\t\t<a itemprop=\"url\" class=\"mkdf-cc-link mkdf-block-drag-link\" href=\"#\" target=\"_self\">\n\t\t\t\t\t\t<img decoding=\"async\" itemprop=\"image\" class=\"mkdf-cc-image\" src=\"https:\/\/www.ofmer.com\/wp-content\/uploads\/2024\/05\/OFMER_CERTIFICAZIONI_04-1.png\" alt=\"\" \/>\n\t\t\t\t\t\t\t<img decoding=\"async\" itemprop=\"image\" class=\"mkdf-cc-hover-image\" src=\"https:\/\/www.ofmer.com\/wp-content\/uploads\/2024\/05\/OFMER_CERTIFICAZIONI_04-1.png\" alt=\"\" \/>\n\t\t\t\t\t<\/a>\n\t<\/div><div class=\"mkdf-cc-item mkdf-item-space mkdf-cci-has-link\">\n\t\t\t<a itemprop=\"url\" class=\"mkdf-cc-link mkdf-block-drag-link\" href=\"#\" target=\"_self\">\n\t\t\t\t\t\t<img decoding=\"async\" itemprop=\"image\" class=\"mkdf-cc-image\" src=\"https:\/\/www.ofmer.com\/wp-content\/uploads\/2024\/05\/OFMER_CERTIFICAZIONI_03-1.png\" alt=\"\" \/>\n\t\t\t\t\t\t\t<img decoding=\"async\" itemprop=\"image\" class=\"mkdf-cc-hover-image\" src=\"https:\/\/www.ofmer.com\/wp-content\/uploads\/2024\/05\/OFMER_CERTIFICAZIONI_03-1.png\" alt=\"\" \/>\n\t\t\t\t\t<\/a>\n\t<\/div><div class=\"mkdf-cc-item mkdf-item-space mkdf-cci-has-link\">\n\t\t\t<a itemprop=\"url\" class=\"mkdf-cc-link mkdf-block-drag-link\" href=\"#\" target=\"_self\">\n\t\t\t\t\t\t<img decoding=\"async\" itemprop=\"image\" class=\"mkdf-cc-image\" src=\"https:\/\/www.ofmer.com\/wp-content\/uploads\/2024\/05\/OFMER_CERTIFICAZIONI_07-1.png\" alt=\"\" \/>\n\t\t\t\t\t\t\t<img decoding=\"async\" itemprop=\"image\" class=\"mkdf-cc-hover-image\" src=\"https:\/\/www.ofmer.com\/wp-content\/uploads\/2024\/05\/OFMER_CERTIFICAZIONI_07-1.png\" alt=\"\" \/>\n\t\t\t\t\t<\/a>\n\t<\/div><div class=\"mkdf-cc-item mkdf-item-space mkdf-cci-has-link\">\n\t\t\t<a itemprop=\"url\" class=\"mkdf-cc-link mkdf-block-drag-link\" href=\"#\" target=\"_self\">\n\t\t\t\t\t\t<img decoding=\"async\" itemprop=\"image\" class=\"mkdf-cc-image\" src=\"https:\/\/www.ofmer.com\/wp-content\/uploads\/2024\/05\/OFMER_CERTIFICAZIONI_06-1.png\" alt=\"\" \/>\n\t\t\t\t\t\t\t<img decoding=\"async\" itemprop=\"image\" class=\"mkdf-cc-hover-image\" src=\"https:\/\/www.ofmer.com\/wp-content\/uploads\/2024\/05\/OFMER_CERTIFICAZIONI_06-1.png\" alt=\"\" \/>\n\t\t\t\t\t<\/a>\n\t<\/div>\t<\/div>\n<\/div>[\/vc_column][\/vc_row][vc_row disable_background_image=\u00a0\u00bb1024&Prime; enable_background_svg=\u00a0\u00bbyes\u00a0\u00bb animated_text_position=\u00a0\u00bbright\u00a0\u00bb disable_animated_text=\u00a0\u00bb\u00a0\u00bb animated_text=\u00a0\u00bbracing\u00a0\u00bb animated_text_color=\u00a0\u00bb#101010&Prime; simple_background_color=\u00a0\u00bb#000000&Prime; el_class=\u00a0\u00bbmkdf-row-margin-top\u00a0\u00bb css=\u00a0\u00bb.vc_custom_1714982762415{padding-top: 100px !important;padding-bottom: 100px !important;}\u00a0\u00bb][vc_column css=\u00a0\u00bb.vc_custom_1568717806229{padding-top: 0px !important;padding-bottom: 0px !important;}\u00a0\u00bb][vc_row_inner row_content_width=\u00a0\u00bbgrid\u00a0\u00bb][vc_column_inner css=\u00a0\u00bb.vc_custom_1567499344778{padding-top: 0px !important;padding-bottom: 0px !important;}\u00a0\u00bb]<div class=\"mkdf-elements-holder   mkdf-two-columns  mkdf-responsive-mode-768 \" ><div class=\"mkdf-eh-item    \"  data-item-class=\"mkdf-eh-custom-4438\">\n\t<div class=\"mkdf-eh-item-inner\">\n\t\t<div class=\"mkdf-eh-item-content mkdf-eh-custom-4438\" style=\"padding: 30px\">\n\t\t\t[vc_gmaps link=\u00a0\u00bb#E-8_aHR0cHMlM0ElMkYlMkZ3d3cuZ29vZ2xlLmNvbSUyRm1hcHMlM0ZsbCUzRDQ1LjU5MzA3NSUyQzkuNTEyMzg2JTI2eiUzRDE1JTI2dCUzRG0lMjZobCUzRGl0LUlUJTI2Z2wlM0RVUyUyNm1hcGNsaWVudCUzRGVtYmVkJTI2Y2lkJTNENzQ5MTQ0NTcwOTIzMjM4NTI3OQ==\u00a0\u00bb size=\u00a0\u00bb600px\u00a0\u00bb][vc_empty_space css=\u00a0\u00bb.vc_custom_1717060418594{margin-right: 30px !important;}\u00a0\u00bb]\t\t<\/div>\n\t<\/div>\n<\/div><div class=\"mkdf-eh-item    \"  data-item-class=\"mkdf-eh-custom-8995\">\n\t<div class=\"mkdf-eh-item-inner\">\n\t\t<div class=\"mkdf-eh-item-content mkdf-eh-custom-8995\" >\n\t\t\t<div class=\"mkdf-section-title-holder    mkdf-has-appear-animation\" style=\"text-align: left\">\n\t<div class=\"mkdf-st-inner\">\n\t\t\t\t\t\t<h2 class=\"mkdf-st-title\" style=\"color: #ffffff\">\n\t\t\t\t\t\t\t\t\tVisitez-nous\t\t\t\t\t\t\t<\/h2>\n\t\t\t\t\t\t\t<\/div>\n<\/div>[vc_column_text]Nous sommes fiers de nos installations de production et vous invitons \u00e0 nous rendre visite pour d\u00e9couvrir la qualit\u00e9 et la fiabilit\u00e9 de nos machines. Notre personnel sera heureux de vous accueillir et de vous pr\u00e9senter notre entreprise et nos produits.[\/vc_column_text]\t\t<\/div>\n\t<\/div>\n<\/div><\/div>[\/vc_column_inner][\/vc_row_inner][\/vc_column][\/vc_row][vc_row content_placement=\u00a0\u00bbmiddle\u00a0\u00bb disable_background_image=\u00a0\u00bb\u00a0\u00bb][vc_column][vc_empty_space height=\u00a0\u00bb70px\u00a0\u00bb][\/vc_column][\/vc_row]<\/p>\n<\/section>","protected":false},"excerpt":{"rendered":"<p>[vc_row disable_background_image=\u00a0\u00bb1024&Prime; enable_background_svg=\u00a0\u00bbyes\u00a0\u00bb animated_text_position=\u00a0\u00bbright\u00a0\u00bb disable_animated_text=\u00a0\u00bb\u00a0\u00bb animated_text=\u00a0\u00bbracing\u00a0\u00bb animated_text_color=\u00a0\u00bb#101010&Prime; simple_background_color=\u00a0\u00bb#000000&Prime; el_class=\u00a0\u00bbmkdf-row-margin-top\u00a0\u00bb css=\u00a0\u00bb.vc_custom_1714982762415{padding-top: 100px !important;padding-bottom: 100px !important;}\u00a0\u00bb][vc_column css=\u00a0\u00bb.vc_custom_1716472692920{margin-bottom: -150px !important;border-bottom-width: -70px !important;padding-top: 0px !important;padding-bottom: 0px !important;}\u00a0\u00bb][vc_row_inner row_content_width=\u00a0\u00bbgrid\u00a0\u00bb][vc_column_inner css=\u00a0\u00bb.vc_custom_1567499344778{padding-top: 0px !important;padding-bottom: 0px !important;}\u00a0\u00bb][\/vc_column_inner][\/vc_row_inner][vc_row_inner row_content_width=\u00a0\u00bbgrid\u00a0\u00bb][vc_column_inner css=\u00a0\u00bb.vc_custom_1567499344778{padding-top: 0px !important;padding-bottom: 0px !important;}\u00a0\u00bb][\/vc_column_inner][\/vc_row_inner][vc_row_inner row_content_width=\u00a0\u00bbgrid\u00a0\u00bb][vc_column_inner css=\u00a0\u00bb.vc_custom_1567499344778{padding-top: 0px !important;padding-bottom: 0px !important;}\u00a0\u00bb][\/vc_column_inner][\/vc_row_inner][\/vc_column][\/vc_row][vc_row disable_background_image=\u00a0\u00bb1024&Prime; enable_background_svg=\u00a0\u00bbyes\u00a0\u00bb animated_text_position=\u00a0\u00bbright\u00a0\u00bb disable_animated_text=\u00a0\u00bb\u00a0\u00bb animated_text=\u00a0\u00bbracing\u00a0\u00bb animated_text_color=\u00a0\u00bb#101010&Prime; simple_background_color=\u00a0\u00bb#000000&Prime; el_class=\u00a0\u00bbmkdf-row-margin-top\u00a0\u00bb animated_text_overlay_image=\u00a0\u00bb2357&Prime; background_svg=\u00a0\u00bbJTNDZGl2JTIwY2xhc3MlM0QlMjJta2RmLWFuaW1hdGVkLWJhY2tncm91bmQtc3ZnJTIyJTNFJTNDc3ZnJTIweG1sbnMlM0QlMjJodHRwJTNBJTJGJTJGd3d3LnczLm9yZyUyRjIwMDAlMkZzdmclMjIlMjB4bWxucyUzQXhsaW5rJTNEJTIyaHR0cCUzQSUyRiUyRnd3dy53My5vcmclMkYxOTk5JTJGeGxpbmslMjIlMjB4JTNEJTIyMHB4JTIyJTIweSUzRCUyMjBweCUyMiUyMHZpZXdCb3glM0QlMjIwJTIwMCUyMDE5MjAlMjA3MDAlMjIlMjBlbmFibGUtYmFja2dyb3VuZCUzRCUyMm5ldyUyMDAlMjAwJTIwMTkyMCUyMDcwMCUyMiUyMHhtbCUzQXNwYWNlJTNEJTIycHJlc2VydmUlMjIlM0UlMEElM0NwYXRoJTIwc3R5bGUlM0QlMjJmaWxsJTNBbm9uZSUzQnN0cm9rZSUzQXJlZCUzQnN0cm9rZS1taXRlcmxpbWl0JTNBMTAlMjIlMjBkJTNEJTIyTTAlMkMyNTcuNzhjMjMuMjYlMkMwLjYzJTJDNDcuMzYlMkMyLjIzJTJDNzIuNiUyQzQuOGM0My41MSUyQzQuNDglMkM4NC4yNCUyQzExLjE2JTJDMTIxLjA3JTJDMTkuODQlMEElMDljNDEuNTYlMkM5LjglMkM3OS45MiUyQzIyLjU2JTJDMTE0LjAyJTJDMzcuOTNjMTguNCUyQzguMjQlMkMzNi4zOCUyQzE3LjUzJTJDNTQuOTklMkMyOC4zOGM2OS40NiUyQzQwLjUzJTJDMTI4LjA1JTJDOTMuMjglMkMxODQuNzElMkMxNDQuMyUwQSUwOWM0OS40NyUyQzQ0LjU0JTJDMTAwLjYzJTJDOTAuNiUyQzE1OC42NSUyQzEyOC4xMmM0My4zMyUyQzI4LjAyJTJDODUuNTIlMkM0Ni42NSUyQzEyNS40MSUyQzU1LjM5YzI0LjkxJTJDNS40NiUyQzQ5LjE5JTJDNy4xNCUyQzcyLjE3JTJDNSUwQSUwOWM4NC45LTguMDUlMkMxNTMuNjgtNjYuODIlMkMyMDguOTQtMTE0LjA1Yzc2LjcxLTY1LjM3JTJDMTUyLjg5LTEyNi42OCUyQzIyNi40LTE4Mi4yM2M0OS0zNi45OCUyQzk3LjE2LTcyLjMzJTJDMTQzLjc0LTEwNi41MmwwLjA5LTAuMDYlMEElMDljMTguNjMtMTMuNjclMkMzNy44OS0yNy44MSUyQzU2Ljg1LTQxLjc5YzE4Ljg5LTEzLjkzJTJDNDEuNS0yOS40NSUyQzY2LjA1LTM4Ljg5YzEzLTUlMkMyNS43NC03Ljk1JTJDMzcuODctOC43NyUwQSUwOWMxMy43My0wLjkzJTJDMjcuMjIlMkMwLjgzJTJDNDAuMTElMkM1LjIyYzI2LjklMkM5LjE1JTJDNDcuODMlMkMyOC4wNyUyQzYzLjk5JTJDNTcuODRjMTQuMiUyQzI2LjE2JTJDMjIuMzMlMkM1Ni4yNSUyQzI4LjgzJTJDODIuMzklMEElMDljMzAuNzUlMkMxMjQuNiUyQzc0LjUlMkMyMTcuMDQlMkMxMzcuNjclMkMyOTAuOTFjMS45MiUyQzIuMjQlMkMzLjg2JTJDNC40NyUyQzUuODQlMkM2LjY5JTIyJTJGJTNFJTBBJTNDJTJGc3ZnJTNFJTNDJTJGZGl2JTNF\u00a0\u00bb][vc_column [&hellip;]<\/p>\n","protected":false},"author":4,"featured_media":0,"parent":0,"menu_order":0,"comment_status":"closed","ping_status":"closed","template":"full-width.php","meta":{"om_disable_all_campaigns":false,"_monsterinsights_skip_tracking":false,"_monsterinsights_sitenote_active":false,"_monsterinsights_sitenote_note":"","_monsterinsights_sitenote_category":0,"_uf_show_specific_survey":0,"_uf_disable_surveys":false,"footnotes":""},"class_list":["post-7111","page","type-page","status-publish","hentry"],"aioseo_notices":[],"_links":{"self":[{"href":"https:\/\/www.ofmer.com\/fr\/wp-json\/wp\/v2\/pages\/7111","targetHints":{"allow":["GET"]}}],"collection":[{"href":"https:\/\/www.ofmer.com\/fr\/wp-json\/wp\/v2\/pages"}],"about":[{"href":"https:\/\/www.ofmer.com\/fr\/wp-json\/wp\/v2\/types\/page"}],"author":[{"embeddable":true,"href":"https:\/\/www.ofmer.com\/fr\/wp-json\/wp\/v2\/users\/4"}],"replies":[{"embeddable":true,"href":"https:\/\/www.ofmer.com\/fr\/wp-json\/wp\/v2\/comments?post=7111"}],"version-history":[{"count":4,"href":"https:\/\/www.ofmer.com\/fr\/wp-json\/wp\/v2\/pages\/7111\/revisions"}],"predecessor-version":[{"id":7588,"href":"https:\/\/www.ofmer.com\/fr\/wp-json\/wp\/v2\/pages\/7111\/revisions\/7588"}],"wp:attachment":[{"href":"https:\/\/www.ofmer.com\/fr\/wp-json\/wp\/v2\/media?parent=7111"}],"curies":[{"name":"wp","href":"https:\/\/api.w.org\/{rel}","templated":true}]}}