{"id":7135,"date":"2024-05-05T15:24:00","date_gmt":"2024-05-05T13:24:00","guid":{"rendered":"https:\/\/www.ofmer.com\/macchine-per-taglio-e-piega-del-tondino\/"},"modified":"2024-07-24T17:10:39","modified_gmt":"2024-07-24T15:10:39","slug":"couper-et-a-plier-les-barres-darmature","status":"publish","type":"page","link":"https:\/\/www.ofmer.com\/fr\/couper-et-a-plier-les-barres-darmature\/","title":{"rendered":"Histoire"},"content":{"rendered":"<section class=\"wpb-content-wrapper\"><p>[vc_row disable_background_image=\u00a0\u00bb1024&Prime; enable_background_svg=\u00a0\u00bbyes\u00a0\u00bb animated_text_position=\u00a0\u00bbright\u00a0\u00bb disable_animated_text=\u00a0\u00bb\u00a0\u00bb animated_text=\u00a0\u00bbracing\u00a0\u00bb animated_text_color=\u00a0\u00bb#101010&Prime; simple_background_color=\u00a0\u00bb#000000&Prime; el_class=\u00a0\u00bbmkdf-row-margin-top\u00a0\u00bb css=\u00a0\u00bb.vc_custom_1714982762415{padding-top: 100px !important;padding-bottom: 100px !important;}\u00a0\u00bb][vc_column css=\u00a0\u00bb.vc_custom_1568717806229{padding-top: 0px !important;padding-bottom: 0px !important;}\u00a0\u00bb][vc_row_inner row_content_width=\u00a0\u00bbgrid\u00a0\u00bb][vc_column_inner css=\u00a0\u00bb.vc_custom_1567499344778{padding-top: 0px !important;padding-bottom: 0px !important;}\u00a0\u00bb]<div class=\"mkdf-elements-holder   mkdf-one-column  mkdf-responsive-mode-768 \" ><div class=\"mkdf-eh-item   mkdf-horizontal-alignment-center \"  data-item-class=\"mkdf-eh-custom-7177\">\n\t<div class=\"mkdf-eh-item-inner\">\n\t\t<div class=\"mkdf-eh-item-content mkdf-eh-custom-7177\" >\n\t\t\t<div class=\"mkdf-section-title-holder    mkdf-has-appear-animation\" style=\"text-align: center\">\n\t<div class=\"mkdf-st-inner\">\n\t\t\t\t\t\t<h3 class=\"mkdf-st-title\" style=\"color: #ffffff\">\n\t\t\t\t\t\t\t\t\tEntreprise\t\t\t\t\t\t\t<\/h3>\n\t\t\t\t\t\t\t<\/div>\n<\/div>[vc_column_text]Fond\u00e9e en 1984 \u00e0 Trezzo sull\u2019Adda (MI), Ofmer s\u2019est impos\u00e9e comme une r\u00e9f\u00e9rence dans le secteur des machines de coupe et de pliage des barres d\u2019armature.<\/p>\n<p>N\u00e9e de l\u2019engagement, de la passion et de la d\u00e9termination de nos fondateurs, elle poursuit aujourd\u2019hui l\u2019objectif d\u2019offrir aux professionnels une gamme compl\u00e8te de produits performants, durables et r\u00e9sistants, id\u00e9aux pour tout projet de construction.<\/p>\n<p>En plus de 40 ans d\u2019activit\u00e9, nous avons consolid\u00e9 notre position de leader en Italie et avons \u00e9tendu notre pr\u00e9sence internationale. Actuellement, notre activit\u00e9 de distribution a atteint plus de 90 march\u00e9s dans le monde.[\/vc_column_text]\t\t<\/div>\n\t<\/div>\n<\/div><div class=\"mkdf-eh-item  mkdf-vertical-alignment-bottom mkdf-horizontal-alignment-center \"  data-item-class=\"mkdf-eh-custom-2166\">\n\t<div class=\"mkdf-eh-item-inner\">\n\t\t<div class=\"mkdf-eh-item-content mkdf-eh-custom-2166\" >\n\t\t\t<div class=\"mkdf-section-title-holder    mkdf-has-appear-animation\" style=\"text-align: center\">\n\t<div class=\"mkdf-st-inner\">\n\t\t\t\t\t\t<h3 class=\"mkdf-st-title\" style=\"color: #ffffff\">\n\t\t\t\t\t\t\t\t\tValeurs\t\t\t\t\t\t\t<\/h3>\n\t\t\t\t\t\t\t<\/div>\n<\/div>[vc_column_text]Nos valeurs se refl\u00e8tent dans chaque aspect des op\u00e9rations de l\u2019entreprise, telles que transmises par les fondateurs de la soci\u00e9t\u00e9, les fr\u00e8res Luigi et Paolo Camurati.<\/p>\n<p>La culture d\u2019entreprise, caract\u00e9ris\u00e9e par un engagement constant dans la formation et la mise \u00e0 jour continue, ainsi qu\u2019une attention m\u00e9ticuleuse \u00e0 chaque d\u00e9tail, nous a permis de progresser dans l\u2019am\u00e9lioration de nos produits. La confiance des clients est fondamentale pour nous et repose sur la construction d\u2019une relation de respect mutuel et de compr\u00e9hension professionnelle.<\/p>\n<p>La continuit\u00e9 de notre engagement envers les projets et objectifs initiaux est garantie par les nouvelles g\u00e9n\u00e9rations repr\u00e9sent\u00e9es par Sibilla et Sveva Camurati.[\/vc_column_text]\t\t<\/div>\n\t<\/div>\n<\/div><\/div>[\/vc_column_inner][\/vc_row_inner][\/vc_column][\/vc_row][vc_row disable_background_image=\u00a0\u00bb\u00a0\u00bb][vc_column][vc_single_image image=\u00a0\u00bb7624&Prime; img_size=\u00a0\u00bb1350&#215;500&Prime; alignment=\u00a0\u00bbcenter\u00a0\u00bb onclick=\u00a0\u00bblink_image\u00a0\u00bb][\/vc_column][\/vc_row]<\/p>\n<\/section>","protected":false},"excerpt":{"rendered":"<p>[vc_row disable_background_image=\u00a0\u00bb1024&Prime; enable_background_svg=\u00a0\u00bbyes\u00a0\u00bb animated_text_position=\u00a0\u00bbright\u00a0\u00bb disable_animated_text=\u00a0\u00bb\u00a0\u00bb animated_text=\u00a0\u00bbracing\u00a0\u00bb animated_text_color=\u00a0\u00bb#101010&Prime; simple_background_color=\u00a0\u00bb#000000&Prime; el_class=\u00a0\u00bbmkdf-row-margin-top\u00a0\u00bb css=\u00a0\u00bb.vc_custom_1714982762415{padding-top: 100px !important;padding-bottom: 100px !important;}\u00a0\u00bb][vc_column css=\u00a0\u00bb.vc_custom_1568717806229{padding-top: 0px !important;padding-bottom: 0px !important;}\u00a0\u00bb][vc_row_inner row_content_width=\u00a0\u00bbgrid\u00a0\u00bb][vc_column_inner css=\u00a0\u00bb.vc_custom_1567499344778{padding-top: 0px !important;padding-bottom: 0px !important;}\u00a0\u00bb][\/vc_column_inner][\/vc_row_inner][\/vc_column][\/vc_row][vc_row disable_background_image=\u00a0\u00bb\u00a0\u00bb][vc_column][vc_single_image image=\u00a0\u00bb7624&Prime; img_size=\u00a0\u00bb1350&#215;500&Prime; alignment=\u00a0\u00bbcenter\u00a0\u00bb onclick=\u00a0\u00bblink_image\u00a0\u00bb][\/vc_column][\/vc_row]<\/p>\n","protected":false},"author":4,"featured_media":0,"parent":0,"menu_order":0,"comment_status":"closed","ping_status":"closed","template":"full-width.php","meta":{"om_disable_all_campaigns":false,"_monsterinsights_skip_tracking":false,"_monsterinsights_sitenote_active":false,"_monsterinsights_sitenote_note":"","_monsterinsights_sitenote_category":0,"_uf_show_specific_survey":0,"_uf_disable_surveys":false,"footnotes":""},"class_list":["post-7135","page","type-page","status-publish","hentry"],"aioseo_notices":[],"_links":{"self":[{"href":"https:\/\/www.ofmer.com\/fr\/wp-json\/wp\/v2\/pages\/7135","targetHints":{"allow":["GET"]}}],"collection":[{"href":"https:\/\/www.ofmer.com\/fr\/wp-json\/wp\/v2\/pages"}],"about":[{"href":"https:\/\/www.ofmer.com\/fr\/wp-json\/wp\/v2\/types\/page"}],"author":[{"embeddable":true,"href":"https:\/\/www.ofmer.com\/fr\/wp-json\/wp\/v2\/users\/4"}],"replies":[{"embeddable":true,"href":"https:\/\/www.ofmer.com\/fr\/wp-json\/wp\/v2\/comments?post=7135"}],"version-history":[{"count":4,"href":"https:\/\/www.ofmer.com\/fr\/wp-json\/wp\/v2\/pages\/7135\/revisions"}],"predecessor-version":[{"id":7635,"href":"https:\/\/www.ofmer.com\/fr\/wp-json\/wp\/v2\/pages\/7135\/revisions\/7635"}],"wp:attachment":[{"href":"https:\/\/www.ofmer.com\/fr\/wp-json\/wp\/v2\/media?parent=7135"}],"curies":[{"name":"wp","href":"https:\/\/api.w.org\/{rel}","templated":true}]}}