{"id":7140,"date":"2024-05-06T20:59:05","date_gmt":"2024-05-06T18:59:05","guid":{"rendered":"https:\/\/www.ofmer.com\/ofmer-owner-club\/"},"modified":"2024-07-22T15:25:33","modified_gmt":"2024-07-22T13:25:33","slug":"ofmer-owner-club","status":"publish","type":"page","link":"https:\/\/www.ofmer.com\/fr\/ofmer-owner-club\/","title":{"rendered":"OFMER OWNER CLUB"},"content":{"rendered":"<section class=\"wpb-content-wrapper\"><p>[vc_row disable_background_image=\u00a0\u00bb1024&Prime; enable_background_svg=\u00a0\u00bbyes\u00a0\u00bb animated_text_position=\u00a0\u00bbright\u00a0\u00bb disable_animated_text=\u00a0\u00bb\u00a0\u00bb animated_text=\u00a0\u00bbracing\u00a0\u00bb animated_text_color=\u00a0\u00bb#101010&Prime; simple_background_color=\u00a0\u00bb#000000&Prime; el_class=\u00a0\u00bbmkdf-row-margin-top\u00a0\u00bb css=\u00a0\u00bb.vc_custom_1714982762415{padding-top: 100px !important;padding-bottom: 100px !important;}\u00a0\u00bb][vc_column css=\u00a0\u00bb.vc_custom_1568717806229{padding-top: 0px !important;padding-bottom: 0px !important;}\u00a0\u00bb][vc_row_inner row_content_width=\u00a0\u00bbgrid\u00a0\u00bb][vc_column_inner css=\u00a0\u00bb.vc_custom_1716473700704{margin-bottom: -100px !important;padding-top: 0px !important;padding-bottom: 0px !important;}\u00a0\u00bb]<div class=\"mkdf-elements-holder   mkdf-one-column  mkdf-responsive-mode-768 \" ><div class=\"mkdf-eh-item   mkdf-horizontal-alignment-center \"  data-item-class=\"mkdf-eh-custom-6716\">\n\t<div class=\"mkdf-eh-item-inner\">\n\t\t<div class=\"mkdf-eh-item-content mkdf-eh-custom-6716\" >\n\t\t\t[vc_column_text]<\/p>\n<h3><span style=\"color: #ffffff;\"><strong>EN DEVENANT CLIENT D&rsquo;OFMER, VOUS POUVEZ PARTICIPER AU PROGRAMME DE FID\u00c9LISATION OFMER OWNER CLUB.<br \/>\n<\/strong><\/span><\/h3>\n<h4><span style=\"color: #ffffff;\"><strong>CE CLUB A \u00c9T\u00c9 CR\u00c9\u00c9 POUR OFFRIR AUX CLIENTS UNE S\u00c9RIE D&rsquo;AVANTAGES ET DE B\u00c9N\u00c9FICES ADAPT\u00c9S \u00c0 LEURS BESOINS.<\/strong><\/span><\/h4>\n<p>[\/vc_column_text]\t\t<\/div>\n\t<\/div>\n<\/div><\/div>[\/vc_column_inner][\/vc_row_inner][\/vc_column][\/vc_row][vc_row disable_background_image=\u00a0\u00bb\u00a0\u00bb][vc_column]<div class=\"mkdf-elements-holder   mkdf-one-column  mkdf-responsive-mode-768 \" ><div class=\"mkdf-eh-item   mkdf-horizontal-alignment-center \"  data-item-class=\"mkdf-eh-custom-1753\">\n\t<div class=\"mkdf-eh-item-inner\">\n\t\t<div class=\"mkdf-eh-item-content mkdf-eh-custom-1753\" >\n\t\t\t[vc_empty_space height=\u00a0\u00bb50px\u00a0\u00bb]<a itemprop=\"url\" href=\"https:\/\/mktg.ofmer.com\/ofmer-owner-club-warranty\" target=\"_blank\"  class=\"mkdf-btn mkdf-btn-medium mkdf-btn-predefined\"  >\n            <span class=\"mkdf-btn-predefined-line-holder\">\n            <span class=\"mkdf-btn-line-hidden\"><\/span>\n            <span class=\"mkdf-btn-text\">Immatriculez votre voiture<\/span>\n\t        <span class=\"mkdf-btn-line\"><\/span>\n            <i class=\"mkdf-btn-predefined-icon mkdf-icon-ion-icon ion-ios-play \"><\/i>\n        <\/span>\n    <\/a>[vc_empty_space height=\u00a0\u00bb50px\u00a0\u00bb]\t\t<\/div>\n\t<\/div>\n<\/div><\/div>[\/vc_column][\/vc_row][vc_row disable_background_image=\u00a0\u00bb\u00a0\u00bb css=\u00a0\u00bb.vc_custom_1570546487736{background-image: url(https:\/\/grandprix.qodeinteractive.com\/wp-content\/uploads\/2019\/09\/h3-bck-img-4.png?id=1591) !important;background-position: center !important;background-repeat: no-repeat !important;background-size: cover !important;}\u00a0\u00bb simple_background_color=\u00a0\u00bb#000000&Prime;][vc_column css=\u00a0\u00bb.vc_custom_1568724725566{padding-top: 0px !important;}\u00a0\u00bb][vc_row_inner row_content_width=\u00a0\u00bbgrid\u00a0\u00bb][vc_column_inner width=\u00a0\u00bb1\/4&Prime;]<div class=\"mkdf-elements-holder   mkdf-four-columns  mkdf-responsive-mode-1024 \" ><div class=\"mkdf-eh-item    \"  data-item-class=\"mkdf-eh-custom-8375\" data-1025-1399=\"154px 15px 6px 0px\" data-769-1024=\"154px 0px 0px 8px\" data-681-768=\"154px 0px 0px 8px\" data-680=\"154px 0px 0px 8px\">\n\t<div class=\"mkdf-eh-item-inner\">\n\t\t<div class=\"mkdf-eh-item-content mkdf-eh-custom-8375\" style=\"padding: 154px 15px 6px 0px\">\n\t\t\t<div class=\"mkdf-iwt clearfix  mkdf-iwt-icon-left mkdf-iwt-icon-medium mkdf-has-appear-animation\">\n\t\t\t\t\t\t<div class=\"mkdf-iwt-icon\">\n\t\t\t\t\t\t\t\t\t\t\t\t\t\t\t<img loading=\"lazy\" decoding=\"async\" width=\"50\" height=\"50\" src=\"https:\/\/www.ofmer.com\/wp-content\/uploads\/2024\/05\/OFMER_ICON-04.png\" class=\"attachment-full size-full\" alt=\"\" \/>\t\t\t\t\t\n\t\t\t\t\t\t\t\t<\/div>\n\t\t\t<div class=\"mkdf-iwt-content\" style=\"padding-left: 25px\">\n\t\t\t\t\t\t\t\t<h4 class=\"mkdf-iwt-title\" style=\"color: #ffffff\">\n\t\t\t\t\t<span class=\"mkdf-iwt-title-text\">Contenu personnalis\u00e9:<\/span>\n\t\t\t<\/h4>\n\t\t\t\t\t\t\t\t\t<p class=\"mkdf-iwt-text\" style=\"color: #b2b2b2;margin-top: 12px\">Acc\u00e8s \u00e0 un large \u00e9ventail de contenus personnalis\u00e9s, con\u00e7us sp\u00e9cifiquement pour r\u00e9pondre aux besoins professionnels des clients.<\/p>\n\t\t\t\t\t<\/div>\n\t\t\t<\/div>\n[vc_empty_space height=\u00a0\u00bb60px\u00a0\u00bb]\t\t<\/div>\n\t<\/div>\n<\/div><\/div>[\/vc_column_inner][vc_column_inner width=\u00a0\u00bb1\/4&Prime;]<div class=\"mkdf-elements-holder   mkdf-four-columns  mkdf-responsive-mode-1024 \" ><div class=\"mkdf-eh-item    \"  data-item-class=\"mkdf-eh-custom-1776\">\n\t<div class=\"mkdf-eh-item-inner\">\n\t\t<div class=\"mkdf-eh-item-content mkdf-eh-custom-1776\" style=\"padding: 154px 15px 6px 0px\">\n\t\t\t<div class=\"mkdf-iwt clearfix  mkdf-iwt-icon-left mkdf-iwt-icon-medium mkdf-has-appear-animation\">\n\t\t\t\t\t\t<div class=\"mkdf-iwt-icon\">\n\t\t\t\t\t\t\t\t\t\t\t\t\t\t\t<img loading=\"lazy\" decoding=\"async\" width=\"50\" height=\"50\" src=\"https:\/\/www.ofmer.com\/wp-content\/uploads\/2024\/05\/OFMER_ICON-03.png\" class=\"attachment-full size-full\" alt=\"\" \/>\t\t\t\t\t\n\t\t\t\t\t\t\t\t<\/div>\n\t\t\t<div class=\"mkdf-iwt-content\" style=\"padding-left: 25px\">\n\t\t\t\t\t\t\t\t<h4 class=\"mkdf-iwt-title\" style=\"color: #ffffff\">\n\t\t\t\t\t<span class=\"mkdf-iwt-title-text\">Garanties des machines:<\/span>\n\t\t\t<\/h4>\n\t\t\t\t\t\t\t\t\t<p class=\"mkdf-iwt-text\" style=\"color: #b2b2b2;margin-top: 12px\">S\u00e9curit\u00e9 maximale gr\u00e2ce \u00e0 nos garanties sur les machines, qui garantissent des performances fiables et durables.<\/p>\n\t\t\t\t\t<\/div>\n\t\t\t<\/div>\n[vc_empty_space height=\u00a0\u00bb60px\u00a0\u00bb]\t\t<\/div>\n\t<\/div>\n<\/div><\/div>[\/vc_column_inner][vc_column_inner width=\u00a0\u00bb1\/4&Prime;]<div class=\"mkdf-elements-holder   mkdf-four-columns  mkdf-responsive-mode-1024 \" ><div class=\"mkdf-eh-item    \"  data-item-class=\"mkdf-eh-custom-1845\">\n\t<div class=\"mkdf-eh-item-inner\">\n\t\t<div class=\"mkdf-eh-item-content mkdf-eh-custom-1845\" style=\"padding: 154px 15px 6px 0px\">\n\t\t\t<div class=\"mkdf-iwt clearfix  mkdf-iwt-icon-left mkdf-iwt-icon-medium mkdf-has-appear-animation\">\n\t\t\t\t\t\t<div class=\"mkdf-iwt-icon\">\n\t\t\t\t\t\t\t\t\t\t\t\t\t\t\t<img loading=\"lazy\" decoding=\"async\" width=\"50\" height=\"50\" src=\"https:\/\/www.ofmer.com\/wp-content\/uploads\/2024\/05\/OFMER_ICON-02.png\" class=\"attachment-full size-full\" alt=\"\" \/>\t\t\t\t\t\n\t\t\t\t\t\t\t\t<\/div>\n\t\t\t<div class=\"mkdf-iwt-content\" style=\"padding-left: 25px\">\n\t\t\t\t\t\t\t\t<h4 class=\"mkdf-iwt-title\" style=\"color: #ffffff\">\n\t\t\t\t\t<span class=\"mkdf-iwt-title-text\">Gestion des soins pr\u00e9f\u00e9rentiels:<\/span>\n\t\t\t<\/h4>\n\t\t\t\t\t\t\t\t\t<p class=\"mkdf-iwt-text\" style=\"color: #b2b2b2;margin-top: 12px\">Possibilit\u00e9 de demander de l&#039;aide directement sur place, ce qui garantit une intervention rapide et n&#039;interrompt pas le flux de travail.<\/p>\n\t\t\t\t\t<\/div>\n\t\t\t<\/div>\n[vc_empty_space height=\u00a0\u00bb60px\u00a0\u00bb]\t\t<\/div>\n\t<\/div>\n<\/div><\/div>[\/vc_column_inner][vc_column_inner width=\u00a0\u00bb1\/4&Prime;]<div class=\"mkdf-elements-holder   mkdf-four-columns  mkdf-responsive-mode-1024 \" ><div class=\"mkdf-eh-item    \"  data-item-class=\"mkdf-eh-custom-8010\">\n\t<div class=\"mkdf-eh-item-inner\">\n\t\t<div class=\"mkdf-eh-item-content mkdf-eh-custom-8010\" style=\"padding: 154px 15px 6px 0px\">\n\t\t\t<div class=\"mkdf-iwt clearfix  mkdf-iwt-icon-left mkdf-iwt-icon-medium mkdf-has-appear-animation\">\n\t\t\t\t\t\t<div class=\"mkdf-iwt-icon\">\n\t\t\t\t\t\t\t\t\t\t\t\t\t\t\t<img loading=\"lazy\" decoding=\"async\" width=\"50\" height=\"50\" src=\"https:\/\/www.ofmer.com\/wp-content\/uploads\/2024\/05\/OFMER_ICON-01.png\" class=\"attachment-full size-full\" alt=\"\" \/>\t\t\t\t\t\n\t\t\t\t\t\t\t\t<\/div>\n\t\t\t<div class=\"mkdf-iwt-content\" style=\"padding-left: 25px\">\n\t\t\t\t\t\t\t\t<h4 class=\"mkdf-iwt-title\" style=\"color: #ffffff\">\n\t\t\t\t\t<span class=\"mkdf-iwt-title-text\">R\u00e9ductions exclusives:<\/span>\n\t\t\t<\/h4>\n\t\t\t\t\t\t\t\t\t<p class=\"mkdf-iwt-text\" style=\"color: #b2b2b2;margin-top: 12px\">Remises sp\u00e9ciales tout au long de l&#039;ann\u00e9e sur l&#039;achat de machines et de pi\u00e8ces d\u00e9tach\u00e9es, r\u00e9serv\u00e9es exclusivement aux membres du club.<\/p>\n\t\t\t\t\t<\/div>\n\t\t\t<\/div>\n[vc_empty_space height=\u00a0\u00bb60px\u00a0\u00bb]\t\t<\/div>\n\t<\/div>\n<\/div><\/div>[\/vc_column_inner][\/vc_row_inner][\/vc_column][\/vc_row]<\/p>\n<\/section>","protected":false},"excerpt":{"rendered":"<p>[vc_row disable_background_image=\u00a0\u00bb1024&Prime; enable_background_svg=\u00a0\u00bbyes\u00a0\u00bb animated_text_position=\u00a0\u00bbright\u00a0\u00bb disable_animated_text=\u00a0\u00bb\u00a0\u00bb animated_text=\u00a0\u00bbracing\u00a0\u00bb animated_text_color=\u00a0\u00bb#101010&Prime; simple_background_color=\u00a0\u00bb#000000&Prime; el_class=\u00a0\u00bbmkdf-row-margin-top\u00a0\u00bb css=\u00a0\u00bb.vc_custom_1714982762415{padding-top: 100px !important;padding-bottom: 100px !important;}\u00a0\u00bb][vc_column css=\u00a0\u00bb.vc_custom_1568717806229{padding-top: 0px !important;padding-bottom: 0px !important;}\u00a0\u00bb][vc_row_inner row_content_width=\u00a0\u00bbgrid\u00a0\u00bb][vc_column_inner css=\u00a0\u00bb.vc_custom_1716473700704{margin-bottom: -100px !important;padding-top: 0px !important;padding-bottom: 0px !important;}\u00a0\u00bb][\/vc_column_inner][\/vc_row_inner][\/vc_column][\/vc_row][vc_row disable_background_image=\u00a0\u00bb\u00a0\u00bb][vc_column][\/vc_column][\/vc_row][vc_row disable_background_image=\u00a0\u00bb\u00a0\u00bb css=\u00a0\u00bb.vc_custom_1570546487736{background-image: url(https:\/\/grandprix.qodeinteractive.com\/wp-content\/uploads\/2019\/09\/h3-bck-img-4.png?id=1591) !important;background-position: center !important;background-repeat: no-repeat !important;background-size: cover !important;}\u00a0\u00bb simple_background_color=\u00a0\u00bb#000000&Prime;][vc_column css=\u00a0\u00bb.vc_custom_1568724725566{padding-top: 0px !important;}\u00a0\u00bb][vc_row_inner row_content_width=\u00a0\u00bbgrid\u00a0\u00bb][vc_column_inner width=\u00a0\u00bb1\/4&Prime;][\/vc_column_inner][vc_column_inner width=\u00a0\u00bb1\/4&Prime;][\/vc_column_inner][vc_column_inner width=\u00a0\u00bb1\/4&Prime;][\/vc_column_inner][vc_column_inner width=\u00a0\u00bb1\/4&Prime;][\/vc_column_inner][\/vc_row_inner][\/vc_column][\/vc_row]<\/p>\n","protected":false},"author":4,"featured_media":0,"parent":0,"menu_order":0,"comment_status":"closed","ping_status":"closed","template":"full-width.php","meta":{"om_disable_all_campaigns":false,"_monsterinsights_skip_tracking":false,"_monsterinsights_sitenote_active":false,"_monsterinsights_sitenote_note":"","_monsterinsights_sitenote_category":0,"_uf_show_specific_survey":0,"_uf_disable_surveys":false,"footnotes":""},"class_list":["post-7140","page","type-page","status-publish","hentry"],"aioseo_notices":[],"_links":{"self":[{"href":"https:\/\/www.ofmer.com\/fr\/wp-json\/wp\/v2\/pages\/7140","targetHints":{"allow":["GET"]}}],"collection":[{"href":"https:\/\/www.ofmer.com\/fr\/wp-json\/wp\/v2\/pages"}],"about":[{"href":"https:\/\/www.ofmer.com\/fr\/wp-json\/wp\/v2\/types\/page"}],"author":[{"embeddable":true,"href":"https:\/\/www.ofmer.com\/fr\/wp-json\/wp\/v2\/users\/4"}],"replies":[{"embeddable":true,"href":"https:\/\/www.ofmer.com\/fr\/wp-json\/wp\/v2\/comments?post=7140"}],"version-history":[{"count":6,"href":"https:\/\/www.ofmer.com\/fr\/wp-json\/wp\/v2\/pages\/7140\/revisions"}],"predecessor-version":[{"id":7570,"href":"https:\/\/www.ofmer.com\/fr\/wp-json\/wp\/v2\/pages\/7140\/revisions\/7570"}],"wp:attachment":[{"href":"https:\/\/www.ofmer.com\/fr\/wp-json\/wp\/v2\/media?parent=7140"}],"curies":[{"name":"wp","href":"https:\/\/api.w.org\/{rel}","templated":true}]}}