{"id":7150,"date":"2024-05-05T15:26:06","date_gmt":"2024-05-05T13:26:06","guid":{"rendered":"https:\/\/www.ofmer.com\/diventa-rivenditore-autorizzato\/"},"modified":"2024-07-17T15:52:35","modified_gmt":"2024-07-17T13:52:35","slug":"distributeur-agree","status":"publish","type":"page","link":"https:\/\/www.ofmer.com\/fr\/distributeur-agree\/","title":{"rendered":"DEVENEZ DISTRIBUTEUR"},"content":{"rendered":"<section class=\"wpb-content-wrapper\"><p>[vc_row disable_background_image=\u00a0\u00bb1024&Prime; enable_background_svg=\u00a0\u00bbyes\u00a0\u00bb animated_text_position=\u00a0\u00bbright\u00a0\u00bb disable_animated_text=\u00a0\u00bb\u00a0\u00bb animated_text=\u00a0\u00bbracing\u00a0\u00bb animated_text_color=\u00a0\u00bb#101010&Prime; simple_background_color=\u00a0\u00bb#000000&Prime; el_class=\u00a0\u00bbmkdf-row-margin-top\u00a0\u00bb css=\u00a0\u00bb.vc_custom_1714982762415{padding-top: 100px !important;padding-bottom: 100px !important;}\u00a0\u00bb][vc_column css=\u00a0\u00bb.vc_custom_1716473304214{margin-bottom: -100px !important;padding-top: 0px !important;padding-bottom: 0px !important;}\u00a0\u00bb][vc_row_inner row_content_width=\u00a0\u00bbgrid\u00a0\u00bb][vc_column_inner css=\u00a0\u00bb.vc_custom_1567499344778{padding-top: 0px !important;padding-bottom: 0px !important;}\u00a0\u00bb]<div class=\"mkdf-elements-holder   mkdf-one-column  mkdf-responsive-mode-768 \" ><div class=\"mkdf-eh-item   mkdf-horizontal-alignment-center \"  data-item-class=\"mkdf-eh-custom-9430\">\n\t<div class=\"mkdf-eh-item-inner\">\n\t\t<div class=\"mkdf-eh-item-content mkdf-eh-custom-9430\" >\n\t\t\t<div class=\"mkdf-section-title-holder    mkdf-has-appear-animation\" style=\"text-align: center\">\n\t<div class=\"mkdf-st-inner\">\n\t\t\t\t\t\t<h3 class=\"mkdf-st-title\" style=\"color: #ffffff\">\n\t\t\t\t\t\t\t\t\tVous envisagez de devenir un revendeur agr\u00e9\u00e9 Ofmer ? Voici quelques-uns des avantages:\t\t\t\t\t\t\t<\/h3>\n\t\t\t\t\t\t\t<\/div>\n<\/div>\t\t<\/div>\n\t<\/div>\n<\/div><\/div>[\/vc_column_inner][\/vc_row_inner][\/vc_column][\/vc_row][vc_row disable_background_image=\u00a0\u00bb\u00a0\u00bb css=\u00a0\u00bb.vc_custom_1570546487736{background-image: url(https:\/\/grandprix.qodeinteractive.com\/wp-content\/uploads\/2019\/09\/h3-bck-img-4.png?id=1591) !important;background-position: center !important;background-repeat: no-repeat !important;background-size: cover !important;}\u00a0\u00bb simple_background_color=\u00a0\u00bb#000000&Prime;][vc_column css=\u00a0\u00bb.vc_custom_1716473324590{margin-top: -100px !important;margin-bottom: -150px !important;padding-top: 0px !important;}\u00a0\u00bb][vc_row_inner row_content_width=\u00a0\u00bbgrid\u00a0\u00bb][vc_column_inner]<div class=\"mkdf-elements-holder   mkdf-three-columns  mkdf-responsive-mode-1024 \" ><div class=\"mkdf-eh-item    \"  data-item-class=\"mkdf-eh-custom-1547\" data-1025-1399=\"154px 15px 6px 0px\" data-769-1024=\"154px 0px 0px 8px\" data-681-768=\"154px 0px 0px 8px\" data-680=\"154px 0px 0px 8px\">\n\t<div class=\"mkdf-eh-item-inner\">\n\t\t<div class=\"mkdf-eh-item-content mkdf-eh-custom-1547\" style=\"padding: 154px 15px 6px 0px\">\n\t\t\t<div class=\"mkdf-iwt clearfix  mkdf-iwt-icon-left mkdf-iwt-icon-medium mkdf-has-appear-animation\">\n\t\t\t\t\t\t<div class=\"mkdf-iwt-icon\">\n\t\t\t\t\t\t\t\t\t\t\t\t\t\t\t\t\t\t\t\t\n\t\t\t\t\t\t\t\t<\/div>\n\t\t\t<div class=\"mkdf-iwt-content\" style=\"padding-left: 25px\">\n\t\t\t\t\t\t\t\t<h4 class=\"mkdf-iwt-title\" style=\"color: #ffffff\">\n\t\t\t\t\t<span class=\"mkdf-iwt-title-text\">INCITATIONS \u00c0 LA VENTE<\/span>\n\t\t\t<\/h4>\n\t\t\t\t\t\t\t\t\t<p class=\"mkdf-iwt-text\" style=\"color: #b2b2b2;margin-top: 12px\">Nous croyons que motiver et soutenir notre r\u00e9seau de revendeurs peut g\u00e9n\u00e9rer de nombreux avantages pour le succ\u00e8s commercial. C\u2019est pourquoi nous nous engageons \u00e0 offrir des incitations \u00e0 la vente significatives, en promouvant une relation de collaboration durable et rentable, et en assurant l\u2019atteinte des objectifs fix\u00e9s.<\/p>\n\t\t\t\t\t<\/div>\n\t\t\t<\/div>\n[vc_empty_space height=\u00a0\u00bb60px\u00a0\u00bb]\t\t<\/div>\n\t<\/div>\n<\/div><div class=\"mkdf-eh-item    \"  data-item-class=\"mkdf-eh-custom-3800\" data-1400-1600=\"154px 15px 6px 5px\" data-1025-1399=\"154px15px 6px 5px\" data-769-1024=\"0px\" data-681-768=\"0px\" data-680=\"0px\">\n\t<div class=\"mkdf-eh-item-inner\">\n\t\t<div class=\"mkdf-eh-item-content mkdf-eh-custom-3800\" style=\"padding: 154px 15px 6px 6px\">\n\t\t\t<div class=\"mkdf-iwt clearfix  mkdf-iwt-icon-left mkdf-iwt-icon-medium mkdf-has-appear-animation\">\n\t\t\t\t\t\t<div class=\"mkdf-iwt-icon\">\n\t\t\t\t\t\t\t\t\t\t\t\t\t\t\t\t\t\t\t\t\n\t\t\t\t\t\t\t\t<\/div>\n\t\t\t<div class=\"mkdf-iwt-content\" >\n\t\t\t\t\t\t\t\t<h4 class=\"mkdf-iwt-title\" style=\"color: #ffffff\">\n\t\t\t\t\t<span class=\"mkdf-iwt-title-text\">MARGES DE VENTE AVANTAGEUSES<\/span>\n\t\t\t<\/h4>\n\t\t\t\t\t\t\t\t\t<p class=\"mkdf-iwt-text\" style=\"color: #b2b2b2;margin-top: 12px\">Les marges de vente sont un indicateur cl\u00e9 \u00e0 prendre en compte lors de l\u2019\u00e9valuation d\u2019un partenariat avec une marque. C\u2019est pourquoi nous garantissons \u00e0 nos revendeurs une marge b\u00e9n\u00e9ficiaire significative sur la vente des produits, offrant ainsi une opportunit\u00e9 lucrative pour les deux parties.<\/p>\n\t\t\t\t\t<\/div>\n\t\t\t<\/div>\n[vc_empty_space height=\u00a0\u00bb60px\u00a0\u00bb]\t\t<\/div>\n\t<\/div>\n<\/div><div class=\"mkdf-eh-item    \"  data-item-class=\"mkdf-eh-custom-9191\" data-1400-1600=\"154px 0px 6px 18px\" data-1025-1399=\"154px 0px 6px 18px\" data-769-1024=\"0px\" data-681-768=\"0px\" data-680=\"0px\">\n\t<div class=\"mkdf-eh-item-inner\">\n\t\t<div class=\"mkdf-eh-item-content mkdf-eh-custom-9191\" style=\"padding: 154px 0px 6px 19px\">\n\t\t\t<div class=\"mkdf-iwt clearfix  mkdf-iwt-icon-left mkdf-iwt-icon-medium mkdf-has-appear-animation\">\n\t\t\t\t\t\t<div class=\"mkdf-iwt-icon\">\n\t\t\t\t\t\t\t\t\t\t\t\t\t\t\t\t\t\t\t\t\n\t\t\t\t\t\t\t\t<\/div>\n\t\t\t<div class=\"mkdf-iwt-content\" >\n\t\t\t\t\t\t\t\t<h4 class=\"mkdf-iwt-title\" style=\"color: #ffffff\">\n\t\t\t\t\t<span class=\"mkdf-iwt-title-text\">FIABILIT\u00c9 DES PRODUITS<\/span>\n\t\t\t<\/h4>\n\t\t\t\t\t\t\t\t\t<p class=\"mkdf-iwt-text\" style=\"color: #b2b2b2;margin-top: 12px\">La marque Ofmer est synonyme de qualit\u00e9, d\u2019efficacit\u00e9 et de fabrication italienne. Devenir un revendeur agr\u00e9\u00e9 garantit au revendeur une image de professionnalisme et de comp\u00e9tence, confirmant son engagement \u00e0 fournir uniquement le meilleur du march\u00e9.<\/p>\n\t\t\t\t\t<\/div>\n\t\t\t<\/div>\n[vc_empty_space height=\u00a0\u00bb60px\u00a0\u00bb]\t\t<\/div>\n\t<\/div>\n<\/div><\/div>[\/vc_column_inner][\/vc_row_inner][vc_row_inner row_content_width=\u00a0\u00bbgrid\u00a0\u00bb css=\u00a0\u00bb.vc_custom_1719500127915{margin-top: -30px !important;margin-bottom: 30px !important;}\u00a0\u00bb][vc_column_inner]<div class=\"mkdf-elements-holder   mkdf-three-columns  mkdf-responsive-mode-1024 \" ><div class=\"mkdf-eh-item    \"  data-item-class=\"mkdf-eh-custom-3819\" data-1025-1399=\"154px 15px 6px 0px\" data-769-1024=\"154px 0px 0px 8px\" data-681-768=\"154px 0px 0px 8px\" data-680=\"154px 0px 0px 8px\">\n\t<div class=\"mkdf-eh-item-inner\">\n\t\t<div class=\"mkdf-eh-item-content mkdf-eh-custom-3819\" style=\"padding: 154px 15px 6px 0px\">\n\t\t\t<div class=\"mkdf-iwt clearfix  mkdf-iwt-icon-left mkdf-iwt-icon-medium mkdf-has-appear-animation\">\n\t\t\t\t\t\t<div class=\"mkdf-iwt-icon\">\n\t\t\t\t\t\t\t\t\t\t\t\t\t\t\t\t\t\t\t\t\n\t\t\t\t\t\t\t\t<\/div>\n\t\t\t<div class=\"mkdf-iwt-content\" >\n\t\t\t\t\t\t\t\t<h4 class=\"mkdf-iwt-title\" style=\"color: #ffffff\">\n\t\t\t\t\t<span class=\"mkdf-iwt-title-text\">ACC\u00c8S \u00c0 DES PROMOTIONS EXCLUSIVES<\/span>\n\t\t\t<\/h4>\n\t\t\t\t\t\t\t\t\t<p class=\"mkdf-iwt-text\" style=\"color: #b2b2b2;margin-top: 12px\">Nous r\u00e9alisons p\u00e9riodiquement des promotions qui offrent de nombreux avantages pour le revendeur et le client final. Ces promotions peuvent inclure: des r\u00e9ductions sur les machines, des cadeaux de marque, des produits personnalis\u00e9s et bien plus encore.<\/p>\n\t\t\t\t\t<\/div>\n\t\t\t<\/div>\n[vc_empty_space height=\u00a0\u00bb60px\u00a0\u00bb]\t\t<\/div>\n\t<\/div>\n<\/div><div class=\"mkdf-eh-item    \"  data-item-class=\"mkdf-eh-custom-2133\" data-1400-1600=\"154px 15px 6px 5px\" data-1025-1399=\"154px15px 6px 5px\" data-769-1024=\"0px\" data-681-768=\"0px\" data-680=\"0px\">\n\t<div class=\"mkdf-eh-item-inner\">\n\t\t<div class=\"mkdf-eh-item-content mkdf-eh-custom-2133\" style=\"padding: 154px 15px 6px 6px\">\n\t\t\t<div class=\"mkdf-iwt clearfix  mkdf-iwt-icon-left mkdf-iwt-icon-medium mkdf-has-appear-animation\">\n\t\t\t\t\t\t<div class=\"mkdf-iwt-icon\">\n\t\t\t\t\t\t\t\t\t\t\t\t\t\t\t\t\t\t\t\t\n\t\t\t\t\t\t\t\t<\/div>\n\t\t\t<div class=\"mkdf-iwt-content\" >\n\t\t\t\t\t\t\t\t<h4 class=\"mkdf-iwt-title\" style=\"color: #ffffff\">\n\t\t\t\t\t<span class=\"mkdf-iwt-title-text\">SOUTIEN MARKETING CONSTANT<\/span>\n\t\t\t<\/h4>\n\t\t\t\t\t\t\t\t\t<p class=\"mkdf-iwt-text\" style=\"color: #b2b2b2;margin-top: 12px\">Un engagement total dans la promotion de l\u2019activit\u00e9 de nos revendeurs, ainsi que des activit\u00e9s et des promotions en cours, gr\u00e2ce \u00e0 des campagnes num\u00e9riques. Nous nous engageons \u00e0 d\u00e9finir des strat\u00e9gies cibl\u00e9es pour atteindre les objectifs fix\u00e9s, en utilisant des outils de marketing entrant et d\u2019automatisation marketing et des ventes.<\/p>\n\t\t\t\t\t<\/div>\n\t\t\t<\/div>\n[vc_empty_space height=\u00a0\u00bb60px\u00a0\u00bb]\t\t<\/div>\n\t<\/div>\n<\/div><div class=\"mkdf-eh-item    \"  data-item-class=\"mkdf-eh-custom-7596\" data-1400-1600=\"154px 0px 6px 18px\" data-1025-1399=\"154px 0px 6px 18px\" data-769-1024=\"0px\" data-681-768=\"0px\" data-680=\"0px\">\n\t<div class=\"mkdf-eh-item-inner\">\n\t\t<div class=\"mkdf-eh-item-content mkdf-eh-custom-7596\" style=\"padding: 154px 0px 6px 19px\">\n\t\t\t<div class=\"mkdf-iwt clearfix  mkdf-iwt-icon-left mkdf-iwt-icon-medium mkdf-has-appear-animation\">\n\t\t\t\t\t\t<div class=\"mkdf-iwt-icon\">\n\t\t\t\t\t\t\t\t\t\t\t\t\t\t\t\t\t\t\t\t\n\t\t\t\t\t\t\t\t<\/div>\n\t\t\t<div class=\"mkdf-iwt-content\" >\n\t\t\t\t\t\t\t\t\t<\/div>\n\t\t\t<\/div>\n[vc_empty_space height=\u00a0\u00bb60px\u00a0\u00bb]\t\t<\/div>\n\t<\/div>\n<\/div><\/div>[\/vc_column_inner][\/vc_row_inner][\/vc_column][\/vc_row][vc_row disable_background_image=\u00a0\u00bb1024&Prime; enable_background_svg=\u00a0\u00bbyes\u00a0\u00bb animated_text_vertical_position=\u00a0\u00bbmiddle\u00a0\u00bb disable_animated_text=\u00a0\u00bb\u00a0\u00bb animated_text=\u00a0\u00bbRS2K19&Prime; animated_text_color=\u00a0\u00bb#282828&Prime; el_class=\u00a0\u00bbmkdf-row-margin-top-2&Prime; css=\u00a0\u00bb.vc_custom_1571749544245{padding-top: 0px !important;padding-bottom: 157px !important;}\u00a0\u00bb simple_background_image=\u00a0\u00bb2448&Prime; background_svg=\u00a0\u00bbJTNDc3ZnJTIweG1sbnMlM0QlMjJodHRwJTNBJTJGJTJGd3d3LnczLm9yZyUyRjIwMDAlMkZzdmclMjIlMjB4bWxucyUzQXhsaW5rJTNEJTIyaHR0cCUzQSUyRiUyRnd3dy53My5vcmclMkYxOTk5JTJGeGxpbmslMjIlMjB4JTNEJTIyMHB4JTIyJTIweSUzRCUyMjBweCUyMiUyMHZpZXdCb3glM0QlMjIwJTIwMCUyMDE5MjAlMjAxMzk3JTIyJTIwZW5hYmxlLWJhY2tncm91bmQlM0QlMjJuZXclMjAwJTIwMCUyMDE5MjAlMjAxMzk3JTIyJTIweG1sJTNBc3BhY2UlM0QlMjJwcmVzZXJ2ZSUyMiUzRSUwQSUzQ3BhdGglMjBzdHlsZSUzRCUyMmZpbGwlM0Fub25lJTNCc3Ryb2tlJTNBY3VycmVudENvbG9yJTNCc3Ryb2tlLW1pdGVybGltaXQlM0ExMCUyMiUyMGQlM0QlMjJNMCUyQzc3OC41N2M1OC4zNS0zLjYzJTJDMTE2LjY0LTIyLjMzJTJDMTczLjQ2LTU1LjY4YzQ0LjI1LTI1Ljk3JTJDODUuMjYtNTkuNDclMkMxMTguNi05Ni44OCUwQSUwOWM2Ny43Mi03NS45OSUyQzExOC45Ny0xNzYuNjklMkMxNTYuNjgtMzA3Ljg2YzguNy0zMC4wMiUyQzE4LjQ2LTYxLjYyJTJDMzMuNDctODkuMWMxNy42NC0zMi4yOCUyQzM5LjMyLTUyLjgzJTJDNjYuMy02Mi44JTBBJTA5YzI0LjU0LTkuMDclMkM0OS44NS04LjElMkM3Ny4zOSUyQzIuOTdjMjMuNTMlMkM5LjQ2JTJDNDUuMDklMkMyNC44NiUyQzY0Ljg4JTJDNDAuMWMxNS43MiUyQzEyLjElMkMzMS45JTJDMjQuNDklMkM0Ny41NCUyQzM2LjQ2JTBBJTA5YzQ4Ljk0JTJDMzcuNDclMkM5OS41NSUyQzc2LjIyJTJDMTUxLjcxJTJDMTE4LjA2YzczLjM0JTJDNTguOTIlMkMxNDkuNjElMkMxMjUuOTMlMkMyMjYuNjglMkMxOTkuMTdjNTguMDglMkM1NS4zOSUyQzEyMy45MSUyQzExOC4xOCUyQzIwNi45NyUyQzEzMC4zOSUwQSUwOWMyMi42NyUyQzMuMjclMkM0Ni44NSUyQzIuNTklMkM3MS44Ny0yLjAyYzM5LjgxLTcuMzMlMkM4Mi42Ni0yNC45NiUyQzEyNy4zOC01Mi4zOWM2MC4wNS0zNi44NCUyQzExMy45Ni04Mi45OSUyQzE2Ni4wOS0xMjcuNjIlMEElMDljNTkuMzgtNTAuODMlMkMxMjAuNzctMTAzLjM5JTJDMTkyLjE3LTE0My4yM2MxMy4yMS03LjM3JTJDMjYuMDMtMTMuOTclMkMzOC44LTE5Ljk2JTIyJTJGJTNFJTBBJTNDJTJGc3ZnJTNF\u00a0\u00bb][vc_column css=\u00a0\u00bb.vc_custom_1568725768119{padding-top: 0px !important;}\u00a0\u00bb][vc_row_inner row_content_width=\u00a0\u00bbgrid\u00a0\u00bb css=\u00a0\u00bb.vc_custom_1719584509441{margin-top: 40px !important;}\u00a0\u00bb][vc_column_inner offset=\u00a0\u00bbvc_col-lg-12&Prime;][vc_empty_space height=\u00a0\u00bb40px\u00a0\u00bb]<div class=\"mkdf-elements-holder   mkdf-two-columns  mkdf-responsive-mode-768 \" ><div class=\"mkdf-eh-item    \"  data-item-class=\"mkdf-eh-custom-5242\" data-1400-1600=\"0px 15px 0px 0px\" data-1025-1399=\"0px 15px 0px 0px\" data-769-1024=\"0px 15px 0px 0px\" data-681-768=\"0px 15px 0px 0px\" data-680=\"0px 15px 0px 0px\">\n\t<div class=\"mkdf-eh-item-inner\">\n\t\t<div class=\"mkdf-eh-item-content mkdf-eh-custom-5242\" style=\"padding: 0px 15px 0px 0px\">\n\t\t\t[vc_gmaps link=\u00a0\u00bb#E-8_aHR0cHMlM0ElMkYlMkZ3d3cuZ29vZ2xlLmNvbSUyRm1hcHMlM0ZsbCUzRDQ1LjU5MzA3NSUyQzkuNTEyMzg2JTI2eiUzRDE1JTI2dCUzRG0lMjZobCUzRGl0LUlUJTI2Z2wlM0RVUyUyNm1hcGNsaWVudCUzRGVtYmVkJTI2Y2lkJTNENzQ5MTQ0NTcwOTIzMjM4NTI3OQ==\u00a0\u00bb size=\u00a0\u00bb800px\u00a0\u00bb][vc_empty_space height=\u00a0\u00bb70&Prime;]\t\t<\/div>\n\t<\/div>\n<\/div><div class=\"mkdf-eh-item    \"  data-item-class=\"mkdf-eh-custom-1033\" data-1400-1600=\"0px 0px 0px 10px\" data-1025-1399=\"0px 0px 0px 10px\" data-769-1024=\"0px 0px 0px 10px\" data-681-768=\"0px 0px 0px 10px\" data-680=\"0px 0px 0px 10px\">\n\t<div class=\"mkdf-eh-item-inner\">\n\t\t<div class=\"mkdf-eh-item-content mkdf-eh-custom-1033\" style=\"padding: 0px 0px 0px 10px\">\n\t\t\t\n<div class=\"wpcf7 no-js\" id=\"wpcf7-f6791-o1\" lang=\"en-US\" dir=\"ltr\" data-wpcf7-id=\"6791\">\n<div class=\"screen-reader-response\"><p role=\"status\" aria-live=\"polite\" aria-atomic=\"true\"><\/p> <ul><\/ul><\/div>\n<form action=\"\/fr\/wp-json\/wp\/v2\/pages\/7150#wpcf7-f6791-o1\" method=\"post\" class=\"wpcf7-form init\" aria-label=\"Contact form\" novalidate=\"novalidate\" data-status=\"init\">\n<fieldset class=\"hidden-fields-container\"><input type=\"hidden\" name=\"_wpcf7\" value=\"6791\" \/><input type=\"hidden\" name=\"_wpcf7_version\" value=\"6.1.5\" \/><input type=\"hidden\" name=\"_wpcf7_locale\" value=\"en_US\" \/><input type=\"hidden\" name=\"_wpcf7_unit_tag\" value=\"wpcf7-f6791-o1\" \/><input type=\"hidden\" name=\"_wpcf7_container_post\" value=\"0\" \/><input type=\"hidden\" name=\"_wpcf7_posted_data_hash\" value=\"\" \/><input type=\"hidden\" name=\"_wpcf7_recaptcha_response\" value=\"\" \/>\n<\/fieldset>\n<div class=\"mkdf-cf7-custom-style\">\n\t<p><label>NOM ET PR\u00c9NOM :<\/label><br \/>\n<span class=\"wpcf7-form-control-wrap\" data-name=\"your-name\"><input size=\"40\" maxlength=\"400\" class=\"wpcf7-form-control wpcf7-text wpcf7-validates-as-required\" aria-required=\"true\" aria-invalid=\"false\" value=\"\" type=\"text\" name=\"your-name\" \/><\/span>\n\t<\/p>\n\t<p><label>ENTREPRISE :<\/label><br \/>\n<span class=\"wpcf7-form-control-wrap\" data-name=\"your-company\"><input size=\"40\" maxlength=\"400\" class=\"wpcf7-form-control wpcf7-text wpcf7-validates-as-required\" aria-required=\"true\" aria-invalid=\"false\" value=\"\" type=\"text\" name=\"your-company\" \/><\/span>\n\t<\/p>\n\t<p><label>ADRESSE\/PAYS :<\/label><br \/>\n<span class=\"wpcf7-form-control-wrap\" data-name=\"your-address\"><input size=\"40\" maxlength=\"400\" class=\"wpcf7-form-control wpcf7-text wpcf7-validates-as-required\" aria-required=\"true\" aria-invalid=\"false\" value=\"\" type=\"text\" name=\"your-address\" \/><\/span>\n\t<\/p>\n\t<p><label>SECTEUR D\u2019ACTIVIT\u00c9 :<\/label><br \/>\n<span class=\"wpcf7-form-control-wrap\" data-name=\"your-sector\"><input size=\"40\" maxlength=\"400\" class=\"wpcf7-form-control wpcf7-text wpcf7-validates-as-required\" aria-required=\"true\" aria-invalid=\"false\" value=\"\" type=\"text\" name=\"your-sector\" \/><\/span>\n\t<\/p>\n\t<p><label>EMAIL :<\/label><br \/>\n<span class=\"wpcf7-form-control-wrap\" data-name=\"your-email\"><input size=\"40\" maxlength=\"400\" class=\"wpcf7-form-control wpcf7-email wpcf7-validates-as-required wpcf7-text wpcf7-validates-as-email\" aria-required=\"true\" aria-invalid=\"false\" value=\"\" type=\"email\" name=\"your-email\" \/><\/span>\n\t<\/p>\n\t<p><label>T\u00c9L\u00c9PHONE :<\/label><br \/>\n<span class=\"wpcf7-form-control-wrap\" data-name=\"your-phone\"><input size=\"40\" maxlength=\"400\" class=\"wpcf7-form-control wpcf7-tel wpcf7-validates-as-required wpcf7-text wpcf7-validates-as-tel\" aria-required=\"true\" aria-invalid=\"false\" value=\"\" type=\"tel\" name=\"your-phone\" \/><\/span>\n\t<\/p>\n\t<p><label>CONTACT POUR :<\/label><br \/>\n<span class=\"wpcf7-form-control-wrap\" data-name=\"your-contact-need\"><span class=\"wpcf7-form-control wpcf7-checkbox wpcf7-validates-as-required\"><span class=\"wpcf7-list-item first\"><label><input type=\"checkbox\" name=\"your-contact-need[]\" value=\"RECEVOIR UN DEVIS\" \/><span class=\"wpcf7-list-item-label\">RECEVOIR UN DEVIS<\/span><\/label><\/span><span class=\"wpcf7-list-item last\"><label><input type=\"checkbox\" name=\"your-contact-need[]\" value=\"RECEVOIR LA DOCUMENTATION\" \/><span class=\"wpcf7-list-item-label\">RECEVOIR LA DOCUMENTATION<\/span><\/label><\/span><\/span><\/span>\n\t<\/p>\n\t<p><label>MESSAGE :<\/label><br \/>\n<span class=\"wpcf7-form-control-wrap\" data-name=\"your-message\"><textarea cols=\"40\" rows=\"5\" maxlength=\"2000\" class=\"wpcf7-form-control wpcf7-textarea\" aria-invalid=\"false\" name=\"your-message\"><\/textarea><\/span>\n\t<\/p>\n\t<p><button class=\"wpcf7-form-control wpcf7-submit mkdf-btn mkdf-btn-medium mkdf-btn-solid\" type=\"submit\"><span class=\"mkdf-btn-text\">Envoyer le message<\/span><\/button>\n\t<\/p>\n<\/div><p style=\"display: none !important;\" class=\"akismet-fields-container\" data-prefix=\"_wpcf7_ak_\"><label>&#916;<textarea name=\"_wpcf7_ak_hp_textarea\" cols=\"45\" rows=\"8\" maxlength=\"100\"><\/textarea><\/label><input type=\"hidden\" id=\"ak_js_1\" name=\"_wpcf7_ak_js\" value=\"222\"\/><script>document.getElementById( \"ak_js_1\" ).setAttribute( \"value\", ( new Date() ).getTime() );<\/script><\/p><div class=\"wpcf7-response-output\" aria-hidden=\"true\"><\/div>\n<\/form>\n<\/div>\n[vc_empty_space height=\u00a0\u00bb70&Prime;]\t\t<\/div>\n\t<\/div>\n<\/div><\/div>[\/vc_column_inner][\/vc_row_inner][\/vc_column][\/vc_row]<\/p>\n<\/section>","protected":false},"excerpt":{"rendered":"<p>[vc_row disable_background_image=\u00a0\u00bb1024&Prime; enable_background_svg=\u00a0\u00bbyes\u00a0\u00bb animated_text_position=\u00a0\u00bbright\u00a0\u00bb disable_animated_text=\u00a0\u00bb\u00a0\u00bb animated_text=\u00a0\u00bbracing\u00a0\u00bb animated_text_color=\u00a0\u00bb#101010&Prime; simple_background_color=\u00a0\u00bb#000000&Prime; el_class=\u00a0\u00bbmkdf-row-margin-top\u00a0\u00bb css=\u00a0\u00bb.vc_custom_1714982762415{padding-top: 100px !important;padding-bottom: 100px !important;}\u00a0\u00bb][vc_column css=\u00a0\u00bb.vc_custom_1716473304214{margin-bottom: -100px !important;padding-top: 0px !important;padding-bottom: 0px !important;}\u00a0\u00bb][vc_row_inner row_content_width=\u00a0\u00bbgrid\u00a0\u00bb][vc_column_inner css=\u00a0\u00bb.vc_custom_1567499344778{padding-top: 0px !important;padding-bottom: 0px !important;}\u00a0\u00bb][\/vc_column_inner][\/vc_row_inner][\/vc_column][\/vc_row][vc_row disable_background_image=\u00a0\u00bb\u00a0\u00bb css=\u00a0\u00bb.vc_custom_1570546487736{background-image: url(https:\/\/grandprix.qodeinteractive.com\/wp-content\/uploads\/2019\/09\/h3-bck-img-4.png?id=1591) !important;background-position: center !important;background-repeat: no-repeat !important;background-size: cover !important;}\u00a0\u00bb simple_background_color=\u00a0\u00bb#000000&Prime;][vc_column css=\u00a0\u00bb.vc_custom_1716473324590{margin-top: -100px !important;margin-bottom: -150px !important;padding-top: 0px !important;}\u00a0\u00bb][vc_row_inner row_content_width=\u00a0\u00bbgrid\u00a0\u00bb][vc_column_inner][\/vc_column_inner][\/vc_row_inner][vc_row_inner row_content_width=\u00a0\u00bbgrid\u00a0\u00bb css=\u00a0\u00bb.vc_custom_1719500127915{margin-top: -30px !important;margin-bottom: 30px [&hellip;]<\/p>\n","protected":false},"author":4,"featured_media":0,"parent":0,"menu_order":0,"comment_status":"closed","ping_status":"closed","template":"full-width.php","meta":{"om_disable_all_campaigns":false,"_monsterinsights_skip_tracking":false,"_monsterinsights_sitenote_active":false,"_monsterinsights_sitenote_note":"","_monsterinsights_sitenote_category":0,"_uf_show_specific_survey":0,"_uf_disable_surveys":false,"footnotes":""},"class_list":["post-7150","page","type-page","status-publish","hentry"],"aioseo_notices":[],"_links":{"self":[{"href":"https:\/\/www.ofmer.com\/fr\/wp-json\/wp\/v2\/pages\/7150","targetHints":{"allow":["GET"]}}],"collection":[{"href":"https:\/\/www.ofmer.com\/fr\/wp-json\/wp\/v2\/pages"}],"about":[{"href":"https:\/\/www.ofmer.com\/fr\/wp-json\/wp\/v2\/types\/page"}],"author":[{"embeddable":true,"href":"https:\/\/www.ofmer.com\/fr\/wp-json\/wp\/v2\/users\/4"}],"replies":[{"embeddable":true,"href":"https:\/\/www.ofmer.com\/fr\/wp-json\/wp\/v2\/comments?post=7150"}],"version-history":[{"count":5,"href":"https:\/\/www.ofmer.com\/fr\/wp-json\/wp\/v2\/pages\/7150\/revisions"}],"predecessor-version":[{"id":7248,"href":"https:\/\/www.ofmer.com\/fr\/wp-json\/wp\/v2\/pages\/7150\/revisions\/7248"}],"wp:attachment":[{"href":"https:\/\/www.ofmer.com\/fr\/wp-json\/wp\/v2\/media?parent=7150"}],"curies":[{"name":"wp","href":"https:\/\/api.w.org\/{rel}","templated":true}]}}