{"id":7170,"date":"2024-05-06T21:16:51","date_gmt":"2024-05-06T19:16:51","guid":{"rendered":"https:\/\/www.ofmer.com\/assistenza-e-after-sales\/"},"modified":"2024-07-25T10:33:34","modified_gmt":"2024-07-25T08:33:34","slug":"service-apres-vente","status":"publish","type":"page","link":"https:\/\/www.ofmer.com\/fr\/service-apres-vente\/","title":{"rendered":"Service Apr\u00e8s-Vente et Support Technique"},"content":{"rendered":"<section class=\"wpb-content-wrapper\"><p>[vc_row disable_background_image=\u00a0\u00bb1024&Prime; enable_background_svg=\u00a0\u00bbyes\u00a0\u00bb animated_text_position=\u00a0\u00bbright\u00a0\u00bb disable_animated_text=\u00a0\u00bb\u00a0\u00bb animated_text=\u00a0\u00bbracing\u00a0\u00bb animated_text_color=\u00a0\u00bb#101010&Prime; simple_background_color=\u00a0\u00bb#000000&Prime; el_class=\u00a0\u00bbmkdf-row-margin-top\u00a0\u00bb css=\u00a0\u00bb.vc_custom_1714982762415{padding-top: 100px !important;padding-bottom: 100px !important;}\u00a0\u00bb][vc_column css=\u00a0\u00bb.vc_custom_1568717806229{padding-top: 0px !important;padding-bottom: 0px !important;}\u00a0\u00bb][vc_row_inner row_content_width=\u00a0\u00bbgrid\u00a0\u00bb][vc_column_inner css=\u00a0\u00bb.vc_custom_1567499344778{padding-top: 0px !important;padding-bottom: 0px !important;}\u00a0\u00bb]<div class=\"mkdf-elements-holder   mkdf-one-column  mkdf-responsive-mode-768 \" ><div class=\"mkdf-eh-item   mkdf-horizontal-alignment-center \"  data-item-class=\"mkdf-eh-custom-5506\">\n\t<div class=\"mkdf-eh-item-inner\">\n\t\t<div class=\"mkdf-eh-item-content mkdf-eh-custom-5506\" >\n\t\t\t[vc_column_text]<\/p>\n<h4><strong><span style=\"color: #ffffff;\">Compter sur une assistance solide et un service apr\u00e8s-vente efficace est essentiel.<\/span><\/strong><\/h4>\n<h4><strong><span style=\"color: #ffffff;\">Chez OFMER, nous comprenons l\u2019importance de garantir la pleine op\u00e9rabilit\u00e9 de nos machines m\u00eame apr\u00e8s l\u2019achat. Notre engagement envers les clients ne se termine pas avec la vente, mais se poursuit avec un support apr\u00e8s-vente fiable et une assistance continue.<\/span><\/strong><\/h4>\n<p>[\/vc_column_text][vc_empty_space height=\u00a0\u00bb100px\u00a0\u00bb]\t\t<\/div>\n\t<\/div>\n<\/div><\/div>[\/vc_column_inner][\/vc_row_inner][vc_row_inner row_content_width=\u00a0\u00bbgrid\u00a0\u00bb][vc_column_inner css=\u00a0\u00bb.vc_custom_1567499344778{padding-top: 0px !important;padding-bottom: 0px !important;}\u00a0\u00bb]<div class=\"mkdf-elements-holder   mkdf-one-column  mkdf-responsive-mode-768 \" ><div class=\"mkdf-eh-item   mkdf-horizontal-alignment-center \"  data-item-class=\"mkdf-eh-custom-3025\">\n\t<div class=\"mkdf-eh-item-inner\">\n\t\t<div class=\"mkdf-eh-item-content mkdf-eh-custom-3025\" >\n\t\t\t<div class=\"mkdf-section-title-holder    mkdf-has-appear-animation\" style=\"text-align: center\">\n\t<div class=\"mkdf-st-inner\">\n\t\t\t\t\t\t<h3 class=\"mkdf-st-title\" style=\"color: #ffffff\">\n\t\t\t\t\t\t\t\t\tRemplacement Rapide des Pi\u00e8ces\t\t\t\t\t\t\t<\/h3>\n\t\t\t\t\t\t\t<\/div>\n<\/div>[vc_column_text]En cas de n\u00e9cessit\u00e9 de remplacer un composant, nous sommes pr\u00eats \u00e0 intervenir rapidement. Ofmer est pr\u00e9sent dans plus de 90 pays, o\u00f9 vous pouvez acheter commod\u00e9ment toutes les pi\u00e8ces de rechange n\u00e9cessaires. Les clients peuvent compter sur une assistance fiable et un support apr\u00e8s-vente complet pour garantir la continuit\u00e9 op\u00e9rationnelle et une efficacit\u00e9 maximale sur le chantier.[\/vc_column_text][vc_empty_space height=\u00a0\u00bb100px\u00a0\u00bb]\t\t<\/div>\n\t<\/div>\n<\/div><\/div>[\/vc_column_inner][\/vc_row_inner][vc_row_inner row_content_width=\u00a0\u00bbgrid\u00a0\u00bb][vc_column_inner css=\u00a0\u00bb.vc_custom_1567499344778{padding-top: 0px !important;padding-bottom: 0px !important;}\u00a0\u00bb]<div class=\"mkdf-elements-holder   mkdf-one-column  mkdf-responsive-mode-768 \" ><div class=\"mkdf-eh-item   mkdf-horizontal-alignment-center \"  data-item-class=\"mkdf-eh-custom-2822\">\n\t<div class=\"mkdf-eh-item-inner\">\n\t\t<div class=\"mkdf-eh-item-content mkdf-eh-custom-2822\" >\n\t\t\t<div class=\"mkdf-section-title-holder    mkdf-has-appear-animation\" style=\"text-align: center\">\n\t<div class=\"mkdf-st-inner\">\n\t\t\t\t\t\t<h3 class=\"mkdf-st-title\" style=\"color: #ffffff\">\n\t\t\t\t\t\t\t\t\tAssistance Technique Multilingue\t\t\t\t\t\t\t<\/h3>\n\t\t\t\t\t\t\t<\/div>\n<\/div>[vc_column_text]Pour tout besoin, notre \u00e9quipe technique sp\u00e9cialis\u00e9e est disponible pour fournir une assistance t\u00e9l\u00e9phonique multilingue, r\u00e9pondre aux questions et r\u00e9soudre les probl\u00e8mes rapidement et efficacement.[\/vc_column_text]\t\t<\/div>\n\t<\/div>\n<\/div><\/div>[\/vc_column_inner][\/vc_row_inner][\/vc_column][\/vc_row][vc_row disable_background_image=\u00a0\u00bb\u00a0\u00bb][vc_column]<div class=\"mkdf-elements-holder   mkdf-one-column  mkdf-responsive-mode-768 \" ><div class=\"mkdf-eh-item   mkdf-horizontal-alignment-center \"  data-item-class=\"mkdf-eh-custom-9749\">\n\t<div class=\"mkdf-eh-item-inner\">\n\t\t<div class=\"mkdf-eh-item-content mkdf-eh-custom-9749\" >\n\t\t\t<a itemprop=\"url\" href=\"mailto:customerservice@ofmer.it\" target=\"_self\"  class=\"mkdf-btn mkdf-btn-medium mkdf-btn-predefined\"  >\n            <span class=\"mkdf-btn-predefined-line-holder\">\n            <span class=\"mkdf-btn-line-hidden\"><\/span>\n            <span class=\"mkdf-btn-text\">Contactez-nous maintenant<\/span>\n\t        <span class=\"mkdf-btn-line\"><\/span>\n            <i class=\"mkdf-btn-predefined-icon mkdf-icon-ion-icon ion-ios-play \"><\/i>\n        <\/span>\n    <\/a>[vc_empty_space]\t\t<\/div>\n\t<\/div>\n<\/div><\/div>[\/vc_column][\/vc_row]<\/p>\n<\/section>","protected":false},"excerpt":{"rendered":"<p>[vc_row disable_background_image=\u00a0\u00bb1024&Prime; enable_background_svg=\u00a0\u00bbyes\u00a0\u00bb animated_text_position=\u00a0\u00bbright\u00a0\u00bb disable_animated_text=\u00a0\u00bb\u00a0\u00bb animated_text=\u00a0\u00bbracing\u00a0\u00bb animated_text_color=\u00a0\u00bb#101010&Prime; simple_background_color=\u00a0\u00bb#000000&Prime; el_class=\u00a0\u00bbmkdf-row-margin-top\u00a0\u00bb css=\u00a0\u00bb.vc_custom_1714982762415{padding-top: 100px !important;padding-bottom: 100px !important;}\u00a0\u00bb][vc_column css=\u00a0\u00bb.vc_custom_1568717806229{padding-top: 0px !important;padding-bottom: 0px !important;}\u00a0\u00bb][vc_row_inner row_content_width=\u00a0\u00bbgrid\u00a0\u00bb][vc_column_inner css=\u00a0\u00bb.vc_custom_1567499344778{padding-top: 0px !important;padding-bottom: 0px !important;}\u00a0\u00bb][\/vc_column_inner][\/vc_row_inner][vc_row_inner row_content_width=\u00a0\u00bbgrid\u00a0\u00bb][vc_column_inner css=\u00a0\u00bb.vc_custom_1567499344778{padding-top: 0px !important;padding-bottom: 0px !important;}\u00a0\u00bb][\/vc_column_inner][\/vc_row_inner][vc_row_inner row_content_width=\u00a0\u00bbgrid\u00a0\u00bb][vc_column_inner css=\u00a0\u00bb.vc_custom_1567499344778{padding-top: 0px !important;padding-bottom: 0px !important;}\u00a0\u00bb][\/vc_column_inner][\/vc_row_inner][\/vc_column][\/vc_row][vc_row disable_background_image=\u00a0\u00bb\u00a0\u00bb][vc_column][\/vc_column][\/vc_row]<\/p>\n","protected":false},"author":4,"featured_media":0,"parent":0,"menu_order":0,"comment_status":"closed","ping_status":"closed","template":"full-width.php","meta":{"om_disable_all_campaigns":false,"_monsterinsights_skip_tracking":false,"_monsterinsights_sitenote_active":false,"_monsterinsights_sitenote_note":"","_monsterinsights_sitenote_category":0,"_uf_show_specific_survey":0,"_uf_disable_surveys":false,"footnotes":""},"class_list":["post-7170","page","type-page","status-publish","hentry"],"aioseo_notices":[],"_links":{"self":[{"href":"https:\/\/www.ofmer.com\/fr\/wp-json\/wp\/v2\/pages\/7170","targetHints":{"allow":["GET"]}}],"collection":[{"href":"https:\/\/www.ofmer.com\/fr\/wp-json\/wp\/v2\/pages"}],"about":[{"href":"https:\/\/www.ofmer.com\/fr\/wp-json\/wp\/v2\/types\/page"}],"author":[{"embeddable":true,"href":"https:\/\/www.ofmer.com\/fr\/wp-json\/wp\/v2\/users\/4"}],"replies":[{"embeddable":true,"href":"https:\/\/www.ofmer.com\/fr\/wp-json\/wp\/v2\/comments?post=7170"}],"version-history":[{"count":5,"href":"https:\/\/www.ofmer.com\/fr\/wp-json\/wp\/v2\/pages\/7170\/revisions"}],"predecessor-version":[{"id":7649,"href":"https:\/\/www.ofmer.com\/fr\/wp-json\/wp\/v2\/pages\/7170\/revisions\/7649"}],"wp:attachment":[{"href":"https:\/\/www.ofmer.com\/fr\/wp-json\/wp\/v2\/media?parent=7170"}],"curies":[{"name":"wp","href":"https:\/\/api.w.org\/{rel}","templated":true}]}}