{"id":6896,"date":"2024-05-08T11:13:54","date_gmt":"2024-05-08T09:13:54","guid":{"rendered":"https:\/\/www.ofmer.com\/accessori\/"},"modified":"2024-07-16T15:11:08","modified_gmt":"2024-07-16T13:11:08","slug":"acessorios-de-corte","status":"publish","type":"page","link":"https:\/\/www.ofmer.com\/pt-pt\/acessorios-de-corte\/","title":{"rendered":"Acess\u00f3rios de Corte"},"content":{"rendered":"<section class=\"wpb-content-wrapper\"><p>[vc_row row_content_width=&#8221;grid&#8221; disable_background_image=&#8221;&#8221; vertical_lines=&#8221;yes&#8221; css=&#8221;.vc_custom_1568273586269{padding-top: 117px !important;padding-bottom: 130px !important;}&#8221;][vc_column]<div class=\"mkdf-portfolio-list-holder mkdf-grid-list mkdf-pl-gallery mkdf-three-columns mkdf-normal-space mkdf-disable-bottom-space mkdf-pl-standard-move    mkdf-pl-pag-no-pagination     \"  data-type=gallery data-number-of-columns=three data-space-between-items=normal data-number-of-items=-1 data-image-proportions=landscape data-enable-fixed-proportions=no data-enable-image-shadow=no data-category=accessori data-selected-projects=6857,6875,7042,6880,6870,6865 data-orderby=date data-order=ASC data-item-style=standard-move data-enable-title=yes data-title-tag=h4 data-enable-category=no data-enable-count-images=no data-enable-excerpt=yes data-excerpt-length=500000 data-pagination-type=no-pagination data-filter=no data-filter-order-by=name data-enable-article-animation=no data-portfolio-slider-on=no data-enable-loop=yes data-enable-autoplay=yes data-slider-speed=5000 data-slider-speed-animation=600 data-enable-navigation=yes data-enable-pagination=yes data-max-num-pages=0 data-next-page=2>\n\t\t<div class=\"mkdf-pl-inner mkdf-outer-space  clearfix\">\n\t\t<article class=\"mkdf-pl-item mkdf-item-space  post-6860 portfolio-item type-portfolio-item status-publish has-post-thumbnail hentry portfolio-category-accessori-pt-pt\">\n\t<div class=\"mkdf-pl-item-inner\">\n\t\t<div class=\"mkdf-pli-image\">\n\t<img loading=\"lazy\" decoding=\"async\" width=\"836\" height=\"650\" src=\"https:\/\/www.ofmer.com\/wp-content\/uploads\/2024\/05\/OFMER__ACCESSORI_BASAMENTO-836x650.png\" class=\"attachment-grandprix_mikado_image_landscape size-grandprix_mikado_image_landscape wp-post-image\" alt=\"\" \/><\/div>\n<div class=\"mkdf-pli-text-holder\" >\n\t<div class=\"mkdf-pli-text-wrapper\">\n\t\t<div class=\"mkdf-pli-text\">\n\t\t\t<span class=\"mkdf-pli-date\">8 de Maio, 2024 <\/span>\n\t\t\t\n\t\t\t\t<h4 itemprop=\"name\" class=\"mkdf-pli-title entry-title\" >\n\t\tBase\t<\/h4>\n\n\t\t\t\n\t\t\t\n\t\t\t\t<p itemprop=\"description\" class=\"mkdf-pli-excerpt\">Adequado para os modelos de Cortadeira 34-38-44-56.<\/p>\n\t\t<\/div>\n\t<\/div>\n<\/div>\n\t\t<a itemprop=\"url\" class=\"mkdf-pli-link mkdf-block-drag-link\" href=\"https:\/\/www.ofmer.com\/pt-pt\/catalogo\/base\/\" target=\"_self\"><\/a>\n\t<\/div>\n<\/article><article class=\"mkdf-pl-item mkdf-item-space  post-6875 portfolio-item type-portfolio-item status-publish has-post-thumbnail hentry portfolio-category-accessori-pt-pt\">\n\t<div class=\"mkdf-pl-item-inner\">\n\t\t<div class=\"mkdf-pli-image\">\n\t<img loading=\"lazy\" decoding=\"async\" width=\"836\" height=\"650\" src=\"https:\/\/www.ofmer.com\/wp-content\/uploads\/2024\/06\/OFMER_ACCESSORI_CONVOGLITORE-DI-BARRE-836x650.png\" class=\"attachment-grandprix_mikado_image_landscape size-grandprix_mikado_image_landscape wp-post-image\" alt=\"\" \/><\/div>\n<div class=\"mkdf-pli-text-holder\" >\n\t<div class=\"mkdf-pli-text-wrapper\">\n\t\t<div class=\"mkdf-pli-text\">\n\t\t\t<span class=\"mkdf-pli-date\">25 de Junho, 2024 <\/span>\n\t\t\t\n\t\t\t\t<h4 itemprop=\"name\" class=\"mkdf-pli-title entry-title\" >\n\t\tTransportador de Barras\t<\/h4>\n\n\t\t\t\n\t\t\t\n\t\t\t\t<p itemprop=\"description\" class=\"mkdf-pli-excerpt\">Adequado para todas as Cortadeiras.<\/p>\n\t\t<\/div>\n\t<\/div>\n<\/div>\n\t\t<a itemprop=\"url\" class=\"mkdf-pli-link mkdf-block-drag-link\" href=\"https:\/\/www.ofmer.com\/pt-pt\/catalogo\/transportador-de-barras\/\" target=\"_self\"><\/a>\n\t<\/div>\n<\/article><article class=\"mkdf-pl-item mkdf-item-space  post-7042 portfolio-item type-portfolio-item status-publish has-post-thumbnail hentry portfolio-category-accessori-pt-pt\">\n\t<div class=\"mkdf-pl-item-inner\">\n\t\t<div class=\"mkdf-pli-image\">\n\t<img loading=\"lazy\" decoding=\"async\" width=\"836\" height=\"650\" src=\"https:\/\/www.ofmer.com\/wp-content\/uploads\/2024\/07\/OFMER_ACCESSORI_RELE-PHASE-836x650.png\" class=\"attachment-grandprix_mikado_image_landscape size-grandprix_mikado_image_landscape wp-post-image\" alt=\"\" \/><\/div>\n<div class=\"mkdf-pli-text-holder\" >\n\t<div class=\"mkdf-pli-text-wrapper\">\n\t\t<div class=\"mkdf-pli-text\">\n\t\t\t<span class=\"mkdf-pli-date\">12 de Julho, 2024 <\/span>\n\t\t\t\n\t\t\t\t<h4 itemprop=\"name\" class=\"mkdf-pli-title entry-title\" >\n\t\tRel\u00e9 de Controle e Sequ\u00eancia de Fase\t<\/h4>\n\n\t\t\t\n\t\t\t\n\t\t\t\t<p itemprop=\"description\" class=\"mkdf-pli-excerpt\">Adequado para todos os modelos de m\u00e1quinas.<\/p>\n\t\t<\/div>\n\t<\/div>\n<\/div>\n\t\t<a itemprop=\"url\" class=\"mkdf-pli-link mkdf-block-drag-link\" href=\"https:\/\/www.ofmer.com\/pt-pt\/catalogo\/rele-de-controle-e-sequencia-de-fase\/\" target=\"_self\"><\/a>\n\t<\/div>\n<\/article><article class=\"mkdf-pl-item mkdf-item-space  post-6880 portfolio-item type-portfolio-item status-publish has-post-thumbnail hentry portfolio-category-accessori-pt-pt\">\n\t<div class=\"mkdf-pl-item-inner\">\n\t\t<div class=\"mkdf-pli-image\">\n\t<img loading=\"lazy\" decoding=\"async\" width=\"836\" height=\"650\" src=\"https:\/\/www.ofmer.com\/wp-content\/uploads\/2024\/07\/OFMER_ACCESSORI_PROTEZIONE-INTERRUTTORE-MAGNETOTERMICO-836x650.png\" class=\"attachment-grandprix_mikado_image_landscape size-grandprix_mikado_image_landscape wp-post-image\" alt=\"\" \/><\/div>\n<div class=\"mkdf-pli-text-holder\" >\n\t<div class=\"mkdf-pli-text-wrapper\">\n\t\t<div class=\"mkdf-pli-text\">\n\t\t\t<span class=\"mkdf-pli-date\">3 de Julho, 2024 <\/span>\n\t\t\t\n\t\t\t\t<h4 itemprop=\"name\" class=\"mkdf-pli-title entry-title\" >\n\t\tProte\u00e7\u00e3o do Disjuntor Magnetot\u00e9rmico\t<\/h4>\n\n\t\t\t\n\t\t\t\n\t\t\t\t<p itemprop=\"description\" class=\"mkdf-pli-excerpt\">Adequado para todas as Cortadeiras.<\/p>\n\t\t<\/div>\n\t<\/div>\n<\/div>\n\t\t<a itemprop=\"url\" class=\"mkdf-pli-link mkdf-block-drag-link\" href=\"https:\/\/www.ofmer.com\/pt-pt\/catalogo\/protecao-do-disjuntor-magnetotermico\/\" target=\"_self\"><\/a>\n\t<\/div>\n<\/article><article class=\"mkdf-pl-item mkdf-item-space  post-6870 portfolio-item type-portfolio-item status-publish has-post-thumbnail hentry portfolio-category-accessori-pt-pt\">\n\t<div class=\"mkdf-pl-item-inner\">\n\t\t<div class=\"mkdf-pli-image\">\n\t<img loading=\"lazy\" decoding=\"async\" width=\"836\" height=\"650\" src=\"https:\/\/www.ofmer.com\/wp-content\/uploads\/2024\/06\/OFMER_ACCESSORI_TELO-COPRIMACCHINA-836x650.png\" class=\"attachment-grandprix_mikado_image_landscape size-grandprix_mikado_image_landscape wp-post-image\" alt=\"\" \/><\/div>\n<div class=\"mkdf-pli-text-holder\" >\n\t<div class=\"mkdf-pli-text-wrapper\">\n\t\t<div class=\"mkdf-pli-text\">\n\t\t\t<span class=\"mkdf-pli-date\">25 de Junho, 2024 <\/span>\n\t\t\t\n\t\t\t\t<h4 itemprop=\"name\" class=\"mkdf-pli-title entry-title\" >\n\t\tCapa para M\u00e1quinas\t<\/h4>\n\n\t\t\t\n\t\t\t\n\t\t\t\t<p itemprop=\"description\" class=\"mkdf-pli-excerpt\">Adequado para todos os modelos de m\u00e1quinas.<\/p>\n\t\t<\/div>\n\t<\/div>\n<\/div>\n\t\t<a itemprop=\"url\" class=\"mkdf-pli-link mkdf-block-drag-link\" href=\"https:\/\/www.ofmer.com\/pt-pt\/catalogo\/capa-para-maquinas\/\" target=\"_self\"><\/a>\n\t<\/div>\n<\/article><article class=\"mkdf-pl-item mkdf-item-space  post-6865 portfolio-item type-portfolio-item status-publish has-post-thumbnail hentry portfolio-category-accessori-pt-pt\">\n\t<div class=\"mkdf-pl-item-inner\">\n\t\t<div class=\"mkdf-pli-image\">\n\t<img loading=\"lazy\" decoding=\"async\" width=\"836\" height=\"650\" src=\"https:\/\/www.ofmer.com\/wp-content\/uploads\/2024\/05\/OFMER__ACCESSORI_BANCO-DA-LAVORO-CON-RULLI-836x650.png\" class=\"attachment-grandprix_mikado_image_landscape size-grandprix_mikado_image_landscape wp-post-image\" alt=\"\" \/><\/div>\n<div class=\"mkdf-pli-text-holder\" >\n\t<div class=\"mkdf-pli-text-wrapper\">\n\t\t<div class=\"mkdf-pli-text\">\n\t\t\t<span class=\"mkdf-pli-date\">8 de Maio, 2024 <\/span>\n\t\t\t\n\t\t\t\t<h4 itemprop=\"name\" class=\"mkdf-pli-title entry-title\" >\n\t\tBancada Modular com Rolos\t<\/h4>\n\n\t\t\t\n\t\t\t\n\t\t\t\t<p itemprop=\"description\" class=\"mkdf-pli-excerpt\">Adequado para todos os modelos das nossas dobradeiras, combinadas, estribeiradoras e m\u00e1quinas para espirais.<\/p>\n\t\t<\/div>\n\t<\/div>\n<\/div>\n\t\t<a itemprop=\"url\" class=\"mkdf-pli-link mkdf-block-drag-link\" href=\"https:\/\/www.ofmer.com\/pt-pt\/catalogo\/bancada-modular-com-rolos\/\" target=\"_self\"><\/a>\n\t<\/div>\n<\/article>\t<\/div>\n\t\n\t<\/div>[\/vc_column][\/vc_row]<\/p>\n<\/section>","protected":false},"excerpt":{"rendered":"<p>[vc_row row_content_width=&#8221;grid&#8221; disable_background_image=&#8221;&#8221; vertical_lines=&#8221;yes&#8221; css=&#8221;.vc_custom_1568273586269{padding-top: 117px !important;padding-bottom: 130px !important;}&#8221;][vc_column][\/vc_column][\/vc_row]<\/p>\n","protected":false},"author":1,"featured_media":0,"parent":0,"menu_order":0,"comment_status":"closed","ping_status":"closed","template":"full-width.php","meta":{"om_disable_all_campaigns":false,"_monsterinsights_skip_tracking":false,"_monsterinsights_sitenote_active":false,"_monsterinsights_sitenote_note":"","_monsterinsights_sitenote_category":0,"_uf_show_specific_survey":0,"_uf_disable_surveys":false,"footnotes":""},"class_list":["post-6896","page","type-page","status-publish","hentry"],"aioseo_notices":[],"_links":{"self":[{"href":"https:\/\/www.ofmer.com\/pt-pt\/wp-json\/wp\/v2\/pages\/6896","targetHints":{"allow":["GET"]}}],"collection":[{"href":"https:\/\/www.ofmer.com\/pt-pt\/wp-json\/wp\/v2\/pages"}],"about":[{"href":"https:\/\/www.ofmer.com\/pt-pt\/wp-json\/wp\/v2\/types\/page"}],"author":[{"embeddable":true,"href":"https:\/\/www.ofmer.com\/pt-pt\/wp-json\/wp\/v2\/users\/1"}],"replies":[{"embeddable":true,"href":"https:\/\/www.ofmer.com\/pt-pt\/wp-json\/wp\/v2\/comments?post=6896"}],"version-history":[{"count":3,"href":"https:\/\/www.ofmer.com\/pt-pt\/wp-json\/wp\/v2\/pages\/6896\/revisions"}],"predecessor-version":[{"id":7094,"href":"https:\/\/www.ofmer.com\/pt-pt\/wp-json\/wp\/v2\/pages\/6896\/revisions\/7094"}],"wp:attachment":[{"href":"https:\/\/www.ofmer.com\/pt-pt\/wp-json\/wp\/v2\/media?parent=6896"}],"curies":[{"name":"wp","href":"https:\/\/api.w.org\/{rel}","templated":true}]}}