{"id":7137,"date":"2024-05-05T15:24:00","date_gmt":"2024-05-05T13:24:00","guid":{"rendered":"https:\/\/www.ofmer.com\/macchine-per-taglio-e-piega-del-tondino\/"},"modified":"2024-07-24T17:10:57","modified_gmt":"2024-07-24T15:10:57","slug":"maquinas-de-corte-e-dobragem","status":"publish","type":"page","link":"https:\/\/www.ofmer.com\/pt-pt\/maquinas-de-corte-e-dobragem\/","title":{"rendered":"Hist\u00f3ria"},"content":{"rendered":"<section class=\"wpb-content-wrapper\"><p>[vc_row disable_background_image=&#8221;1024&#8243; enable_background_svg=&#8221;yes&#8221; animated_text_position=&#8221;right&#8221; disable_animated_text=&#8221;&#8221; animated_text=&#8221;racing&#8221; animated_text_color=&#8221;#101010&#8243; simple_background_color=&#8221;#000000&#8243; el_class=&#8221;mkdf-row-margin-top&#8221; css=&#8221;.vc_custom_1714982762415{padding-top: 100px !important;padding-bottom: 100px !important;}&#8221;][vc_column css=&#8221;.vc_custom_1568717806229{padding-top: 0px !important;padding-bottom: 0px !important;}&#8221;][vc_row_inner row_content_width=&#8221;grid&#8221;][vc_column_inner css=&#8221;.vc_custom_1567499344778{padding-top: 0px !important;padding-bottom: 0px !important;}&#8221;]<div class=\"mkdf-elements-holder   mkdf-one-column  mkdf-responsive-mode-768 \" ><div class=\"mkdf-eh-item   mkdf-horizontal-alignment-center \"  data-item-class=\"mkdf-eh-custom-4152\">\n\t<div class=\"mkdf-eh-item-inner\">\n\t\t<div class=\"mkdf-eh-item-content mkdf-eh-custom-4152\" >\n\t\t\t<div class=\"mkdf-section-title-holder    mkdf-has-appear-animation\" style=\"text-align: center\">\n\t<div class=\"mkdf-st-inner\">\n\t\t\t\t\t\t<h3 class=\"mkdf-st-title\" style=\"color: #ffffff\">\n\t\t\t\t\t\t\t\t\tEmpresa\t\t\t\t\t\t\t<\/h3>\n\t\t\t\t\t\t\t<\/div>\n<\/div>[vc_column_text]Fundada em 1984 em Trezzo sull\u2019Adda (MI), a Ofmer estabeleceu-se como um ponto de refer\u00eancia no setor de m\u00e1quinas de corte e dobragem de vergalh\u00f5es.<\/p>\n<p>Nascida do compromisso, paix\u00e3o e determina\u00e7\u00e3o de nossos fundadores, hoje continua a perseguir o objetivo de oferecer aos profissionais uma gama completa de produtos de alto desempenho, dur\u00e1veis e resistentes, ideais para qualquer projeto de constru\u00e7\u00e3o.<\/p>\n<p>Em mais de 40 anos de atividade, consolidamos nossa posi\u00e7\u00e3o como l\u00edderes de mercado na It\u00e1lia e expandimos nossa presen\u00e7a internacionalmente. Atualmente, nossa atividade de distribui\u00e7\u00e3o alcan\u00e7ou mais de 90 mercados em todo o mundo.[\/vc_column_text]\t\t<\/div>\n\t<\/div>\n<\/div><div class=\"mkdf-eh-item  mkdf-vertical-alignment-bottom mkdf-horizontal-alignment-center \"  data-item-class=\"mkdf-eh-custom-9495\">\n\t<div class=\"mkdf-eh-item-inner\">\n\t\t<div class=\"mkdf-eh-item-content mkdf-eh-custom-9495\" >\n\t\t\t<div class=\"mkdf-section-title-holder    mkdf-has-appear-animation\" style=\"text-align: center\">\n\t<div class=\"mkdf-st-inner\">\n\t\t\t\t\t\t<h3 class=\"mkdf-st-title\" style=\"color: #ffffff\">\n\t\t\t\t\t\t\t\t\tVALORES\t\t\t\t\t\t\t<\/h3>\n\t\t\t\t\t\t\t<\/div>\n<\/div>[vc_column_text]Nossos valores se refletem em todos os aspectos das opera\u00e7\u00f5es da empresa, conforme transmitidos pelos fundadores, os irm\u00e3os Luigi e Paolo Camurati.<\/p>\n<p>A cultura da empresa, caracterizada por um compromisso constante com a forma\u00e7\u00e3o e atualiza\u00e7\u00e3o cont\u00ednua, juntamente com uma aten\u00e7\u00e3o meticulosa a cada detalhe, permitiu-nos progredir no aperfei\u00e7oamento de nossos produtos. A confian\u00e7a dos clientes \u00e9 fundamental para n\u00f3s e baseia-se na constru\u00e7\u00e3o de um relacionamento de respeito m\u00fatuo e entendimento profissional.<\/p>\n<p>A continuidade do nosso compromisso com os projetos e objetivos iniciais \u00e9 garantida pelas novas gera\u00e7\u00f5es representadas por Sibilla e Sveva Camurati.[\/vc_column_text]\t\t<\/div>\n\t<\/div>\n<\/div><\/div>[\/vc_column_inner][\/vc_row_inner][\/vc_column][\/vc_row][vc_row disable_background_image=&#8221;&#8221;][vc_column][vc_single_image image=&#8221;7621&#8243; img_size=&#8221;1350&#215;500&#8243; alignment=&#8221;center&#8221; onclick=&#8221;link_image&#8221;][\/vc_column][\/vc_row]<\/p>\n<\/section>","protected":false},"excerpt":{"rendered":"<p>[vc_row disable_background_image=&#8221;1024&#8243; enable_background_svg=&#8221;yes&#8221; animated_text_position=&#8221;right&#8221; disable_animated_text=&#8221;&#8221; animated_text=&#8221;racing&#8221; animated_text_color=&#8221;#101010&#8243; simple_background_color=&#8221;#000000&#8243; el_class=&#8221;mkdf-row-margin-top&#8221; css=&#8221;.vc_custom_1714982762415{padding-top: 100px !important;padding-bottom: 100px !important;}&#8221;][vc_column css=&#8221;.vc_custom_1568717806229{padding-top: 0px !important;padding-bottom: 0px !important;}&#8221;][vc_row_inner row_content_width=&#8221;grid&#8221;][vc_column_inner css=&#8221;.vc_custom_1567499344778{padding-top: 0px !important;padding-bottom: 0px !important;}&#8221;][\/vc_column_inner][\/vc_row_inner][\/vc_column][\/vc_row][vc_row disable_background_image=&#8221;&#8221;][vc_column][vc_single_image image=&#8221;7621&#8243; img_size=&#8221;1350&#215;500&#8243; alignment=&#8221;center&#8221; onclick=&#8221;link_image&#8221;][\/vc_column][\/vc_row]<\/p>\n","protected":false},"author":4,"featured_media":0,"parent":0,"menu_order":0,"comment_status":"closed","ping_status":"closed","template":"full-width.php","meta":{"om_disable_all_campaigns":false,"_monsterinsights_skip_tracking":false,"_monsterinsights_sitenote_active":false,"_monsterinsights_sitenote_note":"","_monsterinsights_sitenote_category":0,"_uf_show_specific_survey":0,"_uf_disable_surveys":false,"footnotes":""},"class_list":["post-7137","page","type-page","status-publish","hentry"],"aioseo_notices":[],"_links":{"self":[{"href":"https:\/\/www.ofmer.com\/pt-pt\/wp-json\/wp\/v2\/pages\/7137","targetHints":{"allow":["GET"]}}],"collection":[{"href":"https:\/\/www.ofmer.com\/pt-pt\/wp-json\/wp\/v2\/pages"}],"about":[{"href":"https:\/\/www.ofmer.com\/pt-pt\/wp-json\/wp\/v2\/types\/page"}],"author":[{"embeddable":true,"href":"https:\/\/www.ofmer.com\/pt-pt\/wp-json\/wp\/v2\/users\/4"}],"replies":[{"embeddable":true,"href":"https:\/\/www.ofmer.com\/pt-pt\/wp-json\/wp\/v2\/comments?post=7137"}],"version-history":[{"count":3,"href":"https:\/\/www.ofmer.com\/pt-pt\/wp-json\/wp\/v2\/pages\/7137\/revisions"}],"predecessor-version":[{"id":7637,"href":"https:\/\/www.ofmer.com\/pt-pt\/wp-json\/wp\/v2\/pages\/7137\/revisions\/7637"}],"wp:attachment":[{"href":"https:\/\/www.ofmer.com\/pt-pt\/wp-json\/wp\/v2\/media?parent=7137"}],"curies":[{"name":"wp","href":"https:\/\/api.w.org\/{rel}","templated":true}]}}