{"id":7152,"date":"2024-05-05T15:26:06","date_gmt":"2024-05-05T13:26:06","guid":{"rendered":"https:\/\/www.ofmer.com\/diventa-rivenditore-autorizzato\/"},"modified":"2024-07-18T17:14:55","modified_gmt":"2024-07-18T15:14:55","slug":"revendedor-autorizado","status":"publish","type":"page","link":"https:\/\/www.ofmer.com\/pt-pt\/revendedor-autorizado\/","title":{"rendered":"TORNE-SE UM REVENDEDOR"},"content":{"rendered":"<section class=\"wpb-content-wrapper\"><p>[vc_row disable_background_image=&#8221;1024&#8243; enable_background_svg=&#8221;yes&#8221; animated_text_position=&#8221;right&#8221; disable_animated_text=&#8221;&#8221; animated_text=&#8221;racing&#8221; animated_text_color=&#8221;#101010&#8243; simple_background_color=&#8221;#000000&#8243; el_class=&#8221;mkdf-row-margin-top&#8221; css=&#8221;.vc_custom_1714982762415{padding-top: 100px !important;padding-bottom: 100px !important;}&#8221;][vc_column css=&#8221;.vc_custom_1716473304214{margin-bottom: -100px !important;padding-top: 0px !important;padding-bottom: 0px !important;}&#8221;][vc_row_inner row_content_width=&#8221;grid&#8221;][vc_column_inner css=&#8221;.vc_custom_1567499344778{padding-top: 0px !important;padding-bottom: 0px !important;}&#8221;]<div class=\"mkdf-elements-holder   mkdf-one-column  mkdf-responsive-mode-768 \" ><div class=\"mkdf-eh-item   mkdf-horizontal-alignment-center \"  data-item-class=\"mkdf-eh-custom-8775\">\n\t<div class=\"mkdf-eh-item-inner\">\n\t\t<div class=\"mkdf-eh-item-content mkdf-eh-custom-8775\" >\n\t\t\t<div class=\"mkdf-section-title-holder    mkdf-has-appear-animation\" style=\"text-align: center\">\n\t<div class=\"mkdf-st-inner\">\n\t\t\t\t\t\t<h3 class=\"mkdf-st-title\" style=\"color: #ffffff\">\n\t\t\t\t\t\t\t\t\tEst\u00e1 pensando em se tornar um revendedor autorizado da Ofmer? Aqui est\u00e3o alguns dos benef\u00edcios:\t\t\t\t\t\t\t<\/h3>\n\t\t\t\t\t\t\t<\/div>\n<\/div>\t\t<\/div>\n\t<\/div>\n<\/div><\/div>[\/vc_column_inner][\/vc_row_inner][\/vc_column][\/vc_row][vc_row disable_background_image=&#8221;&#8221; css=&#8221;.vc_custom_1570546487736{background-image: url(https:\/\/grandprix.qodeinteractive.com\/wp-content\/uploads\/2019\/09\/h3-bck-img-4.png?id=1591) !important;background-position: center !important;background-repeat: no-repeat !important;background-size: cover !important;}&#8221; simple_background_color=&#8221;#000000&#8243;][vc_column css=&#8221;.vc_custom_1716473324590{margin-top: -100px !important;margin-bottom: -150px !important;padding-top: 0px !important;}&#8221;][vc_row_inner row_content_width=&#8221;grid&#8221;][vc_column_inner]<div class=\"mkdf-elements-holder   mkdf-three-columns  mkdf-responsive-mode-1024 \" ><div class=\"mkdf-eh-item    \"  data-item-class=\"mkdf-eh-custom-4620\" data-1025-1399=\"154px 15px 6px 0px\" data-769-1024=\"154px 0px 0px 8px\" data-681-768=\"154px 0px 0px 8px\" data-680=\"154px 0px 0px 8px\">\n\t<div class=\"mkdf-eh-item-inner\">\n\t\t<div class=\"mkdf-eh-item-content mkdf-eh-custom-4620\" style=\"padding: 154px 15px 6px 0px\">\n\t\t\t<div class=\"mkdf-iwt clearfix  mkdf-iwt-icon-left mkdf-iwt-icon-medium mkdf-has-appear-animation\">\n\t\t\t\t\t\t<div class=\"mkdf-iwt-icon\">\n\t\t\t\t\t\t\t\t\t\t\t\t\t\t\t\t\t\t\t\t\n\t\t\t\t\t\t\t\t<\/div>\n\t\t\t<div class=\"mkdf-iwt-content\" style=\"padding-left: 25px\">\n\t\t\t\t\t\t\t\t<h4 class=\"mkdf-iwt-title\" style=\"color: #ffffff\">\n\t\t\t\t\t<span class=\"mkdf-iwt-title-text\">Incentivo de vendas<\/span>\n\t\t\t<\/h4>\n\t\t\t\t\t\t\t\t\t<p class=\"mkdf-iwt-text\" style=\"color: #b2b2b2;margin-top: 12px\">Acreditamos que motivar e apoiar nossa rede de revendedores pode gerar numerosos benef\u00edcios para o sucesso empresarial. Portanto, estamos comprometidos em oferecer incentivos de vendas significativos, promovendo um relacionamento colaborativo duradouro e lucrativo e garantindo o alcance dos objetivos estabelecidos.<\/p>\n\t\t\t\t\t<\/div>\n\t\t\t<\/div>\n[vc_empty_space height=&#8221;60px&#8221;]\t\t<\/div>\n\t<\/div>\n<\/div><div class=\"mkdf-eh-item    \"  data-item-class=\"mkdf-eh-custom-9129\" data-1400-1600=\"154px 15px 6px 5px\" data-1025-1399=\"154px15px 6px 5px\" data-769-1024=\"0px\" data-681-768=\"0px\" data-680=\"0px\">\n\t<div class=\"mkdf-eh-item-inner\">\n\t\t<div class=\"mkdf-eh-item-content mkdf-eh-custom-9129\" style=\"padding: 154px 15px 6px 6px\">\n\t\t\t<div class=\"mkdf-iwt clearfix  mkdf-iwt-icon-left mkdf-iwt-icon-medium mkdf-has-appear-animation\">\n\t\t\t\t\t\t<div class=\"mkdf-iwt-icon\">\n\t\t\t\t\t\t\t\t\t\t\t\t\t\t\t\t\t\t\t\t\n\t\t\t\t\t\t\t\t<\/div>\n\t\t\t<div class=\"mkdf-iwt-content\" >\n\t\t\t\t\t\t\t\t<h4 class=\"mkdf-iwt-title\" style=\"color: #ffffff\">\n\t\t\t\t\t<span class=\"mkdf-iwt-title-text\">MARGENS DE VENDA VANTAJOSAS<\/span>\n\t\t\t<\/h4>\n\t\t\t\t\t\t\t\t\t<p class=\"mkdf-iwt-text\" style=\"color: #b2b2b2;margin-top: 12px\">As margens de venda s\u00e3o um indicador chave a considerar ao avaliar uma parceria com uma marca. Portanto, garantimos aos nossos revendedores uma margem de lucro significativa na venda de produtos, oferecendo uma oportunidade lucrativa para ambas as partes.<\/p>\n\t\t\t\t\t<\/div>\n\t\t\t<\/div>\n[vc_empty_space height=&#8221;60px&#8221;]\t\t<\/div>\n\t<\/div>\n<\/div><div class=\"mkdf-eh-item    \"  data-item-class=\"mkdf-eh-custom-4079\" data-1400-1600=\"154px 0px 6px 18px\" data-1025-1399=\"154px 0px 6px 18px\" data-769-1024=\"0px\" data-681-768=\"0px\" data-680=\"0px\">\n\t<div class=\"mkdf-eh-item-inner\">\n\t\t<div class=\"mkdf-eh-item-content mkdf-eh-custom-4079\" style=\"padding: 154px 0px 6px 19px\">\n\t\t\t<div class=\"mkdf-iwt clearfix  mkdf-iwt-icon-left mkdf-iwt-icon-medium mkdf-has-appear-animation\">\n\t\t\t\t\t\t<div class=\"mkdf-iwt-icon\">\n\t\t\t\t\t\t\t\t\t\t\t\t\t\t\t\t\t\t\t\t\n\t\t\t\t\t\t\t\t<\/div>\n\t\t\t<div class=\"mkdf-iwt-content\" >\n\t\t\t\t\t\t\t\t<h4 class=\"mkdf-iwt-title\" style=\"color: #ffffff\">\n\t\t\t\t\t<span class=\"mkdf-iwt-title-text\">CONFIABILIDADE DOS PRODUTOS<\/span>\n\t\t\t<\/h4>\n\t\t\t\t\t\t\t\t\t<p class=\"mkdf-iwt-text\" style=\"color: #b2b2b2;margin-top: 12px\">A marca Ofmer \u00e9 sin\u00f4nimo de qualidade, efici\u00eancia e fabrica\u00e7\u00e3o italiana. Tornar-se um revendedor autorizado garante ao revendedor uma imagem de profissionalismo e compet\u00eancia, confirmando seu compromisso em fornecer apenas o melhor do mercado.<\/p>\n\t\t\t\t\t<\/div>\n\t\t\t<\/div>\n[vc_empty_space height=&#8221;60px&#8221;]\t\t<\/div>\n\t<\/div>\n<\/div><\/div>[\/vc_column_inner][\/vc_row_inner][vc_row_inner row_content_width=&#8221;grid&#8221; css=&#8221;.vc_custom_1719500127915{margin-top: -30px !important;margin-bottom: 30px !important;}&#8221;][vc_column_inner]<div class=\"mkdf-elements-holder   mkdf-three-columns  mkdf-responsive-mode-1024 \" ><div class=\"mkdf-eh-item    \"  data-item-class=\"mkdf-eh-custom-5543\" data-1025-1399=\"154px 15px 6px 0px\" data-769-1024=\"154px 0px 0px 8px\" data-681-768=\"154px 0px 0px 8px\" data-680=\"154px 0px 0px 8px\">\n\t<div class=\"mkdf-eh-item-inner\">\n\t\t<div class=\"mkdf-eh-item-content mkdf-eh-custom-5543\" style=\"padding: 154px 15px 6px 0px\">\n\t\t\t<div class=\"mkdf-iwt clearfix  mkdf-iwt-icon-left mkdf-iwt-icon-medium mkdf-has-appear-animation\">\n\t\t\t\t\t\t<div class=\"mkdf-iwt-icon\">\n\t\t\t\t\t\t\t\t\t\t\t\t\t\t\t\t\t\t\t\t\n\t\t\t\t\t\t\t\t<\/div>\n\t\t\t<div class=\"mkdf-iwt-content\" >\n\t\t\t\t\t\t\t\t<h4 class=\"mkdf-iwt-title\" style=\"color: #ffffff\">\n\t\t\t\t\t<span class=\"mkdf-iwt-title-text\">ACESSO A PROMO\u00c7\u00d5ES EXCLUSIVAS<\/span>\n\t\t\t<\/h4>\n\t\t\t\t\t\t\t\t\t<p class=\"mkdf-iwt-text\" style=\"color: #b2b2b2;margin-top: 12px\">Periodicamente, realizamos promo\u00e7\u00f5es que oferecem numerosos benef\u00edcios para o revendedor e para o cliente final. Essas promo\u00e7\u00f5es podem incluir: descontos em m\u00e1quinas, brindes de marca, produtos personalizados e muito mais.<\/p>\n\t\t\t\t\t<\/div>\n\t\t\t<\/div>\n[vc_empty_space height=&#8221;60px&#8221;]\t\t<\/div>\n\t<\/div>\n<\/div><div class=\"mkdf-eh-item    \"  data-item-class=\"mkdf-eh-custom-4477\" data-1400-1600=\"154px 15px 6px 5px\" data-1025-1399=\"154px15px 6px 5px\" data-769-1024=\"0px\" data-681-768=\"0px\" data-680=\"0px\">\n\t<div class=\"mkdf-eh-item-inner\">\n\t\t<div class=\"mkdf-eh-item-content mkdf-eh-custom-4477\" style=\"padding: 154px 15px 6px 6px\">\n\t\t\t<div class=\"mkdf-iwt clearfix  mkdf-iwt-icon-left mkdf-iwt-icon-medium mkdf-has-appear-animation\">\n\t\t\t\t\t\t<div class=\"mkdf-iwt-icon\">\n\t\t\t\t\t\t\t\t\t\t\t\t\t\t\t\t\t\t\t\t\n\t\t\t\t\t\t\t\t<\/div>\n\t\t\t<div class=\"mkdf-iwt-content\" >\n\t\t\t\t\t\t\t\t<h4 class=\"mkdf-iwt-title\" style=\"color: #ffffff\">\n\t\t\t\t\t<span class=\"mkdf-iwt-title-text\">SUPORTE DE MARKETING CONSTANTE<\/span>\n\t\t\t<\/h4>\n\t\t\t\t\t\t\t\t\t<p class=\"mkdf-iwt-text\" style=\"color: #b2b2b2;margin-top: 12px\">M\u00e1ximo compromisso na promo\u00e7\u00e3o do neg\u00f3cio dos nossos revendedores, juntamente com atividades e promo\u00e7\u00f5es em andamento, atrav\u00e9s de campanhas digitais. Nos ativamos para definir estrat\u00e9gias direcionadas para alcan\u00e7ar os objetivos estabelecidos, utilizando ferramentas de inbound marketing e automa\u00e7\u00e3o de marketing e vendas.<\/p>\n\t\t\t\t\t<\/div>\n\t\t\t<\/div>\n[vc_empty_space height=&#8221;60px&#8221;]\t\t<\/div>\n\t<\/div>\n<\/div><div class=\"mkdf-eh-item    \"  data-item-class=\"mkdf-eh-custom-7668\" data-1400-1600=\"154px 0px 6px 18px\" data-1025-1399=\"154px 0px 6px 18px\" data-769-1024=\"0px\" data-681-768=\"0px\" data-680=\"0px\">\n\t<div class=\"mkdf-eh-item-inner\">\n\t\t<div class=\"mkdf-eh-item-content mkdf-eh-custom-7668\" style=\"padding: 154px 0px 6px 19px\">\n\t\t\t<div class=\"mkdf-iwt clearfix  mkdf-iwt-icon-left mkdf-iwt-icon-medium mkdf-has-appear-animation\">\n\t\t\t\t\t\t<div class=\"mkdf-iwt-icon\">\n\t\t\t\t\t\t\t\t\t\t\t\t\t\t\t\t\t\t\t\t\n\t\t\t\t\t\t\t\t<\/div>\n\t\t\t<div class=\"mkdf-iwt-content\" >\n\t\t\t\t\t\t\t\t\t<\/div>\n\t\t\t<\/div>\n[vc_empty_space height=&#8221;60px&#8221;]\t\t<\/div>\n\t<\/div>\n<\/div><\/div>[\/vc_column_inner][\/vc_row_inner][\/vc_column][\/vc_row][vc_row disable_background_image=&#8221;1024&#8243; enable_background_svg=&#8221;yes&#8221; animated_text_vertical_position=&#8221;middle&#8221; disable_animated_text=&#8221;&#8221; animated_text=&#8221;RS2K19&#8243; animated_text_color=&#8221;#282828&#8243; el_class=&#8221;mkdf-row-margin-top-2&#8243; css=&#8221;.vc_custom_1571749544245{padding-top: 0px !important;padding-bottom: 157px !important;}&#8221; simple_background_image=&#8221;2448&#8243; background_svg=&#8221;JTNDc3ZnJTIweG1sbnMlM0QlMjJodHRwJTNBJTJGJTJGd3d3LnczLm9yZyUyRjIwMDAlMkZzdmclMjIlMjB4bWxucyUzQXhsaW5rJTNEJTIyaHR0cCUzQSUyRiUyRnd3dy53My5vcmclMkYxOTk5JTJGeGxpbmslMjIlMjB4JTNEJTIyMHB4JTIyJTIweSUzRCUyMjBweCUyMiUyMHZpZXdCb3glM0QlMjIwJTIwMCUyMDE5MjAlMjAxMzk3JTIyJTIwZW5hYmxlLWJhY2tncm91bmQlM0QlMjJuZXclMjAwJTIwMCUyMDE5MjAlMjAxMzk3JTIyJTIweG1sJTNBc3BhY2UlM0QlMjJwcmVzZXJ2ZSUyMiUzRSUwQSUzQ3BhdGglMjBzdHlsZSUzRCUyMmZpbGwlM0Fub25lJTNCc3Ryb2tlJTNBY3VycmVudENvbG9yJTNCc3Ryb2tlLW1pdGVybGltaXQlM0ExMCUyMiUyMGQlM0QlMjJNMCUyQzc3OC41N2M1OC4zNS0zLjYzJTJDMTE2LjY0LTIyLjMzJTJDMTczLjQ2LTU1LjY4YzQ0LjI1LTI1Ljk3JTJDODUuMjYtNTkuNDclMkMxMTguNi05Ni44OCUwQSUwOWM2Ny43Mi03NS45OSUyQzExOC45Ny0xNzYuNjklMkMxNTYuNjgtMzA3Ljg2YzguNy0zMC4wMiUyQzE4LjQ2LTYxLjYyJTJDMzMuNDctODkuMWMxNy42NC0zMi4yOCUyQzM5LjMyLTUyLjgzJTJDNjYuMy02Mi44JTBBJTA5YzI0LjU0LTkuMDclMkM0OS44NS04LjElMkM3Ny4zOSUyQzIuOTdjMjMuNTMlMkM5LjQ2JTJDNDUuMDklMkMyNC44NiUyQzY0Ljg4JTJDNDAuMWMxNS43MiUyQzEyLjElMkMzMS45JTJDMjQuNDklMkM0Ny41NCUyQzM2LjQ2JTBBJTA5YzQ4Ljk0JTJDMzcuNDclMkM5OS41NSUyQzc2LjIyJTJDMTUxLjcxJTJDMTE4LjA2YzczLjM0JTJDNTguOTIlMkMxNDkuNjElMkMxMjUuOTMlMkMyMjYuNjglMkMxOTkuMTdjNTguMDglMkM1NS4zOSUyQzEyMy45MSUyQzExOC4xOCUyQzIwNi45NyUyQzEzMC4zOSUwQSUwOWMyMi42NyUyQzMuMjclMkM0Ni44NSUyQzIuNTklMkM3MS44Ny0yLjAyYzM5LjgxLTcuMzMlMkM4Mi42Ni0yNC45NiUyQzEyNy4zOC01Mi4zOWM2MC4wNS0zNi44NCUyQzExMy45Ni04Mi45OSUyQzE2Ni4wOS0xMjcuNjIlMEElMDljNTkuMzgtNTAuODMlMkMxMjAuNzctMTAzLjM5JTJDMTkyLjE3LTE0My4yM2MxMy4yMS03LjM3JTJDMjYuMDMtMTMuOTclMkMzOC44LTE5Ljk2JTIyJTJGJTNFJTBBJTNDJTJGc3ZnJTNF&#8221;][vc_column css=&#8221;.vc_custom_1568725768119{padding-top: 0px !important;}&#8221;][vc_row_inner row_content_width=&#8221;grid&#8221; css=&#8221;.vc_custom_1719584509441{margin-top: 40px !important;}&#8221;][vc_column_inner offset=&#8221;vc_col-lg-12&#8243;][vc_empty_space height=&#8221;40px&#8221;]<div class=\"mkdf-elements-holder   mkdf-two-columns  mkdf-responsive-mode-768 \" ><div class=\"mkdf-eh-item    \"  data-item-class=\"mkdf-eh-custom-5727\" data-1400-1600=\"0px 15px 0px 0px\" data-1025-1399=\"0px 15px 0px 0px\" data-769-1024=\"0px 15px 0px 0px\" data-681-768=\"0px 15px 0px 0px\" data-680=\"0px 15px 0px 0px\">\n\t<div class=\"mkdf-eh-item-inner\">\n\t\t<div class=\"mkdf-eh-item-content mkdf-eh-custom-5727\" style=\"padding: 0px 15px 0px 0px\">\n\t\t\t[vc_gmaps link=&#8221;#E-8_aHR0cHMlM0ElMkYlMkZ3d3cuZ29vZ2xlLmNvbSUyRm1hcHMlM0ZsbCUzRDQ1LjU5MzA3NSUyQzkuNTEyMzg2JTI2eiUzRDE1JTI2dCUzRG0lMjZobCUzRGl0LUlUJTI2Z2wlM0RVUyUyNm1hcGNsaWVudCUzRGVtYmVkJTI2Y2lkJTNENzQ5MTQ0NTcwOTIzMjM4NTI3OQ==&#8221; size=&#8221;800px&#8221;][vc_empty_space height=&#8221;70&#8243;]\t\t<\/div>\n\t<\/div>\n<\/div><div class=\"mkdf-eh-item    \"  data-item-class=\"mkdf-eh-custom-3483\" data-1400-1600=\"0px 0px 0px 10px\" data-1025-1399=\"0px 0px 0px 10px\" data-769-1024=\"0px 0px 0px 10px\" data-681-768=\"0px 0px 0px 10px\" data-680=\"0px 0px 0px 10px\">\n\t<div class=\"mkdf-eh-item-inner\">\n\t\t<div class=\"mkdf-eh-item-content mkdf-eh-custom-3483\" style=\"padding: 0px 0px 0px 10px\">\n\t\t\t\n<div class=\"wpcf7 no-js\" id=\"wpcf7-f6797-o1\" lang=\"en-US\" dir=\"ltr\" data-wpcf7-id=\"6797\">\n<div class=\"screen-reader-response\"><p role=\"status\" aria-live=\"polite\" aria-atomic=\"true\"><\/p> <ul><\/ul><\/div>\n<form action=\"\/pt-pt\/wp-json\/wp\/v2\/pages\/7152#wpcf7-f6797-o1\" method=\"post\" class=\"wpcf7-form init\" aria-label=\"Contact form\" novalidate=\"novalidate\" data-status=\"init\">\n<fieldset class=\"hidden-fields-container\"><input type=\"hidden\" name=\"_wpcf7\" value=\"6797\" \/><input type=\"hidden\" name=\"_wpcf7_version\" value=\"6.1.5\" \/><input type=\"hidden\" name=\"_wpcf7_locale\" value=\"en_US\" \/><input type=\"hidden\" name=\"_wpcf7_unit_tag\" value=\"wpcf7-f6797-o1\" \/><input type=\"hidden\" name=\"_wpcf7_container_post\" value=\"0\" \/><input type=\"hidden\" name=\"_wpcf7_posted_data_hash\" value=\"\" \/><input type=\"hidden\" name=\"_wpcf7_recaptcha_response\" value=\"\" \/>\n<\/fieldset>\n<div class=\"mkdf-cf7-custom-style\">\n\t<p><label>NOME COMPLETO:<\/label><br \/>\n<span class=\"wpcf7-form-control-wrap\" data-name=\"your-name\"><input size=\"40\" maxlength=\"400\" class=\"wpcf7-form-control wpcf7-text wpcf7-validates-as-required\" aria-required=\"true\" aria-invalid=\"false\" value=\"\" type=\"text\" name=\"your-name\" \/><\/span>\n\t<\/p>\n\t<p><label>EMPRESA:<\/label><br \/>\n<span class=\"wpcf7-form-control-wrap\" data-name=\"your-company\"><input size=\"40\" maxlength=\"400\" class=\"wpcf7-form-control wpcf7-text wpcf7-validates-as-required\" aria-required=\"true\" aria-invalid=\"false\" value=\"\" type=\"text\" name=\"your-company\" \/><\/span>\n\t<\/p>\n\t<p><label>ENDERE\u00c7O\/PA\u00cdS:<\/label><br \/>\n<span class=\"wpcf7-form-control-wrap\" data-name=\"your-address\"><input size=\"40\" maxlength=\"400\" class=\"wpcf7-form-control wpcf7-text wpcf7-validates-as-required\" aria-required=\"true\" aria-invalid=\"false\" value=\"\" type=\"text\" name=\"your-address\" \/><\/span>\n\t<\/p>\n\t<p><label>SETOR DE ATIVIDADE:<\/label><br \/>\n<span class=\"wpcf7-form-control-wrap\" data-name=\"your-sector\"><input size=\"40\" maxlength=\"400\" class=\"wpcf7-form-control wpcf7-text wpcf7-validates-as-required\" aria-required=\"true\" aria-invalid=\"false\" value=\"\" type=\"text\" name=\"your-sector\" \/><\/span>\n\t<\/p>\n\t<p><label>EMAIL:<\/label><br \/>\n<span class=\"wpcf7-form-control-wrap\" data-name=\"your-email\"><input size=\"40\" maxlength=\"400\" class=\"wpcf7-form-control wpcf7-email wpcf7-validates-as-required wpcf7-text wpcf7-validates-as-email\" aria-required=\"true\" aria-invalid=\"false\" value=\"\" type=\"email\" name=\"your-email\" \/><\/span>\n\t<\/p>\n\t<p><label>TELEFONE:<\/label><br \/>\n<span class=\"wpcf7-form-control-wrap\" data-name=\"your-phone\"><input size=\"40\" maxlength=\"400\" class=\"wpcf7-form-control wpcf7-tel wpcf7-validates-as-required wpcf7-text wpcf7-validates-as-tel\" aria-required=\"true\" aria-invalid=\"false\" value=\"\" type=\"tel\" name=\"your-phone\" \/><\/span>\n\t<\/p>\n\t<p><label>CONTATO PARA:<\/label><br \/>\n<span class=\"wpcf7-form-control-wrap\" data-name=\"your-contact-need\"><span class=\"wpcf7-form-control wpcf7-checkbox wpcf7-validates-as-required\"><span class=\"wpcf7-list-item first\"><label><input type=\"checkbox\" name=\"your-contact-need[]\" value=\"RECEBER UM OR\u00c7AMENTO\" \/><span class=\"wpcf7-list-item-label\">RECEBER UM OR\u00c7AMENTO<\/span><\/label><\/span><span class=\"wpcf7-list-item last\"><label><input type=\"checkbox\" name=\"your-contact-need[]\" value=\"RECEBER DOCUMENTA\u00c7\u00c3O\" \/><span class=\"wpcf7-list-item-label\">RECEBER DOCUMENTA\u00c7\u00c3O<\/span><\/label><\/span><\/span><\/span>\n\t<\/p>\n\t<p><label>MENSAGEM:<\/label><br \/>\n<span class=\"wpcf7-form-control-wrap\" data-name=\"your-message\"><textarea cols=\"40\" rows=\"5\" maxlength=\"2000\" class=\"wpcf7-form-control wpcf7-textarea\" aria-invalid=\"false\" name=\"your-message\"><\/textarea><\/span>\n\t<\/p>\n\t<p><button class=\"wpcf7-form-control wpcf7-submit mkdf-btn mkdf-btn-medium mkdf-btn-solid\" type=\"submit\"><span class=\"mkdf-btn-text\">Enviar Mensagem<\/span><\/button>\n\t<\/p>\n<\/div><p style=\"display: none !important;\" class=\"akismet-fields-container\" data-prefix=\"_wpcf7_ak_\"><label>&#916;<textarea name=\"_wpcf7_ak_hp_textarea\" cols=\"45\" rows=\"8\" maxlength=\"100\"><\/textarea><\/label><input type=\"hidden\" id=\"ak_js_1\" name=\"_wpcf7_ak_js\" value=\"158\"\/><script>document.getElementById( \"ak_js_1\" ).setAttribute( \"value\", ( new Date() ).getTime() );<\/script><\/p><div class=\"wpcf7-response-output\" aria-hidden=\"true\"><\/div>\n<\/form>\n<\/div>\n[vc_empty_space height=&#8221;70&#8243;]\t\t<\/div>\n\t<\/div>\n<\/div><\/div>[\/vc_column_inner][\/vc_row_inner][\/vc_column][\/vc_row]<\/p>\n<\/section>","protected":false},"excerpt":{"rendered":"<p>[vc_row disable_background_image=&#8221;1024&#8243; enable_background_svg=&#8221;yes&#8221; animated_text_position=&#8221;right&#8221; disable_animated_text=&#8221;&#8221; animated_text=&#8221;racing&#8221; animated_text_color=&#8221;#101010&#8243; simple_background_color=&#8221;#000000&#8243; el_class=&#8221;mkdf-row-margin-top&#8221; css=&#8221;.vc_custom_1714982762415{padding-top: 100px !important;padding-bottom: 100px !important;}&#8221;][vc_column css=&#8221;.vc_custom_1716473304214{margin-bottom: -100px !important;padding-top: 0px !important;padding-bottom: 0px !important;}&#8221;][vc_row_inner row_content_width=&#8221;grid&#8221;][vc_column_inner css=&#8221;.vc_custom_1567499344778{padding-top: 0px !important;padding-bottom: 0px !important;}&#8221;][\/vc_column_inner][\/vc_row_inner][\/vc_column][\/vc_row][vc_row disable_background_image=&#8221;&#8221; css=&#8221;.vc_custom_1570546487736{background-image: url(https:\/\/grandprix.qodeinteractive.com\/wp-content\/uploads\/2019\/09\/h3-bck-img-4.png?id=1591) !important;background-position: center !important;background-repeat: no-repeat !important;background-size: cover !important;}&#8221; simple_background_color=&#8221;#000000&#8243;][vc_column css=&#8221;.vc_custom_1716473324590{margin-top: -100px !important;margin-bottom: -150px !important;padding-top: 0px !important;}&#8221;][vc_row_inner row_content_width=&#8221;grid&#8221;][vc_column_inner][\/vc_column_inner][\/vc_row_inner][vc_row_inner row_content_width=&#8221;grid&#8221; css=&#8221;.vc_custom_1719500127915{margin-top: -30px !important;margin-bottom: 30px [&hellip;]<\/p>\n","protected":false},"author":4,"featured_media":0,"parent":0,"menu_order":0,"comment_status":"closed","ping_status":"closed","template":"full-width.php","meta":{"om_disable_all_campaigns":false,"_monsterinsights_skip_tracking":false,"_monsterinsights_sitenote_active":false,"_monsterinsights_sitenote_note":"","_monsterinsights_sitenote_category":0,"_uf_show_specific_survey":0,"_uf_disable_surveys":false,"footnotes":""},"class_list":["post-7152","page","type-page","status-publish","hentry"],"aioseo_notices":[],"_links":{"self":[{"href":"https:\/\/www.ofmer.com\/pt-pt\/wp-json\/wp\/v2\/pages\/7152","targetHints":{"allow":["GET"]}}],"collection":[{"href":"https:\/\/www.ofmer.com\/pt-pt\/wp-json\/wp\/v2\/pages"}],"about":[{"href":"https:\/\/www.ofmer.com\/pt-pt\/wp-json\/wp\/v2\/types\/page"}],"author":[{"embeddable":true,"href":"https:\/\/www.ofmer.com\/pt-pt\/wp-json\/wp\/v2\/users\/4"}],"replies":[{"embeddable":true,"href":"https:\/\/www.ofmer.com\/pt-pt\/wp-json\/wp\/v2\/comments?post=7152"}],"version-history":[{"count":3,"href":"https:\/\/www.ofmer.com\/pt-pt\/wp-json\/wp\/v2\/pages\/7152\/revisions"}],"predecessor-version":[{"id":7306,"href":"https:\/\/www.ofmer.com\/pt-pt\/wp-json\/wp\/v2\/pages\/7152\/revisions\/7306"}],"wp:attachment":[{"href":"https:\/\/www.ofmer.com\/pt-pt\/wp-json\/wp\/v2\/media?parent=7152"}],"curies":[{"name":"wp","href":"https:\/\/api.w.org\/{rel}","templated":true}]}}