{"id":7172,"date":"2024-05-06T21:16:51","date_gmt":"2024-05-06T19:16:51","guid":{"rendered":"https:\/\/www.ofmer.com\/assistenza-e-after-sales\/"},"modified":"2024-07-25T10:32:35","modified_gmt":"2024-07-25T08:32:35","slug":"pos-venda-e-suporte-tecnico","status":"publish","type":"page","link":"https:\/\/www.ofmer.com\/pt-pt\/pos-venda-e-suporte-tecnico\/","title":{"rendered":"P\u00f3s-Venda e Suporte T\u00e9cnico"},"content":{"rendered":"<section class=\"wpb-content-wrapper\"><p>[vc_row disable_background_image=&#8221;1024&#8243; enable_background_svg=&#8221;yes&#8221; animated_text_position=&#8221;right&#8221; disable_animated_text=&#8221;&#8221; animated_text=&#8221;racing&#8221; animated_text_color=&#8221;#101010&#8243; simple_background_color=&#8221;#000000&#8243; el_class=&#8221;mkdf-row-margin-top&#8221; css=&#8221;.vc_custom_1714982762415{padding-top: 100px !important;padding-bottom: 100px !important;}&#8221;][vc_column css=&#8221;.vc_custom_1568717806229{padding-top: 0px !important;padding-bottom: 0px !important;}&#8221;][vc_row_inner row_content_width=&#8221;grid&#8221;][vc_column_inner css=&#8221;.vc_custom_1567499344778{padding-top: 0px !important;padding-bottom: 0px !important;}&#8221;]<div class=\"mkdf-elements-holder   mkdf-one-column  mkdf-responsive-mode-768 \" ><div class=\"mkdf-eh-item   mkdf-horizontal-alignment-center \"  data-item-class=\"mkdf-eh-custom-1787\">\n\t<div class=\"mkdf-eh-item-inner\">\n\t\t<div class=\"mkdf-eh-item-content mkdf-eh-custom-1787\" >\n\t\t\t[vc_column_text]<\/p>\n<h4><span style=\"color: #ffffff;\"><strong>Contar com uma assist\u00eancia s\u00f3lida e um servi\u00e7o p\u00f3s-venda eficaz \u00e9 essencial. <\/strong><\/span><\/h4>\n<h4><span style=\"color: #ffffff;\"><strong>Na Ofmer, compreendemos a import\u00e2ncia de garantir a m\u00e1xima operatividade de nossas m\u00e1quinas mesmo ap\u00f3s a compra. Nosso compromisso com os clientes n\u00e3o termina com a venda, mas continua com suporte p\u00f3s-venda confi\u00e1vel e assist\u00eancia cont\u00ednua.<\/strong><\/span><\/h4>\n<p>[\/vc_column_text][vc_empty_space height=&#8221;100px&#8221;]\t\t<\/div>\n\t<\/div>\n<\/div><\/div>[\/vc_column_inner][\/vc_row_inner][vc_row_inner row_content_width=&#8221;grid&#8221;][vc_column_inner css=&#8221;.vc_custom_1567499344778{padding-top: 0px !important;padding-bottom: 0px !important;}&#8221;]<div class=\"mkdf-elements-holder   mkdf-one-column  mkdf-responsive-mode-768 \" ><div class=\"mkdf-eh-item   mkdf-horizontal-alignment-center \"  data-item-class=\"mkdf-eh-custom-8192\">\n\t<div class=\"mkdf-eh-item-inner\">\n\t\t<div class=\"mkdf-eh-item-content mkdf-eh-custom-8192\" >\n\t\t\t<div class=\"mkdf-section-title-holder    mkdf-has-appear-animation\" style=\"text-align: center\">\n\t<div class=\"mkdf-st-inner\">\n\t\t\t\t\t\t<h3 class=\"mkdf-st-title\" style=\"color: #ffffff\">\n\t\t\t\t\t\t\t\t\tSubstitui\u00e7\u00e3o R\u00e1pida de Pe\u00e7as\t\t\t\t\t\t\t<\/h3>\n\t\t\t\t\t\t\t<\/div>\n<\/div>[vc_column_text]Caso seja necess\u00e1rio substituir um componente, estamos prontos para intervir rapidamente. A Ofmer est\u00e1 presente em mais de 90 pa\u00edses, onde voc\u00ea pode comprar comodamente qualquer pe\u00e7a de reposi\u00e7\u00e3o necess\u00e1ria. Os clientes podem contar com uma assist\u00eancia confi\u00e1vel e um suporte p\u00f3s-venda completo para garantir a continuidade operacional e a m\u00e1xima efici\u00eancia no local de trabalho.[\/vc_column_text][vc_empty_space height=&#8221;100px&#8221;]\t\t<\/div>\n\t<\/div>\n<\/div><\/div>[\/vc_column_inner][\/vc_row_inner][vc_row_inner row_content_width=&#8221;grid&#8221;][vc_column_inner css=&#8221;.vc_custom_1567499344778{padding-top: 0px !important;padding-bottom: 0px !important;}&#8221;]<div class=\"mkdf-elements-holder   mkdf-one-column  mkdf-responsive-mode-768 \" ><div class=\"mkdf-eh-item   mkdf-horizontal-alignment-center \"  data-item-class=\"mkdf-eh-custom-6523\">\n\t<div class=\"mkdf-eh-item-inner\">\n\t\t<div class=\"mkdf-eh-item-content mkdf-eh-custom-6523\" >\n\t\t\t<div class=\"mkdf-section-title-holder    mkdf-has-appear-animation\" style=\"text-align: center\">\n\t<div class=\"mkdf-st-inner\">\n\t\t\t\t\t\t<h3 class=\"mkdf-st-title\" style=\"color: #ffffff\">\n\t\t\t\t\t\t\t\t\tAssist\u00eancia T\u00e9cnica Multil\u00edngue\t\t\t\t\t\t\t<\/h3>\n\t\t\t\t\t\t\t<\/div>\n<\/div>[vc_column_text]Para qualquer necessidade, nossa equipe t\u00e9cnica especializada est\u00e1 dispon\u00edvel para fornecer assist\u00eancia telef\u00f4nica multil\u00edngue, responder a perguntas e resolver quaisquer problemas de forma r\u00e1pida e eficiente.[\/vc_column_text]\t\t<\/div>\n\t<\/div>\n<\/div><\/div>[\/vc_column_inner][\/vc_row_inner][\/vc_column][\/vc_row][vc_row disable_background_image=&#8221;&#8221;][vc_column]<div class=\"mkdf-elements-holder   mkdf-one-column  mkdf-responsive-mode-768 \" ><div class=\"mkdf-eh-item   mkdf-horizontal-alignment-center \"  data-item-class=\"mkdf-eh-custom-8688\">\n\t<div class=\"mkdf-eh-item-inner\">\n\t\t<div class=\"mkdf-eh-item-content mkdf-eh-custom-8688\" >\n\t\t\t<a itemprop=\"url\" href=\"mailto:customerservice@ofmer.it\" target=\"_self\"  class=\"mkdf-btn mkdf-btn-medium mkdf-btn-predefined\"  >\n            <span class=\"mkdf-btn-predefined-line-holder\">\n            <span class=\"mkdf-btn-line-hidden\"><\/span>\n            <span class=\"mkdf-btn-text\">Contacte-nos agora<\/span>\n\t        <span class=\"mkdf-btn-line\"><\/span>\n            <i class=\"mkdf-btn-predefined-icon mkdf-icon-ion-icon ion-ios-play \"><\/i>\n        <\/span>\n    <\/a>[vc_empty_space]\t\t<\/div>\n\t<\/div>\n<\/div><\/div>[\/vc_column][\/vc_row]<\/p>\n<\/section>","protected":false},"excerpt":{"rendered":"<p>[vc_row disable_background_image=&#8221;1024&#8243; enable_background_svg=&#8221;yes&#8221; animated_text_position=&#8221;right&#8221; disable_animated_text=&#8221;&#8221; animated_text=&#8221;racing&#8221; animated_text_color=&#8221;#101010&#8243; simple_background_color=&#8221;#000000&#8243; el_class=&#8221;mkdf-row-margin-top&#8221; css=&#8221;.vc_custom_1714982762415{padding-top: 100px !important;padding-bottom: 100px !important;}&#8221;][vc_column css=&#8221;.vc_custom_1568717806229{padding-top: 0px !important;padding-bottom: 0px !important;}&#8221;][vc_row_inner row_content_width=&#8221;grid&#8221;][vc_column_inner css=&#8221;.vc_custom_1567499344778{padding-top: 0px !important;padding-bottom: 0px !important;}&#8221;][\/vc_column_inner][\/vc_row_inner][vc_row_inner row_content_width=&#8221;grid&#8221;][vc_column_inner css=&#8221;.vc_custom_1567499344778{padding-top: 0px !important;padding-bottom: 0px !important;}&#8221;][\/vc_column_inner][\/vc_row_inner][vc_row_inner row_content_width=&#8221;grid&#8221;][vc_column_inner css=&#8221;.vc_custom_1567499344778{padding-top: 0px !important;padding-bottom: 0px !important;}&#8221;][\/vc_column_inner][\/vc_row_inner][\/vc_column][\/vc_row][vc_row disable_background_image=&#8221;&#8221;][vc_column][\/vc_column][\/vc_row]<\/p>\n","protected":false},"author":4,"featured_media":0,"parent":0,"menu_order":0,"comment_status":"closed","ping_status":"closed","template":"full-width.php","meta":{"om_disable_all_campaigns":false,"_monsterinsights_skip_tracking":false,"_monsterinsights_sitenote_active":false,"_monsterinsights_sitenote_note":"","_monsterinsights_sitenote_category":0,"_uf_show_specific_survey":0,"_uf_disable_surveys":false,"footnotes":""},"class_list":["post-7172","page","type-page","status-publish","hentry"],"aioseo_notices":[],"_links":{"self":[{"href":"https:\/\/www.ofmer.com\/pt-pt\/wp-json\/wp\/v2\/pages\/7172","targetHints":{"allow":["GET"]}}],"collection":[{"href":"https:\/\/www.ofmer.com\/pt-pt\/wp-json\/wp\/v2\/pages"}],"about":[{"href":"https:\/\/www.ofmer.com\/pt-pt\/wp-json\/wp\/v2\/types\/page"}],"author":[{"embeddable":true,"href":"https:\/\/www.ofmer.com\/pt-pt\/wp-json\/wp\/v2\/users\/4"}],"replies":[{"embeddable":true,"href":"https:\/\/www.ofmer.com\/pt-pt\/wp-json\/wp\/v2\/comments?post=7172"}],"version-history":[{"count":5,"href":"https:\/\/www.ofmer.com\/pt-pt\/wp-json\/wp\/v2\/pages\/7172\/revisions"}],"predecessor-version":[{"id":7650,"href":"https:\/\/www.ofmer.com\/pt-pt\/wp-json\/wp\/v2\/pages\/7172\/revisions\/7650"}],"wp:attachment":[{"href":"https:\/\/www.ofmer.com\/pt-pt\/wp-json\/wp\/v2\/media?parent=7172"}],"curies":[{"name":"wp","href":"https:\/\/api.w.org\/{rel}","templated":true}]}}