{"id":7202,"date":"2024-05-06T21:22:00","date_gmt":"2024-05-06T19:22:00","guid":{"rendered":"https:\/\/www.ofmer.com\/manuale-d-uso\/"},"modified":"2024-07-18T18:01:13","modified_gmt":"2024-07-18T16:01:13","slug":"manual-de-utilizador","status":"publish","type":"page","link":"https:\/\/www.ofmer.com\/pt-pt\/manual-de-utilizador\/","title":{"rendered":"MANUAL"},"content":{"rendered":"<section class=\"wpb-content-wrapper\"><p>[vc_row disable_background_image=&#8221;1024&#8243; enable_background_svg=&#8221;yes&#8221; animated_text_position=&#8221;right&#8221; disable_animated_text=&#8221;&#8221; animated_text=&#8221;racing&#8221; animated_text_color=&#8221;#101010&#8243; simple_background_color=&#8221;#000000&#8243; el_class=&#8221;mkdf-row-margin-top&#8221; css=&#8221;.vc_custom_1714982762415{padding-top: 100px !important;padding-bottom: 100px !important;}&#8221;][vc_column css=&#8221;.vc_custom_1568717806229{padding-top: 0px !important;padding-bottom: 0px !important;}&#8221;][vc_row_inner row_content_width=&#8221;grid&#8221;][vc_column_inner css=&#8221;.vc_custom_1567499344778{padding-top: 0px !important;padding-bottom: 0px !important;}&#8221;]<div class=\"mkdf-elements-holder   mkdf-one-column  mkdf-responsive-mode-768 \" ><div class=\"mkdf-eh-item   mkdf-horizontal-alignment-center \"  data-item-class=\"mkdf-eh-custom-6006\">\n\t<div class=\"mkdf-eh-item-inner\">\n\t\t<div class=\"mkdf-eh-item-content mkdf-eh-custom-6006\" >\n\t\t\t[vc_column_text]<\/p>\n<h4 style=\"text-align: center;\"><span style=\"color: #ffffff;\">TODAS AS NOSSAS M\u00c1QUINAS V\u00caM COM SEU PR\u00d3PRIO MANUAL DE USO DISPON\u00cdVEL EM V\u00c1RIOS IDIOMAS.<\/span><\/h4>\n<p>[\/vc_column_text][vc_empty_space][vc_column_text]<span style=\"color: #ffffff;\"><a style=\"color: #ffffff;\" href=\"https:\/\/www.ofmer.com\/wp-content\/uploads\/2024\/05\/Istruz.-calandra-CAL35-Evo_GB-KSA-con-Motoriduttore_unico-CE-EXTRA-CE_2020.pdf\" target=\"_blank\" rel=\"noopener\">CAL35 INGL\u00caS &#8211; KSA<\/a><\/span><\/p>\n<p><span style=\"color: #ffffff;\"><a style=\"color: #ffffff;\" href=\"https:\/\/www.ofmer.com\/wp-content\/uploads\/2024\/05\/Istruz.-calandra-CAL35-Evo_IT-GB-con-Motoriduttore_unico-CE-EXTRA-CE_2020.pdf\" target=\"_blank\" rel=\"noopener\">CAL35 ITALIANO &#8211; INGL\u00caS<\/a><\/span><\/p>\n<p><span style=\"color: #ffffff;\"><a style=\"color: #ffffff;\" href=\"https:\/\/www.ofmer.com\/wp-content\/uploads\/2024\/05\/Istruz.-calandra-CAL35-Evo_IT-PT-con-Motoriduttore_unico-CE-EXTRA-CE_2020.pdf\" target=\"_blank\" rel=\"noopener\">CAL35 ITALIANO &#8211; PORTUGU\u00caS<\/a><\/span><\/p>\n<p><span style=\"color: #ffffff;\"><a style=\"color: #ffffff;\" href=\"https:\/\/www.ofmer.com\/wp-content\/uploads\/2024\/05\/Istruz.-Cesoia-C34-C38-C44-C54-C56-C74-CE_MULTILINGUE-290820_rev.-2020.pdf\" target=\"_blank\" rel=\"noopener\">CORTADEIRA CE &#8211; MULTILINGUAL<\/a><\/span><\/p>\n<p><span style=\"color: #ffffff;\"><a style=\"color: #ffffff;\" href=\"https:\/\/www.ofmer.com\/wp-content\/uploads\/2024\/05\/Istruz.-Cesoia-C34-C38-C44-C54-C56-C74-EXTRA-CE_MULTILINGUE-290800_rev.-2020.pdf\" target=\"_blank\" rel=\"noopener\">CORTADEIRA EXTRA &#8211; CE &#8211; MULTILINGUAL<\/a><\/span><\/p>\n<p><span style=\"color: #ffffff;\"><a style=\"color: #ffffff;\" href=\"https:\/\/www.ofmer.com\/wp-content\/uploads\/2024\/05\/Istruz.-Piega-Combi-Evo-CE-freno-disco_MULTILINGUE-199561-rvsd.pdf\" target=\"_blank\" rel=\"noopener\">COMBINADA CE &#8211; MULTILINGUAL<\/a><\/span><\/p>\n<p><span style=\"color: #ffffff;\"><a style=\"color: #ffffff;\" href=\"https:\/\/www.ofmer.com\/wp-content\/uploads\/2024\/05\/Istruz.-Piega-Combi-Evo-EXTRA-CE-freno-disco_MULTILINGUE-290800_rev.-2020.pdf\" target=\"_blank\" rel=\"noopener\">COMBINADA EXTRA &#8211; CE &#8211; MULTILINGUAL<\/a><\/span><\/p>\n<p><span style=\"color: #ffffff;\"><a style=\"color: #ffffff;\" href=\"https:\/\/www.ofmer.com\/wp-content\/uploads\/2024\/05\/Istruz.-P74-Evo-CE_GB.pdf\" target=\"_blank\" rel=\"noopener\">DOBRADEIRA P74 CE &#8211; INGL\u00caS<\/a><\/span><\/p>\n<p><span style=\"color: #ffffff;\"><a style=\"color: #ffffff;\" href=\"https:\/\/www.ofmer.com\/wp-content\/uploads\/2024\/05\/Istruz.-P74-Evo-CE_I.pdf\" target=\"_blank\" rel=\"noopener\">DOBRADEIRA P74 CE &#8211; ITALIANO<\/a><\/span><\/p>\n<p><span style=\"color: #ffffff;\"><a style=\"color: #ffffff;\" href=\"https:\/\/www.ofmer.com\/wp-content\/uploads\/2024\/05\/Istruz.-P74-Evo-CE_FR-corretto.pdf\" target=\"_blank\" rel=\"noopener\">DOBRADEIRA P74 CE &#8211; FRANC\u00caS<\/a><\/span><\/p>\n<p><span style=\"color: #ffffff;\"><a style=\"color: #ffffff;\" href=\"https:\/\/www.ofmer.com\/wp-content\/uploads\/2024\/05\/Istruz.-P74-Evo-CE_PT.pdf\" target=\"_blank\" rel=\"noopener\">DOBRADEIRA P74 CE &#8211; PORTUGU\u00caS<\/a><\/span><\/p>\n<p><span style=\"color: #ffffff;\"><a style=\"color: #ffffff;\" href=\"https:\/\/www.ofmer.com\/wp-content\/uploads\/2024\/05\/Istruz.-P74-Evo-CE_ES.pdf\" target=\"_blank\" rel=\"noopener\">DOBRADEIRA P74 CE &#8211; ESPANHOL<\/a><\/span><\/p>\n<p><span style=\"color: #ffffff;\"><a style=\"color: #ffffff;\" href=\"https:\/\/www.ofmer.com\/wp-content\/uploads\/2024\/05\/Istruz.-P74-Evo-EXTRA-CE_GB-anonimo.pdf\" target=\"_blank\" rel=\"noopener\">DOBRADEIRA P74 EXTRA &#8211; CE &#8211; INGL\u00caS<\/a><\/span><\/p>\n<p><span style=\"color: #ffffff;\"><a style=\"color: #ffffff;\" href=\"https:\/\/www.ofmer.com\/wp-content\/uploads\/2024\/05\/Istruz.-ST16-EVO-GB_unico-CE-EXTRA-CE_2020.pdf\" target=\"_blank\" rel=\"noopener\">ESTRIBEIRADORA ST16 &#8211; INGL\u00caS<\/a><\/span><\/p>\n<p><span style=\"color: #ffffff;\"><a style=\"color: #ffffff;\" href=\"https:\/\/www.ofmer.com\/wp-content\/uploads\/2024\/05\/Istruz.-ST16-EVO-IT_unico-CE-EXTRA-CE_2020.pdf\" target=\"_blank\" rel=\"noopener\">ESTRIBEIRADORA ST16 &#8211; ITALIANO<\/a><\/span><\/p>\n<p><span style=\"color: #ffffff;\"><a style=\"color: #ffffff;\" href=\"https:\/\/www.ofmer.com\/wp-content\/uploads\/2024\/05\/Istruz.-ST16-EVO-FR_unico-CE-EXTRA-CE_2020.pdf\" target=\"_blank\" rel=\"noopener\">ESTRIBEIRADORA ST16 &#8211; FRANC\u00caS<\/a><\/span><\/p>\n<p><span style=\"color: #ffffff;\"><a style=\"color: #ffffff;\" href=\"https:\/\/www.ofmer.com\/wp-content\/uploads\/2024\/05\/Istruz.-ST16-EVO-KSA_unico-CE-EXTRA-CE_2020-OK-anche-x-Saber.pdf\" target=\"_blank\" rel=\"noopener\">ESTRIBEIRADORA ST16 &#8211; KSA<\/a><\/span><\/p>\n<p><span style=\"color: #ffffff;\"><a style=\"color: #ffffff;\" href=\"https:\/\/www.ofmer.com\/wp-content\/uploads\/2024\/05\/Istruz.-ST16-EVO-PT_unico-CE-EXTRA-CE_2020.pdf\" target=\"_blank\" rel=\"noopener\">ESTRIBEIRADORA ST16 &#8211; PORTUGU\u00caS<\/a><\/span><\/p>\n<p><span style=\"color: #ffffff;\"><a style=\"color: #ffffff;\" href=\"https:\/\/www.ofmer.com\/wp-content\/uploads\/2024\/05\/Istruz.-ST16-EVO-ES_unico-CE-EXTRA-CE_2020.pdf\" target=\"_blank\" rel=\"noopener\">ESTRIBEIRADORA ST16 &#8211; ESPANHOL<\/a><\/span>[\/vc_column_text]\t\t<\/div>\n\t<\/div>\n<\/div><\/div>[\/vc_column_inner][\/vc_row_inner][\/vc_column][\/vc_row]<\/p>\n<\/section>","protected":false},"excerpt":{"rendered":"<p>[vc_row disable_background_image=&#8221;1024&#8243; enable_background_svg=&#8221;yes&#8221; animated_text_position=&#8221;right&#8221; disable_animated_text=&#8221;&#8221; animated_text=&#8221;racing&#8221; animated_text_color=&#8221;#101010&#8243; simple_background_color=&#8221;#000000&#8243; el_class=&#8221;mkdf-row-margin-top&#8221; css=&#8221;.vc_custom_1714982762415{padding-top: 100px !important;padding-bottom: 100px !important;}&#8221;][vc_column css=&#8221;.vc_custom_1568717806229{padding-top: 0px !important;padding-bottom: 0px !important;}&#8221;][vc_row_inner row_content_width=&#8221;grid&#8221;][vc_column_inner css=&#8221;.vc_custom_1567499344778{padding-top: 0px !important;padding-bottom: 0px !important;}&#8221;][\/vc_column_inner][\/vc_row_inner][\/vc_column][\/vc_row]<\/p>\n","protected":false},"author":4,"featured_media":0,"parent":0,"menu_order":0,"comment_status":"closed","ping_status":"closed","template":"full-width.php","meta":{"om_disable_all_campaigns":false,"_monsterinsights_skip_tracking":false,"_monsterinsights_sitenote_active":false,"_monsterinsights_sitenote_note":"","_monsterinsights_sitenote_category":0,"_uf_show_specific_survey":0,"_uf_disable_surveys":false,"footnotes":""},"class_list":["post-7202","page","type-page","status-publish","hentry"],"aioseo_notices":[],"_links":{"self":[{"href":"https:\/\/www.ofmer.com\/pt-pt\/wp-json\/wp\/v2\/pages\/7202","targetHints":{"allow":["GET"]}}],"collection":[{"href":"https:\/\/www.ofmer.com\/pt-pt\/wp-json\/wp\/v2\/pages"}],"about":[{"href":"https:\/\/www.ofmer.com\/pt-pt\/wp-json\/wp\/v2\/types\/page"}],"author":[{"embeddable":true,"href":"https:\/\/www.ofmer.com\/pt-pt\/wp-json\/wp\/v2\/users\/4"}],"replies":[{"embeddable":true,"href":"https:\/\/www.ofmer.com\/pt-pt\/wp-json\/wp\/v2\/comments?post=7202"}],"version-history":[{"count":4,"href":"https:\/\/www.ofmer.com\/pt-pt\/wp-json\/wp\/v2\/pages\/7202\/revisions"}],"predecessor-version":[{"id":7318,"href":"https:\/\/www.ofmer.com\/pt-pt\/wp-json\/wp\/v2\/pages\/7202\/revisions\/7318"}],"wp:attachment":[{"href":"https:\/\/www.ofmer.com\/pt-pt\/wp-json\/wp\/v2\/media?parent=7202"}],"curies":[{"name":"wp","href":"https:\/\/api.w.org\/{rel}","templated":true}]}}